{"id":8502,"date":"2025-10-13T06:33:39","date_gmt":"2025-10-13T06:33:39","guid":{"rendered":"https:\/\/ledrhythm.com\/?post_type=product&#038;p=8502"},"modified":"2026-03-23T07:12:06","modified_gmt":"2026-03-23T07:12:06","slug":"industrial-tunnel-led-flood-light","status":"publish","type":"product","link":"https:\/\/ledrhythm.com\/pt\/product\/industrial-tunnel-led-flood-light","title":{"rendered":"Holofote LED para T\u00fanel Industrial Profissional"},"content":{"rendered":"","protected":false},"excerpt":{"rendered":"<p>O holofote LED foi especialmente concebido para v\u00e1rios t\u00faneis. IP66, evita a humidade e o p\u00f3, o corpo do aparelho \u00e9 constru\u00eddo em alum\u00ednio extrudido altamente condutor de calor, garantindo uma dissipa\u00e7\u00e3o de calor eficiente e um desempenho est\u00e1vel. Oferece tr\u00eas \u00e2ngulos de feixe e lentes opcionais de PC e vidro. A \u00f3tica de estrada assim\u00e9trica \u00e9 utilizada para controlar com precis\u00e3o a dire\u00e7\u00e3o da proje\u00e7\u00e3o da luz, reduzindo eficazmente o encandeamento e melhorando o conforto visual e a seguran\u00e7a. \u00c9 adequado para <a href=\"https:\/\/ledrhythm.com\/pt\/led-tunnel-lights\/\" target=\"_blank\" rel=\"noopener\">ilumina\u00e7\u00e3o de t\u00faneis<\/a> de v\u00e1rias dimens\u00f5es, incluindo metropolitano, rodovi\u00e1rio e industrial, satisfazendo uma vasta gama de necessidades, desde a moderniza\u00e7\u00e3o para poupan\u00e7a de energia a novas instala\u00e7\u00f5es.<\/p>\n<h4>Carater\u00edsticas do produto<\/h4>\n<ul>\n<li>Pot\u00eancia: 25W, 40W, 50W, 70W, 100W, 150W<\/li>\n<li>\u00c2ngulo do feixe: TYPE\u2162, TYPE\u2163, Assim\u00e9trico 50\u00b0<\/li>\n<li>IP66 e prote\u00e7\u00e3o contra picos de tens\u00e3o de 10KV<\/li>\n<li>Tecnologia de regula\u00e7\u00e3o de 0-10V<\/li>\n<\/ul>","protected":false},"featured_media":8503,"template":"","meta":{"_acf_changed":false,"_kadence_starter_templates_imported_post":false,"_kad_post_transparent":"default","_kad_post_title":"","_kad_post_layout":"default","_kad_post_sidebar_id":"","_kad_post_content_style":"default","_kad_post_vertical_padding":"default","_kad_post_feature":"","_kad_post_feature_position":"","_kad_post_header":false,"_kad_post_footer":false},"product_brand":[],"product_cat":[42],"product_tag":[],"class_list":{"0":"post-8502","1":"product","2":"type-product","3":"status-publish","4":"has-post-thumbnail","6":"product_cat-flood-lighting","8":"first","9":"instock","10":"shipping-taxable","11":"product-type-simple","12":"entry","13":"content-bg","14":"loop-entry"},"acf":[],"_links":{"self":[{"href":"https:\/\/ledrhythm.com\/pt\/wp-json\/wp\/v2\/product\/8502","targetHints":{"allow":["GET"]}}],"collection":[{"href":"https:\/\/ledrhythm.com\/pt\/wp-json\/wp\/v2\/product"}],"about":[{"href":"https:\/\/ledrhythm.com\/pt\/wp-json\/wp\/v2\/types\/product"}],"wp:featuredmedia":[{"embeddable":true,"href":"https:\/\/ledrhythm.com\/pt\/wp-json\/wp\/v2\/media\/8503"}],"wp:attachment":[{"href":"https:\/\/ledrhythm.com\/pt\/wp-json\/wp\/v2\/media?parent=8502"}],"wp:term":[{"taxonomy":"product_brand","embeddable":true,"href":"https:\/\/ledrhythm.com\/pt\/wp-json\/wp\/v2\/product_brand?post=8502"},{"taxonomy":"product_cat","embeddable":true,"href":"https:\/\/ledrhythm.com\/pt\/wp-json\/wp\/v2\/product_cat?post=8502"},{"taxonomy":"product_tag","embeddable":true,"href":"https:\/\/ledrhythm.com\/pt\/wp-json\/wp\/v2\/product_tag?post=8502"}],"curies":[{"name":"wp","href":"https:\/\/api.w.org\/{rel}","templated":true}]}}