{"id":8486,"date":"2025-10-13T02:26:15","date_gmt":"2025-10-13T02:26:15","guid":{"rendered":"https:\/\/ledrhythm.com\/?post_type=product&#038;p=8486"},"modified":"2026-03-23T07:13:30","modified_gmt":"2026-03-23T07:13:30","slug":"led-module-flood-light-for-high-mast-lighting","status":"publish","type":"product","link":"https:\/\/ledrhythm.com\/pt\/product\/led-module-flood-light-for-high-mast-lighting","title":{"rendered":"Holofote LED industrial para ilumina\u00e7\u00e3o de mastro alto"},"content":{"rendered":"","protected":false},"excerpt":{"rendered":"<p>Como um dos nossos excelentes holofotes LED industriais modulares, \u00e9 geralmente montado em p\u00f3lo alto ou edif\u00edcio alto. Oferecemos dois designs diferentes e op\u00e7\u00f5es de driver, e ambos apresentam estrutura resistente e excelente dissipa\u00e7\u00e3o de calor. Suporta oito \u00e2ngulos de feixe e ajuste flex\u00edvel do suporte, garantindo uma distribui\u00e7\u00e3o precisa da luz e uma cobertura uniforme. Concebida para funcionar de forma fi\u00e1vel em condi\u00e7\u00f5es exteriores adversas, \u00e0 prova de \u00e1gua, de corros\u00e3o e de impacto. \u00c9 amplamente utilizado em <a href=\"https:\/\/ledrhythm.com\/pt\/port-lighting\/\" target=\"_blank\" rel=\"noopener\">ilumina\u00e7\u00e3o dos portos<\/a>, campos desportivos e <a href=\"https:\/\/ledrhythm.com\/pt\/led-public-lighting\/\" target=\"_blank\" rel=\"noopener\">ilumina\u00e7\u00e3o p\u00fablica<\/a>.<\/p>\n<h4>Carater\u00edsticas do produto<\/h4>\n<ul>\n<li>120W, 240W, 360W, 480W<\/li>\n<li>Oito \u00e2ngulos de feixe sim\u00e9tricos e assim\u00e9tricos opcionais<\/li>\n<li>\u00cdndice de prote\u00e7\u00e3o IP66 e IK10<\/li>\n<li>Ampla gama de tens\u00e3o de entrada<\/li>\n<li>0-10V regul\u00e1vel<\/li>\n<\/ul>","protected":false},"featured_media":8487,"template":"","meta":{"_acf_changed":false,"_kadence_starter_templates_imported_post":false,"_kad_post_transparent":"default","_kad_post_title":"","_kad_post_layout":"default","_kad_post_sidebar_id":"","_kad_post_content_style":"default","_kad_post_vertical_padding":"default","_kad_post_feature":"","_kad_post_feature_position":"","_kad_post_header":false,"_kad_post_footer":false},"product_brand":[],"product_cat":[42],"product_tag":[],"class_list":{"0":"post-8486","1":"product","2":"type-product","3":"status-publish","4":"has-post-thumbnail","6":"product_cat-flood-lighting","8":"first","9":"instock","10":"shipping-taxable","11":"product-type-simple","12":"entry","13":"content-bg","14":"loop-entry"},"acf":[],"_links":{"self":[{"href":"https:\/\/ledrhythm.com\/pt\/wp-json\/wp\/v2\/product\/8486","targetHints":{"allow":["GET"]}}],"collection":[{"href":"https:\/\/ledrhythm.com\/pt\/wp-json\/wp\/v2\/product"}],"about":[{"href":"https:\/\/ledrhythm.com\/pt\/wp-json\/wp\/v2\/types\/product"}],"wp:featuredmedia":[{"embeddable":true,"href":"https:\/\/ledrhythm.com\/pt\/wp-json\/wp\/v2\/media\/8487"}],"wp:attachment":[{"href":"https:\/\/ledrhythm.com\/pt\/wp-json\/wp\/v2\/media?parent=8486"}],"wp:term":[{"taxonomy":"product_brand","embeddable":true,"href":"https:\/\/ledrhythm.com\/pt\/wp-json\/wp\/v2\/product_brand?post=8486"},{"taxonomy":"product_cat","embeddable":true,"href":"https:\/\/ledrhythm.com\/pt\/wp-json\/wp\/v2\/product_cat?post=8486"},{"taxonomy":"product_tag","embeddable":true,"href":"https:\/\/ledrhythm.com\/pt\/wp-json\/wp\/v2\/product_tag?post=8486"}],"curies":[{"name":"wp","href":"https:\/\/api.w.org\/{rel}","templated":true}]}}