{"id":8455,"date":"2025-10-11T02:07:29","date_gmt":"2025-10-11T02:07:29","guid":{"rendered":"https:\/\/ledrhythm.com\/?post_type=product&#038;p=8455"},"modified":"2025-11-24T01:15:04","modified_gmt":"2025-11-24T01:15:04","slug":"190lmw-ufo-led-high-bay-light","status":"publish","type":"product","link":"https:\/\/ledrhythm.com\/pt\/product\/190lmw-ufo-led-high-bay-light","title":{"rendered":"Luz de Ba\u00eda Alta LED UFO 190lm\/W"},"content":{"rendered":"","protected":false},"excerpt":{"rendered":"<p>A luz LED de alto brilho UFO de alta efici\u00eancia poupa custos operacionais significativos em <a href=\"https:\/\/ledrhythm.com\/pt\/led-industrial-lighting\/\" target=\"_blank\" rel=\"noopener\">ilumina\u00e7\u00e3o industrial<\/a> aplica\u00e7\u00f5es como armaz\u00e9ns e f\u00e1bricas. Com uma efic\u00e1cia luminosa de 190 lm\/W, poupam 30%-40% energia do que outras luzes LED de cais alto com a mesma luminosidade. Isto significa que s\u00e3o necess\u00e1rios menos equipamentos, custos de funcionamento mais baixos e menor produ\u00e7\u00e3o de calor, aumentando assim a vida \u00fatil global.<\/p>\n<p>A caixa de alum\u00ednio fundido proporciona uma excelente dissipa\u00e7\u00e3o de calor e uma sele\u00e7\u00e3o de chips e controladores LED de v\u00e1rias marcas de renome, mantendo uma sa\u00edda est\u00e1vel mesmo durante o funcionamento cont\u00ednuo. As lentes de PC oferecem tr\u00eas \u00e2ngulos de feixe, com cobertura flex\u00edvel para atender a diferentes necessidades. \u00c9 uma excelente escolha para ilumina\u00e7\u00e3o de cais alto que combina alto desempenho com baixo custo.<\/p>\n<h4>Carater\u00edsticas do produto<\/h4>\n<ul>\n<li>60W, 100W, 150W, 200W<\/li>\n<li>Elevada efici\u00eancia luminosa 190lm\/W<\/li>\n<li>N\u00edvel de prote\u00e7\u00e3o IP65 e IK08<\/li>\n<li>\u00c2ngulo de feixe 60\u00b0, 90\u00b0, 120\u00b0<\/li>\n<li>Tecnologia de regula\u00e7\u00e3o de 0-10V<\/li>\n<\/ul>","protected":false},"featured_media":8458,"template":"","meta":{"_acf_changed":false,"_kadence_starter_templates_imported_post":false,"_kad_post_transparent":"default","_kad_post_title":"","_kad_post_layout":"default","_kad_post_sidebar_id":"","_kad_post_content_style":"default","_kad_post_vertical_padding":"default","_kad_post_feature":"","_kad_post_feature_position":"","_kad_post_header":false,"_kad_post_footer":false},"product_brand":[],"product_cat":[41],"product_tag":[],"class_list":{"0":"post-8455","1":"product","2":"type-product","3":"status-publish","4":"has-post-thumbnail","6":"product_cat-high-bay-lighting","8":"first","9":"instock","10":"shipping-taxable","11":"product-type-simple","12":"entry","13":"content-bg","14":"loop-entry"},"acf":[],"_links":{"self":[{"href":"https:\/\/ledrhythm.com\/pt\/wp-json\/wp\/v2\/product\/8455","targetHints":{"allow":["GET"]}}],"collection":[{"href":"https:\/\/ledrhythm.com\/pt\/wp-json\/wp\/v2\/product"}],"about":[{"href":"https:\/\/ledrhythm.com\/pt\/wp-json\/wp\/v2\/types\/product"}],"wp:featuredmedia":[{"embeddable":true,"href":"https:\/\/ledrhythm.com\/pt\/wp-json\/wp\/v2\/media\/8458"}],"wp:attachment":[{"href":"https:\/\/ledrhythm.com\/pt\/wp-json\/wp\/v2\/media?parent=8455"}],"wp:term":[{"taxonomy":"product_brand","embeddable":true,"href":"https:\/\/ledrhythm.com\/pt\/wp-json\/wp\/v2\/product_brand?post=8455"},{"taxonomy":"product_cat","embeddable":true,"href":"https:\/\/ledrhythm.com\/pt\/wp-json\/wp\/v2\/product_cat?post=8455"},{"taxonomy":"product_tag","embeddable":true,"href":"https:\/\/ledrhythm.com\/pt\/wp-json\/wp\/v2\/product_tag?post=8455"}],"curies":[{"name":"wp","href":"https:\/\/api.w.org\/{rel}","templated":true}]}}