{"id":7225,"date":"2025-09-08T08:59:51","date_gmt":"2025-09-08T08:59:51","guid":{"rendered":"https:\/\/ledrhythm.com\/?post_type=product&#038;p=7225"},"modified":"2025-11-24T01:08:12","modified_gmt":"2025-11-24T01:08:12","slug":"2-4ft-linear-high-bay-led-light-for-stadium","status":"publish","type":"product","link":"https:\/\/ledrhythm.com\/pt\/product\/2-4ft-linear-high-bay-led-light-for-stadium","title":{"rendered":"Luz LED de compartimento alto linear de 2\/4 p\u00e9s para ilumina\u00e7\u00e3o desportiva interior"},"content":{"rendered":"","protected":false},"excerpt":{"rendered":"<p>Esta luz LED linear de alto brilho est\u00e1 dispon\u00edvel em comprimentos de 2 p\u00e9s e 4 p\u00e9s, com caixa constru\u00edda em chapa met\u00e1lica de alta resist\u00eancia. Possui duas superf\u00edcies lineares de emiss\u00e3o de luz, os \u00e2ngulos de feixe s\u00e3o selecion\u00e1veis a 90\u00b0 e 120\u00b0, proporcionando uma \u00e1rea de cobertura mais ampla, 20% aumenta \"<a href=\"https:\/\/ledrhythm.com\/pt\/product\/4ft-linear-led-high-bay-lights-indoor-industrial\/\" target=\"_blank\" rel=\"noopener\">Oceano II<\/a>\". O abajur \u00e9 difusor em material PC, resiste ao envelhecimento e \u00e0 deforma\u00e7\u00e3o e proporciona uma luz mais suave. Todos os modelos destinam-se a resolver problemas de ilumina\u00e7\u00e3o irregular e encandeamento. Com um \u00edndice de restitui\u00e7\u00e3o de cor de 90 ou superior, foi especificamente concebido para ilumina\u00e7\u00e3o de recintos desportivos interiores, como badminton, t\u00e9nis e basquetebol.<\/p>\n<h4>Carater\u00edsticas do produto<\/h4>\n<ul>\n<li>80W,100W,120W,150W,200W,240W<\/li>\n<li>Duas superf\u00edcies luminosas lineares<\/li>\n<li>Uniformidade da retroilumina\u00e7\u00e3o &gt;80%<\/li>\n<li>Difusor em material PC de alta qualidade<\/li>\n<li><a href=\"https:\/\/ledrhythm.com\/pt\/news\/how-does-0-10v-dimming-work.html\/\" target=\"_blank\" rel=\"noopener\">0-10V regul\u00e1vel<\/a><\/li>\n<\/ul>","protected":false},"featured_media":7227,"template":"","meta":{"_acf_changed":false,"_kadence_starter_templates_imported_post":false,"_kad_post_transparent":"default","_kad_post_title":"","_kad_post_layout":"default","_kad_post_sidebar_id":"","_kad_post_content_style":"default","_kad_post_vertical_padding":"default","_kad_post_feature":"","_kad_post_feature_position":"","_kad_post_header":false,"_kad_post_footer":false},"product_brand":[],"product_cat":[131,41],"product_tag":[],"class_list":{"0":"post-7225","1":"product","2":"type-product","3":"status-publish","4":"has-post-thumbnail","6":"product_cat-linear-lighting","7":"product_cat-high-bay-lighting","9":"first","10":"instock","11":"shipping-taxable","12":"product-type-simple","13":"entry","14":"content-bg","15":"loop-entry"},"acf":[],"_links":{"self":[{"href":"https:\/\/ledrhythm.com\/pt\/wp-json\/wp\/v2\/product\/7225","targetHints":{"allow":["GET"]}}],"collection":[{"href":"https:\/\/ledrhythm.com\/pt\/wp-json\/wp\/v2\/product"}],"about":[{"href":"https:\/\/ledrhythm.com\/pt\/wp-json\/wp\/v2\/types\/product"}],"wp:featuredmedia":[{"embeddable":true,"href":"https:\/\/ledrhythm.com\/pt\/wp-json\/wp\/v2\/media\/7227"}],"wp:attachment":[{"href":"https:\/\/ledrhythm.com\/pt\/wp-json\/wp\/v2\/media?parent=7225"}],"wp:term":[{"taxonomy":"product_brand","embeddable":true,"href":"https:\/\/ledrhythm.com\/pt\/wp-json\/wp\/v2\/product_brand?post=7225"},{"taxonomy":"product_cat","embeddable":true,"href":"https:\/\/ledrhythm.com\/pt\/wp-json\/wp\/v2\/product_cat?post=7225"},{"taxonomy":"product_tag","embeddable":true,"href":"https:\/\/ledrhythm.com\/pt\/wp-json\/wp\/v2\/product_tag?post=7225"}],"curies":[{"name":"wp","href":"https:\/\/api.w.org\/{rel}","templated":true}]}}