{"id":7072,"date":"2025-09-01T03:14:36","date_gmt":"2025-09-01T03:14:36","guid":{"rendered":"https:\/\/ledrhythm.com\/?post_type=product&#038;p=7072"},"modified":"2026-01-30T02:20:58","modified_gmt":"2026-01-30T02:20:58","slug":"classic-outdoor-led-post-top-light-yard","status":"publish","type":"product","link":"https:\/\/ledrhythm.com\/pt\/product\/classic-outdoor-led-post-top-light-yard","title":{"rendered":"Luz de topo de poste LED cl\u00e1ssica"},"content":{"rendered":"","protected":false},"excerpt":{"rendered":"<p>\u201cA luz LED para poste \u201dCloud \u2161\u201d apresenta um design cl\u00e1ssico que n\u00e3o s\u00f3 proporciona uma ilumina\u00e7\u00e3o brilhante e segura, mas tamb\u00e9m tem um efeito decorativo, melhorando a est\u00e9tica da paisagem exterior, e suporta tanto a montagem no topo do poste como a montagem em poste \u00fanico com bra\u00e7o duplo. A lente de vidro controla com precis\u00e3o a dire\u00e7\u00e3o do feixe para baixo e garante uma distribui\u00e7\u00e3o uniforme da luz, reduzindo eficazmente o brilho. A caixa de alum\u00ednio e a prote\u00e7\u00e3o IP66 permitem lidar facilmente com v\u00e1rias condi\u00e7\u00f5es meteorol\u00f3gicas exteriores. S\u00e3o fornecidas op\u00e7\u00f5es de regula\u00e7\u00e3o da intensidade luminosa e m\u00faltiplas op\u00e7\u00f5es de controlo inteligente para melhorar a efici\u00eancia energ\u00e9tica e facilitar a gest\u00e3o. A CCT \u00e9 selecion\u00e1vel entre amarelo quente e branco.<\/p>\n<h4>Carater\u00edsticas do produto<\/h4>\n<ol>\n<li>20W,30W,40W,50W,60W,80W,100W<\/li>\n<li>Caixa totalmente em alum\u00ednio fundido sob press\u00e3o<\/li>\n<li>Apar\u00eancia cl\u00e1ssica<\/li>\n<li>Prote\u00e7\u00e3o contra picos de tens\u00e3o de 10KV, IP66<\/li>\n<li>Regula\u00e7\u00e3o da intensidade luminosa e controlo inteligente<\/li>\n<\/ol>","protected":false},"featured_media":7074,"template":"","meta":{"_acf_changed":false,"_kadence_starter_templates_imported_post":false,"_kad_post_transparent":"default","_kad_post_title":"","_kad_post_layout":"default","_kad_post_sidebar_id":"","_kad_post_content_style":"default","_kad_post_vertical_padding":"default","_kad_post_feature":"","_kad_post_feature_position":"","_kad_post_header":false,"_kad_post_footer":false},"product_brand":[],"product_cat":[44],"product_tag":[],"class_list":{"0":"post-7072","1":"product","2":"type-product","3":"status-publish","4":"has-post-thumbnail","6":"product_cat-led-post-top-lights","8":"first","9":"instock","10":"shipping-taxable","11":"product-type-simple","12":"entry","13":"content-bg","14":"loop-entry"},"acf":[],"_links":{"self":[{"href":"https:\/\/ledrhythm.com\/pt\/wp-json\/wp\/v2\/product\/7072","targetHints":{"allow":["GET"]}}],"collection":[{"href":"https:\/\/ledrhythm.com\/pt\/wp-json\/wp\/v2\/product"}],"about":[{"href":"https:\/\/ledrhythm.com\/pt\/wp-json\/wp\/v2\/types\/product"}],"wp:featuredmedia":[{"embeddable":true,"href":"https:\/\/ledrhythm.com\/pt\/wp-json\/wp\/v2\/media\/7074"}],"wp:attachment":[{"href":"https:\/\/ledrhythm.com\/pt\/wp-json\/wp\/v2\/media?parent=7072"}],"wp:term":[{"taxonomy":"product_brand","embeddable":true,"href":"https:\/\/ledrhythm.com\/pt\/wp-json\/wp\/v2\/product_brand?post=7072"},{"taxonomy":"product_cat","embeddable":true,"href":"https:\/\/ledrhythm.com\/pt\/wp-json\/wp\/v2\/product_cat?post=7072"},{"taxonomy":"product_tag","embeddable":true,"href":"https:\/\/ledrhythm.com\/pt\/wp-json\/wp\/v2\/product_tag?post=7072"}],"curies":[{"name":"wp","href":"https:\/\/api.w.org\/{rel}","templated":true}]}}