{"id":7031,"date":"2025-08-28T09:03:58","date_gmt":"2025-08-28T09:03:58","guid":{"rendered":"https:\/\/ledrhythm.com\/?post_type=product&#038;p=7031"},"modified":"2025-11-28T07:28:56","modified_gmt":"2025-11-28T07:28:56","slug":"super-bright-led-flood-light-stadiums-ports","status":"publish","type":"product","link":"https:\/\/ledrhythm.com\/pt\/product\/super-bright-led-flood-light-stadiums-ports","title":{"rendered":"Holofote LED super brilhante para est\u00e1dios e portos"},"content":{"rendered":"","protected":false},"excerpt":{"rendered":"<p>Holofotes LED de alta pot\u00eancia e alta emiss\u00e3o de l\u00famen, cada m\u00f3dulo \u00e9 de 300W e m\u00e1ximo de 1500W, fluxo luminoso superior a 22.5000 l\u00famenes. Est\u00e3o dispon\u00edveis seis \u00e2ngulos de feixe para se adaptarem a v\u00e1rias alturas e minimizarem a polui\u00e7\u00e3o luminosa e o encandeamento. O CRI at\u00e9 90+ foi concebido para criar uma experi\u00eancia visual suave, natural e realista. A sua estrutura de uma s\u00f3 pe\u00e7a tem uma excelente resist\u00eancia ao choque e foi testada contra vibra\u00e7\u00f5es 3G para garantir que n\u00e3o se solta quando instalada em postes altos. Com classifica\u00e7\u00e3o IP66 e regula\u00e7\u00e3o da intensidade luminosa de 0-10V, est\u00e1 dispon\u00edvel em duas op\u00e7\u00f5es de design diferentes, adequadas para grandes superf\u00edcies. <a href=\"https:\/\/ledrhythm.com\/pt\/led-stadium-arena-lights\/\" target=\"_blank\" rel=\"noopener\">est\u00e1dios<\/a>, <a href=\"https:\/\/ledrhythm.com\/pt\/port-lighting\/\" target=\"_blank\" rel=\"noopener\">ilumina\u00e7\u00e3o dos portos<\/a>e outros.<\/p>\n<h4>Carater\u00edsticas do produto<\/h4>\n<ul>\n<li>300W, 600W, 900W, 1200W, 1500W<\/li>\n<li>\u00c2ngulo do feixe: 10\u00b0\u300120\u00b0\u300140\u00b0\u300160\u00b0\u300190\u00b0\u3001Assim\u00e9trico 50\u00b0<\/li>\n<li>Efici\u00eancia luminosa 150lm\/W+<\/li>\n<li>Regula\u00e7\u00e3o da intensidade luminosa de 0-10V e controlo inteligente<\/li>\n<li>Design da caixa de alimenta\u00e7\u00e3o de liberta\u00e7\u00e3o r\u00e1pida<\/li>\n<\/ul>","protected":false},"featured_media":7035,"template":"","meta":{"_acf_changed":false,"_kadence_starter_templates_imported_post":false,"_kad_post_transparent":"default","_kad_post_title":"","_kad_post_layout":"default","_kad_post_sidebar_id":"","_kad_post_content_style":"default","_kad_post_vertical_padding":"default","_kad_post_feature":"","_kad_post_feature_position":"","_kad_post_header":false,"_kad_post_footer":false},"product_brand":[],"product_cat":[42],"product_tag":[],"class_list":{"0":"post-7031","1":"product","2":"type-product","3":"status-publish","4":"has-post-thumbnail","6":"product_cat-flood-lighting","8":"first","9":"instock","10":"shipping-taxable","11":"product-type-simple","12":"entry","13":"content-bg","14":"loop-entry"},"acf":[],"_links":{"self":[{"href":"https:\/\/ledrhythm.com\/pt\/wp-json\/wp\/v2\/product\/7031","targetHints":{"allow":["GET"]}}],"collection":[{"href":"https:\/\/ledrhythm.com\/pt\/wp-json\/wp\/v2\/product"}],"about":[{"href":"https:\/\/ledrhythm.com\/pt\/wp-json\/wp\/v2\/types\/product"}],"wp:featuredmedia":[{"embeddable":true,"href":"https:\/\/ledrhythm.com\/pt\/wp-json\/wp\/v2\/media\/7035"}],"wp:attachment":[{"href":"https:\/\/ledrhythm.com\/pt\/wp-json\/wp\/v2\/media?parent=7031"}],"wp:term":[{"taxonomy":"product_brand","embeddable":true,"href":"https:\/\/ledrhythm.com\/pt\/wp-json\/wp\/v2\/product_brand?post=7031"},{"taxonomy":"product_cat","embeddable":true,"href":"https:\/\/ledrhythm.com\/pt\/wp-json\/wp\/v2\/product_cat?post=7031"},{"taxonomy":"product_tag","embeddable":true,"href":"https:\/\/ledrhythm.com\/pt\/wp-json\/wp\/v2\/product_tag?post=7031"}],"curies":[{"name":"wp","href":"https:\/\/api.w.org\/{rel}","templated":true}]}}