{"id":6461,"date":"2025-08-08T07:53:03","date_gmt":"2025-08-08T07:53:03","guid":{"rendered":"https:\/\/ledrhythm.com\/?post_type=product&#038;p=6461"},"modified":"2025-12-03T08:31:35","modified_gmt":"2025-12-03T08:31:35","slug":"led-sports-court-smart-flood-light-lens-modular","status":"publish","type":"product","link":"https:\/\/ledrhythm.com\/pt\/product\/led-sports-court-smart-flood-light-lens-modular","title":{"rendered":"Projetor LED desportivo modular com lente"},"content":{"rendered":"","protected":false},"excerpt":{"rendered":"<p>O \"Galileo\" \u00e9 um dos nossos melhores projectores LED. Cada m\u00f3dulo \u00e9 de 300W, suporta at\u00e9 tr\u00eas m\u00f3dulos de 900W e possui um dissipador de calor de alum\u00ednio de grande \u00e1rea na parte traseira para um arrefecimento independente. Est\u00e3o dispon\u00edveis dois m\u00e9todos de distribui\u00e7\u00e3o de luz: copo refletor e lente de precis\u00e3o. A lente oferece diferentes \u00e2ngulos de feixe e um excelente controlo do brilho. O seu design tem como objetivo proporcionar uma ilumina\u00e7\u00e3o do solo mais uniforme, uma experi\u00eancia visual mais suave e menos encandeamento. O suporte de montagem ajust\u00e1vel permite uma maior flexibilidade de instala\u00e7\u00e3o. Pode satisfazer a maioria das necessidades de interior ou exterior <a href=\"https:\/\/ledrhythm.com\/pt\/led-sports-lighting\/\" target=\"_blank\" rel=\"noopener\">ilumina\u00e7\u00e3o desportiva<\/a> normas.<\/p>\n<h4>Carater\u00edsticas do produto<\/h4>\n<ol>\n<li>300W, 600W, 900W<\/li>\n<li>\u00c2ngulo de feixe: 24\u00b0, 40\u00b0, 60\u00b0, assim\u00e9trico 50\u00b0<\/li>\n<li>IP66, todo o material em alum\u00ednio<\/li>\n<li>Distribui\u00e7\u00e3o precisa da luz e excelente controlo do encandeamento<\/li>\n<li>Suporta os modos de treino, competi\u00e7\u00e3o e limpeza<\/li>\n<li>Sistema de controlo inteligente, regula\u00e7\u00e3o da intensidade da luz por zonas<\/li>\n<\/ol>","protected":false},"featured_media":6455,"template":"","meta":{"_acf_changed":false,"_kadence_starter_templates_imported_post":false,"_kad_post_transparent":"default","_kad_post_title":"","_kad_post_layout":"default","_kad_post_sidebar_id":"","_kad_post_content_style":"default","_kad_post_vertical_padding":"default","_kad_post_feature":"","_kad_post_feature_position":"","_kad_post_header":false,"_kad_post_footer":false},"product_brand":[],"product_cat":[42],"product_tag":[],"class_list":{"0":"post-6461","1":"product","2":"type-product","3":"status-publish","4":"has-post-thumbnail","6":"product_cat-flood-lighting","8":"first","9":"instock","10":"shipping-taxable","11":"product-type-simple","12":"entry","13":"content-bg","14":"loop-entry"},"acf":[],"_links":{"self":[{"href":"https:\/\/ledrhythm.com\/pt\/wp-json\/wp\/v2\/product\/6461","targetHints":{"allow":["GET"]}}],"collection":[{"href":"https:\/\/ledrhythm.com\/pt\/wp-json\/wp\/v2\/product"}],"about":[{"href":"https:\/\/ledrhythm.com\/pt\/wp-json\/wp\/v2\/types\/product"}],"wp:featuredmedia":[{"embeddable":true,"href":"https:\/\/ledrhythm.com\/pt\/wp-json\/wp\/v2\/media\/6455"}],"wp:attachment":[{"href":"https:\/\/ledrhythm.com\/pt\/wp-json\/wp\/v2\/media?parent=6461"}],"wp:term":[{"taxonomy":"product_brand","embeddable":true,"href":"https:\/\/ledrhythm.com\/pt\/wp-json\/wp\/v2\/product_brand?post=6461"},{"taxonomy":"product_cat","embeddable":true,"href":"https:\/\/ledrhythm.com\/pt\/wp-json\/wp\/v2\/product_cat?post=6461"},{"taxonomy":"product_tag","embeddable":true,"href":"https:\/\/ledrhythm.com\/pt\/wp-json\/wp\/v2\/product_tag?post=6461"}],"curies":[{"name":"wp","href":"https:\/\/api.w.org\/{rel}","templated":true}]}}