{"id":5429,"date":"2025-06-17T01:46:23","date_gmt":"2025-06-17T01:46:23","guid":{"rendered":"https:\/\/ledrhythm.com\/?post_type=product&#038;p=5429"},"modified":"2025-11-17T01:02:39","modified_gmt":"2025-11-17T01:02:39","slug":"small-and-harsh-space-led-tri-proof-light","status":"publish","type":"product","link":"https:\/\/ledrhythm.com\/pt\/product\/small-and-harsh-space-led-tri-proof-light","title":{"rendered":"Luz tripla LED linear estanque ao vapor com tomada"},"content":{"rendered":"","protected":false},"excerpt":{"rendered":"<p>Esta luz LED tri-proof \u00e9 para utiliza\u00e7\u00e3o em espa\u00e7os estreitos. Combina carater\u00edsticas \u00e0 prova de \u00e1gua, poeira e corros\u00e3o, tem uma superf\u00edcie luminosa de 2 p\u00e9s e \u00e9 f\u00e1cil de instalar. Possui um abajur de PC robusto e dur\u00e1vel e uma tampa traseira de liga de alum\u00ednio de alta resist\u00eancia, oferecendo resist\u00eancia \u00e0 corros\u00e3o, prote\u00e7\u00e3o UV e resist\u00eancia ao impacto. O \u00e2ngulo de feixe de 120\u00b0 permite uma cobertura mais ampla. O corpo da luz tem uma tomada para 220V, permitindo a liga\u00e7\u00e3o simult\u00e2nea a outros dispositivos, aumentando a flexibilidade e a praticidade do trabalho.<\/p>\n<h4>Carater\u00edsticas do produto<\/h4>\n<ol>\n<li>Padr\u00e3o 18W, superf\u00edcie luminosa de 2 p\u00e9s<\/li>\n<li>IP65, \u00e0 prova de \u00e1gua, \u00e0 prova de poeira e resistente \u00e0 corros\u00e3o<\/li>\n<li>F\u00e1cil instala\u00e7\u00e3o, design integrado<\/li>\n<li>Tomada incorporada, fornece sa\u00edda de energia<\/li>\n<li>PC robusto e duradouro<\/li>\n<\/ol>","protected":false},"featured_media":6857,"template":"","meta":{"_acf_changed":false,"_kadence_starter_templates_imported_post":false,"_kad_post_transparent":"default","_kad_post_title":"","_kad_post_layout":"default","_kad_post_sidebar_id":"","_kad_post_content_style":"default","_kad_post_vertical_padding":"default","_kad_post_feature":"","_kad_post_feature_position":"","_kad_post_header":false,"_kad_post_footer":false},"product_brand":[],"product_cat":[20,132],"product_tag":[],"class_list":{"0":"post-5429","1":"product","2":"type-product","3":"status-publish","4":"has-post-thumbnail","6":"product_cat-wind-energy-lighting","7":"product_cat-tri-proof-lighting","9":"first","10":"instock","11":"shipping-taxable","12":"product-type-simple","13":"entry","14":"content-bg","15":"loop-entry"},"acf":[],"_links":{"self":[{"href":"https:\/\/ledrhythm.com\/pt\/wp-json\/wp\/v2\/product\/5429","targetHints":{"allow":["GET"]}}],"collection":[{"href":"https:\/\/ledrhythm.com\/pt\/wp-json\/wp\/v2\/product"}],"about":[{"href":"https:\/\/ledrhythm.com\/pt\/wp-json\/wp\/v2\/types\/product"}],"wp:featuredmedia":[{"embeddable":true,"href":"https:\/\/ledrhythm.com\/pt\/wp-json\/wp\/v2\/media\/6857"}],"wp:attachment":[{"href":"https:\/\/ledrhythm.com\/pt\/wp-json\/wp\/v2\/media?parent=5429"}],"wp:term":[{"taxonomy":"product_brand","embeddable":true,"href":"https:\/\/ledrhythm.com\/pt\/wp-json\/wp\/v2\/product_brand?post=5429"},{"taxonomy":"product_cat","embeddable":true,"href":"https:\/\/ledrhythm.com\/pt\/wp-json\/wp\/v2\/product_cat?post=5429"},{"taxonomy":"product_tag","embeddable":true,"href":"https:\/\/ledrhythm.com\/pt\/wp-json\/wp\/v2\/product_tag?post=5429"}],"curies":[{"name":"wp","href":"https:\/\/api.w.org\/{rel}","templated":true}]}}