{"id":5327,"date":"2025-06-10T08:17:53","date_gmt":"2025-06-10T08:17:53","guid":{"rendered":"https:\/\/ledrhythm.com\/?post_type=product&#038;p=5327"},"modified":"2025-11-17T00:59:09","modified_gmt":"2025-11-17T00:59:09","slug":"2ft-led-wet-location-light-fixtures","status":"publish","type":"product","link":"https:\/\/ledrhythm.com\/pt\/product\/2ft-led-wet-location-light-fixtures","title":{"rendered":"Lumin\u00e1ria LED para Local \u00damido Tri Proof de 2 p\u00e9s"},"content":{"rendered":"","protected":false},"excerpt":{"rendered":"<p>Esta \u00e9 uma pequena l\u00e2mpada LED \u00e0 prova de tripla luz concebida especificamente para a ilumina\u00e7\u00e3o interna de turbinas e\u00f3licas. Devido ao comprimento de apenas 2 p\u00e9s, tamb\u00e9m pode ser utilizada como ilumina\u00e7\u00e3o de pequenos espa\u00e7os em \u00e1reas h\u00famidas. A estrutura de material PC totalmente selada confere-lhe a classifica\u00e7\u00e3o IP65 de resist\u00eancia ao p\u00f3 e \u00e0 \u00e1gua, e proporciona uma luz mais uniforme e suave. Suporta fortes vibra\u00e7\u00f5es e corros\u00e3o por salpicos de \u00e1gua salgada em zonas costeiras. Enquanto economiza energia 50% do que as l\u00e2mpadas tradicionais, ainda mant\u00e9m a vida \u00fatil de mais de 50.000 horas. A instala\u00e7\u00e3o \u00e9 mais simples e r\u00e1pida, sendo a primeira escolha para ilumina\u00e7\u00e3o em locais h\u00famidos com espa\u00e7o limitado.<\/p>\n<h4>Carater\u00edsticas do produto<\/h4>\n<ol>\n<li>Padr\u00e3o 18W, comprimento 2 p\u00e9s<\/li>\n<li>Prote\u00e7\u00e3o IP65, resistente \u00e0 corros\u00e3o<\/li>\n<li>Respirador para equilibrar a press\u00e3o de ar interna e externa.<\/li>\n<li>F\u00e1cil instala\u00e7\u00e3o, design integrado<\/li>\n<li>\u00cdndice de restitui\u00e7\u00e3o de cor &gt; 80, pouco brilho<\/li>\n<\/ol>","protected":false},"featured_media":6859,"template":"","meta":{"_acf_changed":false,"_kadence_starter_templates_imported_post":false,"_kad_post_transparent":"default","_kad_post_title":"","_kad_post_layout":"default","_kad_post_sidebar_id":"","_kad_post_content_style":"default","_kad_post_vertical_padding":"default","_kad_post_feature":"","_kad_post_feature_position":"","_kad_post_header":false,"_kad_post_footer":false},"product_brand":[],"product_cat":[20,132],"product_tag":[],"class_list":{"0":"post-5327","1":"product","2":"type-product","3":"status-publish","4":"has-post-thumbnail","6":"product_cat-wind-energy-lighting","7":"product_cat-tri-proof-lighting","9":"first","10":"instock","11":"shipping-taxable","12":"product-type-simple","13":"entry","14":"content-bg","15":"loop-entry"},"acf":[],"_links":{"self":[{"href":"https:\/\/ledrhythm.com\/pt\/wp-json\/wp\/v2\/product\/5327","targetHints":{"allow":["GET"]}}],"collection":[{"href":"https:\/\/ledrhythm.com\/pt\/wp-json\/wp\/v2\/product"}],"about":[{"href":"https:\/\/ledrhythm.com\/pt\/wp-json\/wp\/v2\/types\/product"}],"wp:featuredmedia":[{"embeddable":true,"href":"https:\/\/ledrhythm.com\/pt\/wp-json\/wp\/v2\/media\/6859"}],"wp:attachment":[{"href":"https:\/\/ledrhythm.com\/pt\/wp-json\/wp\/v2\/media?parent=5327"}],"wp:term":[{"taxonomy":"product_brand","embeddable":true,"href":"https:\/\/ledrhythm.com\/pt\/wp-json\/wp\/v2\/product_brand?post=5327"},{"taxonomy":"product_cat","embeddable":true,"href":"https:\/\/ledrhythm.com\/pt\/wp-json\/wp\/v2\/product_cat?post=5327"},{"taxonomy":"product_tag","embeddable":true,"href":"https:\/\/ledrhythm.com\/pt\/wp-json\/wp\/v2\/product_tag?post=5327"}],"curies":[{"name":"wp","href":"https:\/\/api.w.org\/{rel}","templated":true}]}}