{"id":5318,"date":"2025-06-10T07:24:40","date_gmt":"2025-06-10T07:24:40","guid":{"rendered":"https:\/\/ledrhythm.com\/?post_type=product&#038;p=5318"},"modified":"2025-11-13T07:25:50","modified_gmt":"2025-11-13T07:25:50","slug":"lightweight-tri-proof-vapor-tight-light-fixture","status":"publish","type":"product","link":"https:\/\/ledrhythm.com\/pt\/product\/lightweight-tri-proof-vapor-tight-light-fixture","title":{"rendered":"Luz de emerg\u00eancia \u00e0 prova de vapor LED de 2\/3\/4\/5 p\u00e9s com tripla prote\u00e7\u00e3o"},"content":{"rendered":"","protected":false},"excerpt":{"rendered":"<p>Esta luz LED estanque ao vapor \u00e9 utilizada principalmente para ilumina\u00e7\u00e3o de trabalho, como em zonas costeiras e de grande altitude, e tamb\u00e9m pode ser utilizada como ilumina\u00e7\u00e3o suplementar noutros ambientes adversos. Possui excelente impermeabilidade, resist\u00eancia \u00e0 corros\u00e3o e \u00e0 prova de choque, e tamb\u00e9m \u00e9 muitas vezes referida como <a href=\"https:\/\/ledrhythm.com\/pt\/categories\/tri-proof-lighting\/\" target=\"_blank\" rel=\"noopener\">luz LED \u00e0 prova de triagem<\/a>. O design leve apresenta um inv\u00f3lucro em material totalmente em PC de uma s\u00f3 pe\u00e7a que oferece pouco brilho, resist\u00eancia \u00e0 corros\u00e3o e bom desempenho anti-envelhecimento. O acionamento por corrente constante garante um funcionamento est\u00e1vel a longo prazo sem manuten\u00e7\u00e3o, com uma vida \u00fatil superior a 50 000 horas. Dispon\u00edvel em comprimentos de 2, 3, 4 e 5 p\u00e9s. F\u00e1cil de instalar e oferece boa resist\u00eancia \u00e0 vibra\u00e7\u00e3o.<\/p>\n<h4>Carater\u00edsticas do produto<\/h4>\n<ol>\n<li>15W, 18W, 25W, 36W, 50W<\/li>\n<li>Ilumina\u00e7\u00e3o de emerg\u00eancia: 5W, 90min<\/li>\n<li>O respirador equilibra a press\u00e3o do ar e evita a condensa\u00e7\u00e3o<\/li>\n<li>IP66 \u00e0 prova de \u00e1gua e resistente \u00e0 corros\u00e3o por nevoeiro salino<\/li>\n<li>Design leve, peso m\u00ednimo de 0,7 kg<\/li>\n<li>Instala\u00e7\u00e3o r\u00e1pida \u00e0 superf\u00edcie e suspensa<\/li>\n<\/ol>","protected":false},"featured_media":6860,"template":"","meta":{"_acf_changed":false,"_kadence_starter_templates_imported_post":false,"_kad_post_transparent":"default","_kad_post_title":"","_kad_post_layout":"default","_kad_post_sidebar_id":"","_kad_post_content_style":"default","_kad_post_vertical_padding":"default","_kad_post_feature":"","_kad_post_feature_position":"","_kad_post_header":false,"_kad_post_footer":false},"product_brand":[],"product_cat":[20,132],"product_tag":[],"class_list":{"0":"post-5318","1":"product","2":"type-product","3":"status-publish","4":"has-post-thumbnail","6":"product_cat-wind-energy-lighting","7":"product_cat-tri-proof-lighting","9":"first","10":"instock","11":"shipping-taxable","12":"product-type-simple","13":"entry","14":"content-bg","15":"loop-entry"},"acf":[],"_links":{"self":[{"href":"https:\/\/ledrhythm.com\/pt\/wp-json\/wp\/v2\/product\/5318","targetHints":{"allow":["GET"]}}],"collection":[{"href":"https:\/\/ledrhythm.com\/pt\/wp-json\/wp\/v2\/product"}],"about":[{"href":"https:\/\/ledrhythm.com\/pt\/wp-json\/wp\/v2\/types\/product"}],"wp:featuredmedia":[{"embeddable":true,"href":"https:\/\/ledrhythm.com\/pt\/wp-json\/wp\/v2\/media\/6860"}],"wp:attachment":[{"href":"https:\/\/ledrhythm.com\/pt\/wp-json\/wp\/v2\/media?parent=5318"}],"wp:term":[{"taxonomy":"product_brand","embeddable":true,"href":"https:\/\/ledrhythm.com\/pt\/wp-json\/wp\/v2\/product_brand?post=5318"},{"taxonomy":"product_cat","embeddable":true,"href":"https:\/\/ledrhythm.com\/pt\/wp-json\/wp\/v2\/product_cat?post=5318"},{"taxonomy":"product_tag","embeddable":true,"href":"https:\/\/ledrhythm.com\/pt\/wp-json\/wp\/v2\/product_tag?post=5318"}],"curies":[{"name":"wp","href":"https:\/\/api.w.org\/{rel}","templated":true}]}}