{"id":4573,"date":"2025-04-25T02:26:16","date_gmt":"2025-04-25T02:26:16","guid":{"rendered":"https:\/\/ledrhythm.com\/?post_type=product&#038;p=4573"},"modified":"2025-12-05T08:59:08","modified_gmt":"2025-12-05T08:59:08","slug":"commercial-led-street-light-road-public-lighting","status":"publish","type":"product","link":"https:\/\/ledrhythm.com\/pt\/product\/commercial-led-street-light-road-public-lighting","title":{"rendered":"Luz de rua LED comercial para ilumina\u00e7\u00e3o p\u00fablica e de estradas"},"content":{"rendered":"","protected":false},"excerpt":{"rendered":"<p>\"Moon\u2161\" \u00e9 uma luz de rua LED comercial amplamente utilizada com pot\u00eancia variando de 50W-240W. Em conformidade com o tipo de feixe padr\u00e3o internacional e os tipos de corte e semi-corte opcionais, garantem uma luz precisa, livre de polui\u00e7\u00e3o luminosa e mais suave, adequada para v\u00e1rios ambientes externos <a href=\"https:\/\/ledrhythm.com\/pt\/led-street-roadway-lighting\/\" target=\"_blank\" rel=\"noopener\">estradas<\/a> ou <a href=\"https:\/\/ledrhythm.com\/pt\/led-area-lights\/\" target=\"_blank\" rel=\"noopener\">ilumina\u00e7\u00e3o da \u00e1rea<\/a>. A manga de montagem suporta instala\u00e7\u00f5es em postes e paredes, e o \u00e2ngulo pode ser ajustado em \u00b115\u00b0. Fabricado em alum\u00ednio fundido mais forte, oferece uma melhor dissipa\u00e7\u00e3o de calor e resist\u00eancia \u00e0s intemp\u00e9ries. O compartimento de alimenta\u00e7\u00e3o do condutor tem um design de encaixe, podendo ser aberto sem ferramentas para manuten\u00e7\u00e3o. Atinge uma maior efici\u00eancia luminosa, poupando energia at\u00e9 80%.<\/p>\n<h4>Carater\u00edsticas do produto<\/h4>\n<ol>\n<li>50W,70W,100W,120W,150W,200W,240W<\/li>\n<li>Efici\u00eancia luminosa at\u00e9 180lm\/W<\/li>\n<li>IP66\/IK08 e prote\u00e7\u00e3o contra picos de tens\u00e3o de 10KV<\/li>\n<li>Tipo de viga\u2161,Tipo\u2162,Tipo\u2163,Tipo\u2164<\/li>\n<li>Regula\u00e7\u00e3o da intensidade da luz 0-10V e sensor de fotoc\u00e9lula<\/li>\n<\/ol>","protected":false},"featured_media":6921,"template":"","meta":{"_acf_changed":false,"_kadence_starter_templates_imported_post":false,"_kad_post_transparent":"default","_kad_post_title":"","_kad_post_layout":"default","_kad_post_sidebar_id":"","_kad_post_content_style":"default","_kad_post_vertical_padding":"default","_kad_post_feature":"","_kad_post_feature_position":"","_kad_post_header":false,"_kad_post_footer":false},"product_brand":[],"product_cat":[44,148],"product_tag":[],"class_list":{"0":"post-4573","1":"product","2":"type-product","3":"status-publish","4":"has-post-thumbnail","6":"product_cat-led-post-top-lights","7":"product_cat-led-street-lights","9":"first","10":"instock","11":"downloadable","12":"virtual","13":"product-type-simple","14":"entry","15":"content-bg","16":"loop-entry"},"acf":[],"_links":{"self":[{"href":"https:\/\/ledrhythm.com\/pt\/wp-json\/wp\/v2\/product\/4573","targetHints":{"allow":["GET"]}}],"collection":[{"href":"https:\/\/ledrhythm.com\/pt\/wp-json\/wp\/v2\/product"}],"about":[{"href":"https:\/\/ledrhythm.com\/pt\/wp-json\/wp\/v2\/types\/product"}],"wp:featuredmedia":[{"embeddable":true,"href":"https:\/\/ledrhythm.com\/pt\/wp-json\/wp\/v2\/media\/6921"}],"wp:attachment":[{"href":"https:\/\/ledrhythm.com\/pt\/wp-json\/wp\/v2\/media?parent=4573"}],"wp:term":[{"taxonomy":"product_brand","embeddable":true,"href":"https:\/\/ledrhythm.com\/pt\/wp-json\/wp\/v2\/product_brand?post=4573"},{"taxonomy":"product_cat","embeddable":true,"href":"https:\/\/ledrhythm.com\/pt\/wp-json\/wp\/v2\/product_cat?post=4573"},{"taxonomy":"product_tag","embeddable":true,"href":"https:\/\/ledrhythm.com\/pt\/wp-json\/wp\/v2\/product_tag?post=4573"}],"curies":[{"name":"wp","href":"https:\/\/api.w.org\/{rel}","templated":true}]}}