{"id":4570,"date":"2025-04-24T08:12:37","date_gmt":"2025-04-24T08:12:37","guid":{"rendered":"https:\/\/ledrhythm.com\/?post_type=product&#038;p=4570"},"modified":"2025-11-12T07:08:50","modified_gmt":"2025-11-12T07:08:50","slug":"high-temp-industrial-led-flood-light","status":"publish","type":"product","link":"https:\/\/ledrhythm.com\/pt\/product\/high-temp-industrial-led-flood-light","title":{"rendered":"Holofote LED de 65\u2103 de alta temperatura"},"content":{"rendered":"","protected":false},"excerpt":{"rendered":"<p>Este holofote LED de alta temperatura \u00e9 atualizado a partir de <a href=\"https:\/\/ledrhythm.com\/pt\/product\/large-industrial-outdoor-flood-lighting-work-parking-lot-lighting\/\" target=\"_blank\" rel=\"noopener\">Projetor standard \"Slim\u2162\".<\/a>. A sua caixa \u00e9 feita de alum\u00ednio fundido com um dissipador de calor maior, combinado com uma pot\u00eancia de driver mais resistente ao calor, e separa o driver do corpo da luz, garantindo um funcionamento est\u00e1vel em temperaturas ambiente at\u00e9 65\u00b0C. Diferente de <a href=\"https:\/\/ledrhythm.com\/pt\/product\/diamond-industrial-led-high-bay-lighting-75-high-temp-lights\/\" target=\"_blank\" rel=\"noopener\">luzes de ba\u00eda alta de alta temperatura<\/a>A lumin\u00e1ria com IP66\/IK08 e suporte de montagem flex\u00edvel torna-a adequada n\u00e3o s\u00f3 para utiliza\u00e7\u00e3o no interior, mas tamb\u00e9m para aplica\u00e7\u00f5es de calor no exterior. O \u00e2ngulo de feixe de 120\u00b0 proporciona uma cobertura de luz mais ampla e uniforme. Suporta regula\u00e7\u00e3o de intensidade de 0-10V para uma maior efici\u00eancia energ\u00e9tica.<\/p>\n<h4>Carater\u00edsticas do produto<\/h4>\n<ol>\n<li>80W,100W,120W,150W,200W<\/li>\n<li>Efici\u00eancia luminosa 150lm\/W+<\/li>\n<li>Suporta temperatura ambiente de 65 \u2103<\/li>\n<li>Excelente resist\u00eancia ao calor e desempenho de dissipa\u00e7\u00e3o de calor<\/li>\n<li>IP66 \u00e0 prova de \u00e1gua e prote\u00e7\u00e3o contra picos de tens\u00e3o de 10KV<\/li>\n<li>Regula\u00e7\u00e3o de intensidade 0-10V opcional<\/li>\n<\/ol>","protected":false},"featured_media":6854,"template":"","meta":{"_acf_changed":false,"_kadence_starter_templates_imported_post":false,"_kad_post_transparent":"default","_kad_post_title":"","_kad_post_layout":"default","_kad_post_sidebar_id":"","_kad_post_content_style":"default","_kad_post_vertical_padding":"default","_kad_post_feature":"","_kad_post_feature_position":"","_kad_post_header":false,"_kad_post_footer":false},"product_brand":[],"product_cat":[145,42],"product_tag":[],"class_list":{"0":"post-4570","1":"product","2":"type-product","3":"status-publish","4":"has-post-thumbnail","6":"product_cat-high-temp-lighting","7":"product_cat-flood-lighting","9":"first","10":"instock","11":"downloadable","12":"virtual","13":"product-type-simple","14":"entry","15":"content-bg","16":"loop-entry"},"acf":[],"_links":{"self":[{"href":"https:\/\/ledrhythm.com\/pt\/wp-json\/wp\/v2\/product\/4570","targetHints":{"allow":["GET"]}}],"collection":[{"href":"https:\/\/ledrhythm.com\/pt\/wp-json\/wp\/v2\/product"}],"about":[{"href":"https:\/\/ledrhythm.com\/pt\/wp-json\/wp\/v2\/types\/product"}],"wp:featuredmedia":[{"embeddable":true,"href":"https:\/\/ledrhythm.com\/pt\/wp-json\/wp\/v2\/media\/6854"}],"wp:attachment":[{"href":"https:\/\/ledrhythm.com\/pt\/wp-json\/wp\/v2\/media?parent=4570"}],"wp:term":[{"taxonomy":"product_brand","embeddable":true,"href":"https:\/\/ledrhythm.com\/pt\/wp-json\/wp\/v2\/product_brand?post=4570"},{"taxonomy":"product_cat","embeddable":true,"href":"https:\/\/ledrhythm.com\/pt\/wp-json\/wp\/v2\/product_cat?post=4570"},{"taxonomy":"product_tag","embeddable":true,"href":"https:\/\/ledrhythm.com\/pt\/wp-json\/wp\/v2\/product_tag?post=4570"}],"curies":[{"name":"wp","href":"https:\/\/api.w.org\/{rel}","templated":true}]}}