{"id":4566,"date":"2025-04-21T08:36:06","date_gmt":"2025-04-21T08:36:06","guid":{"rendered":"https:\/\/ledrhythm.com\/?post_type=product&#038;p=4566"},"modified":"2025-11-27T09:04:52","modified_gmt":"2025-11-27T09:04:52","slug":"outdoor-waterproof-led-flood-light-ip66","status":"publish","type":"product","link":"https:\/\/ledrhythm.com\/pt\/product\/outdoor-waterproof-led-flood-light-ip66","title":{"rendered":"Holofote LED para exterior \u00e0 prova de \u00e1gua IP66"},"content":{"rendered":"","protected":false},"excerpt":{"rendered":"<p>O corpo da l\u00e2mpada \u00e9 fino e robusto, com o inv\u00f3lucro e o suporte de montagem feitos de alum\u00ednio fundido, tem uma forte resist\u00eancia \u00e0 corros\u00e3o, proporcionando uma dissipa\u00e7\u00e3o de calor eficiente. Classifica\u00e7\u00e3o IP66 \u00e0 prova de \u00e1gua, cumprindo as normas de holofotes LED industriais para exterior. Lente de vidro transparente padr\u00e3o e feixes estreitos e largos selecion\u00e1veis, obtendo uma ilumina\u00e7\u00e3o uniforme e confort\u00e1vel. A pot\u00eancia varia entre 30W e 200W, com regula\u00e7\u00e3o de 0-10V e a op\u00e7\u00e3o de sensor inteligente, o que significa que pode satisfazer as necessidades de ilumina\u00e7\u00e3o de tudo, desde pequenos jardins a entradas de garagem e \u00e1reas maiores.<\/p>\n<h4>Carater\u00edsticas do produto<\/h4>\n<ol>\n<li>30W,40W,50W,60W,80W,100W,150W,200W<\/li>\n<li>\u00c2ngulos de feixe 60\u00b0, 90\u00b0, 120\u00b0<\/li>\n<li>Compat\u00edvel com v\u00e1rios sistemas de controlo inteligentes<\/li>\n<li>A vida \u00fatil padr\u00e3o \u00e9 superior a 50.000 horas<\/li>\n<li>Conce\u00e7\u00e3o SMD de elevado desempenho<\/li>\n<\/ol>","protected":false},"featured_media":6918,"template":"","meta":{"_acf_changed":false,"_kadence_starter_templates_imported_post":false,"_kad_post_transparent":"default","_kad_post_title":"","_kad_post_layout":"default","_kad_post_sidebar_id":"","_kad_post_content_style":"default","_kad_post_vertical_padding":"default","_kad_post_feature":"","_kad_post_feature_position":"","_kad_post_header":false,"_kad_post_footer":false},"product_brand":[],"product_cat":[42],"product_tag":[],"class_list":{"0":"post-4566","1":"product","2":"type-product","3":"status-publish","4":"has-post-thumbnail","6":"product_cat-flood-lighting","8":"first","9":"instock","10":"downloadable","11":"virtual","12":"product-type-simple","13":"entry","14":"content-bg","15":"loop-entry"},"acf":[],"_links":{"self":[{"href":"https:\/\/ledrhythm.com\/pt\/wp-json\/wp\/v2\/product\/4566","targetHints":{"allow":["GET"]}}],"collection":[{"href":"https:\/\/ledrhythm.com\/pt\/wp-json\/wp\/v2\/product"}],"about":[{"href":"https:\/\/ledrhythm.com\/pt\/wp-json\/wp\/v2\/types\/product"}],"wp:featuredmedia":[{"embeddable":true,"href":"https:\/\/ledrhythm.com\/pt\/wp-json\/wp\/v2\/media\/6918"}],"wp:attachment":[{"href":"https:\/\/ledrhythm.com\/pt\/wp-json\/wp\/v2\/media?parent=4566"}],"wp:term":[{"taxonomy":"product_brand","embeddable":true,"href":"https:\/\/ledrhythm.com\/pt\/wp-json\/wp\/v2\/product_brand?post=4566"},{"taxonomy":"product_cat","embeddable":true,"href":"https:\/\/ledrhythm.com\/pt\/wp-json\/wp\/v2\/product_cat?post=4566"},{"taxonomy":"product_tag","embeddable":true,"href":"https:\/\/ledrhythm.com\/pt\/wp-json\/wp\/v2\/product_tag?post=4566"}],"curies":[{"name":"wp","href":"https:\/\/api.w.org\/{rel}","templated":true}]}}