{"id":4527,"date":"2025-04-14T07:53:18","date_gmt":"2025-04-14T07:53:18","guid":{"rendered":"https:\/\/ledrhythm.com\/?post_type=product&#038;p=4527"},"modified":"2026-03-23T07:15:29","modified_gmt":"2026-03-23T07:15:29","slug":"diamond-industrial-led-high-bay-lighting-75-high-temp-lights","status":"publish","type":"product","link":"https:\/\/ledrhythm.com\/pt\/product\/diamond-industrial-led-high-bay-lighting-75-high-temp-lights","title":{"rendered":"75\u2103 Luz LED de compartimento alto de alta temperatura"},"content":{"rendered":"","protected":false},"excerpt":{"rendered":"<p>Esta luz LED para compartimento alto pode funcionar 24 horas por dia, 7 dias por semana, em temperaturas ambiente elevadas de 75\u00b0C, sem afetar a qualidade e a vida \u00fatil da ilumina\u00e7\u00e3o. Em compara\u00e7\u00e3o com a nossa \"<a href=\"https:\/\/ledrhythm.com\/pt\/product\/round-led-high-bay-light-high-power-lumen\/\" target=\"_blank\" rel=\"noopener\">Diamante I<\/a>\", os seus materiais e o driver foram actualizados, a resist\u00eancia ao calor e a dissipa\u00e7\u00e3o de calor estrutural ser\u00e3o superiores. \u00c9 um dos melhores para o nosso <a href=\"https:\/\/ledrhythm.com\/pt\/categories\/high-temp-lighting\/\" target=\"_blank\" rel=\"noopener\">s\u00e9rie LED de alta temperatura<\/a>. Abandon\u00e1mos a fonte de alimenta\u00e7\u00e3o volumosa e longa do condutor das luzes LED tradicionais de alta temperatura, utilizando o nosso pr\u00f3prio condutor, que \u00e9 mais pequeno e mais resistente ao calor. IP65, suporta quatro m\u00e9todos de instala\u00e7\u00e3o e \u00e2ngulos de feixe de 120\u00b0, ampla cobertura de luz. \u00c9 adequada para ilumina\u00e7\u00e3o de f\u00e1bricas e oficinas expostas a calor constante.<\/p>\n<h4>Carater\u00edsticas do produto<\/h4>\n<ul>\n<li>80W, 100W, 120W, 150W, 180W<\/li>\n<li>Suporta uma temperatura ambiente de 75\u2103<\/li>\n<li>Temperatura de cor 1800K (alta penetra\u00e7\u00e3o) - 6500K<\/li>\n<li>A refrigera\u00e7\u00e3o eficiente reduz a temperatura do aparelho em 40%.<\/li>\n<li>Fundi\u00e7\u00e3o injectada integrada de qualidade aeroespacial, aumento de resist\u00eancia 300%.<\/li>\n<li>Tecnologia de regula\u00e7\u00e3o de 0-10V<\/li>\n<\/ul>","protected":false},"featured_media":6861,"template":"","meta":{"_acf_changed":false,"_kadence_starter_templates_imported_post":false,"_kad_post_transparent":"default","_kad_post_title":"","_kad_post_layout":"default","_kad_post_sidebar_id":"","_kad_post_content_style":"default","_kad_post_vertical_padding":"default","_kad_post_feature":"","_kad_post_feature_position":"","_kad_post_header":false,"_kad_post_footer":false},"product_brand":[],"product_cat":[41,145],"product_tag":[],"class_list":{"0":"post-4527","1":"product","2":"type-product","3":"status-publish","4":"has-post-thumbnail","6":"product_cat-high-bay-lighting","7":"product_cat-high-temp-lighting","9":"first","10":"instock","11":"downloadable","12":"virtual","13":"product-type-simple","14":"entry","15":"content-bg","16":"loop-entry"},"acf":[],"_links":{"self":[{"href":"https:\/\/ledrhythm.com\/pt\/wp-json\/wp\/v2\/product\/4527","targetHints":{"allow":["GET"]}}],"collection":[{"href":"https:\/\/ledrhythm.com\/pt\/wp-json\/wp\/v2\/product"}],"about":[{"href":"https:\/\/ledrhythm.com\/pt\/wp-json\/wp\/v2\/types\/product"}],"wp:featuredmedia":[{"embeddable":true,"href":"https:\/\/ledrhythm.com\/pt\/wp-json\/wp\/v2\/media\/6861"}],"wp:attachment":[{"href":"https:\/\/ledrhythm.com\/pt\/wp-json\/wp\/v2\/media?parent=4527"}],"wp:term":[{"taxonomy":"product_brand","embeddable":true,"href":"https:\/\/ledrhythm.com\/pt\/wp-json\/wp\/v2\/product_brand?post=4527"},{"taxonomy":"product_cat","embeddable":true,"href":"https:\/\/ledrhythm.com\/pt\/wp-json\/wp\/v2\/product_cat?post=4527"},{"taxonomy":"product_tag","embeddable":true,"href":"https:\/\/ledrhythm.com\/pt\/wp-json\/wp\/v2\/product_tag?post=4527"}],"curies":[{"name":"wp","href":"https:\/\/api.w.org\/{rel}","templated":true}]}}