{"id":3287,"date":"2025-03-28T07:37:57","date_gmt":"2025-03-28T07:37:57","guid":{"rendered":"https:\/\/ledrhythm.com\/products\/wholesale-led-high-bay-lightsfor-a-large-industrial-area-or-a-smaller-commercial-space"},"modified":"2025-11-17T08:58:26","modified_gmt":"2025-11-17T08:58:26","slug":"round-led-high-bay-light-high-power-lumen","status":"publish","type":"product","link":"https:\/\/ledrhythm.com\/pt\/product\/round-led-high-bay-light-high-power-lumen","title":{"rendered":"L\u00e2mpada LED redonda de alto brilho e alta pot\u00eancia"},"content":{"rendered":"","protected":false},"excerpt":{"rendered":"<p>Esta luz LED redonda de alto brilho \u00e9 o nosso design mais cl\u00e1ssico, oferecendo alta pot\u00eancia e alta sa\u00edda de l\u00famen, at\u00e9 400W e 60.000lm, pode substituir v\u00e1rias fontes de luz tradicionais. Possui excelente resist\u00eancia \u00e0 corros\u00e3o, dissipa\u00e7\u00e3o de calor e classifica\u00e7\u00e3o IP66 \u00e0 prova de \u00e1gua e poeira, bem como uma variedade de <a href=\"https:\/\/ledrhythm.com\/pt\/news\/how-to-look-at-the-beam-angle-of-outdoor-floodlights.html\/\" target=\"_blank\" rel=\"noopener\">\u00e2ngulo do feixe<\/a> e m\u00e9todos de montagem. Podem ser selecionados diferentes abajures para controlar a luz. A sua luz ser\u00e1 mais uniforme e menos ofuscante, com um \u00edndice de restitui\u00e7\u00e3o de cor superior a 80 ou mesmo 90. Isto torna-a adequada para uma vasta gama de aplica\u00e7\u00f5es, incluindo uma variedade de aplica\u00e7\u00f5es interiores <a href=\"https:\/\/ledrhythm.com\/pt\/led-industrial-lighting\/\" target=\"_blank\" rel=\"noopener\">zonas industriais<\/a> e <a href=\"https:\/\/ledrhythm.com\/pt\/led-sports-lighting\/\" target=\"_blank\" rel=\"noopener\">ilumina\u00e7\u00e3o desportiva<\/a>.<\/p>\n<h4>Carater\u00edsticas do produto<\/h4>\n<ol>\n<li>80W,100W,120W,150W,200W,240W,300W,400W<\/li>\n<li>\u00c2ngulo de feixe: 45\u00b0, 60\u00b0, 80\u00b0, 90\u00b0 e 120\u00b0<\/li>\n<li>Liga de alum\u00ednio fundido sob press\u00e3o de alta intensidade A380 ADC12<\/li>\n<li>CRI&gt;80 E IP66<\/li>\n<li>Tecnologia de regula\u00e7\u00e3o de 0-10V<\/li>\n<\/ol>","protected":false},"featured_media":9233,"template":"","meta":{"_acf_changed":false,"_kadence_starter_templates_imported_post":false,"_kad_post_transparent":"default","_kad_post_title":"","_kad_post_layout":"default","_kad_post_sidebar_id":"","_kad_post_content_style":"default","_kad_post_vertical_padding":"default","_kad_post_feature":"","_kad_post_feature_position":"","_kad_post_header":false,"_kad_post_footer":false},"product_brand":[],"product_cat":[41],"product_tag":[],"class_list":{"0":"post-3287","1":"product","2":"type-product","3":"status-publish","4":"has-post-thumbnail","6":"product_cat-high-bay-lighting","8":"first","9":"instock","10":"downloadable","11":"virtual","12":"product-type-simple","13":"entry","14":"content-bg","15":"loop-entry"},"acf":[],"_links":{"self":[{"href":"https:\/\/ledrhythm.com\/pt\/wp-json\/wp\/v2\/product\/3287","targetHints":{"allow":["GET"]}}],"collection":[{"href":"https:\/\/ledrhythm.com\/pt\/wp-json\/wp\/v2\/product"}],"about":[{"href":"https:\/\/ledrhythm.com\/pt\/wp-json\/wp\/v2\/types\/product"}],"wp:featuredmedia":[{"embeddable":true,"href":"https:\/\/ledrhythm.com\/pt\/wp-json\/wp\/v2\/media\/9233"}],"wp:attachment":[{"href":"https:\/\/ledrhythm.com\/pt\/wp-json\/wp\/v2\/media?parent=3287"}],"wp:term":[{"taxonomy":"product_brand","embeddable":true,"href":"https:\/\/ledrhythm.com\/pt\/wp-json\/wp\/v2\/product_brand?post=3287"},{"taxonomy":"product_cat","embeddable":true,"href":"https:\/\/ledrhythm.com\/pt\/wp-json\/wp\/v2\/product_cat?post=3287"},{"taxonomy":"product_tag","embeddable":true,"href":"https:\/\/ledrhythm.com\/pt\/wp-json\/wp\/v2\/product_tag?post=3287"}],"curies":[{"name":"wp","href":"https:\/\/api.w.org\/{rel}","templated":true}]}}