{"id":3282,"date":"2025-03-28T07:37:51","date_gmt":"2025-03-28T07:37:51","guid":{"rendered":"https:\/\/ledrhythm.com\/products\/high-temperature-high-bay-light"},"modified":"2025-10-31T01:05:18","modified_gmt":"2025-10-31T01:05:18","slug":"diamond-i-pro-high-temperature-high-bay-light","status":"publish","type":"product","link":"https:\/\/ledrhythm.com\/pt\/product\/diamond-i-pro-high-temperature-high-bay-light","title":{"rendered":"65\u2103 Luz LED de Ba\u00eda Alta de Alta Temperatura"},"content":{"rendered":"","protected":false},"excerpt":{"rendered":"<p>Combinando o desempenho da ba\u00eda alta LED e da resist\u00eancia ao calor num \u00fanico dispositivo de ilumina\u00e7\u00e3o, pode funcionar a longo prazo a temperaturas ambiente de 65\u00b0C. O condutor e o corpo da l\u00e2mpada t\u00eam um espa\u00e7o de dissipa\u00e7\u00e3o de calor, e os componentes internos utilizam chips LED resistentes ao calor, lentes de vidro e fios de silicone. Em compara\u00e7\u00e3o com a nossa <a href=\"https:\/\/ledrhythm.com\/pt\/product\/diamond-industrial-led-high-bay-lighting-75-high-temp-lights\/\" target=\"_blank\" rel=\"noopener\">75\u00b0C luz de alto brilho<\/a>A lumin\u00e1ria possui um driver mais pequeno e mais leve. Combinado com dissipadores de calor de alum\u00ednio fundido de grande \u00e1rea, melhora a estabilidade da ilumina\u00e7\u00e3o e a vida \u00fatil padr\u00e3o ainda 50.000+ horas em \u00e1reas de alta temperatura. A temperatura da cor pode ser selecionada entre 1800K e 6500K, sendo suportada a montagem em suspens\u00e3o e em suporte. \u00c9 adequado para v\u00e1rias oficinas ou <a href=\"https:\/\/ledrhythm.com\/pt\/led-factory-lights\/\" target=\"_blank\" rel=\"noopener\">ilumina\u00e7\u00e3o de f\u00e1brica<\/a>.<\/p>\n<h4>Carater\u00edsticas do produto<\/h4>\n<ul>\n<li>80W, 100W, 120W, 150W, 200W<\/li>\n<li>Suporta temperatura ambiente de 65 \u2103<\/li>\n<li>Temperatura de cor 1800K (alta penetra\u00e7\u00e3o) - 6500K<\/li>\n<li>IP65 \u00e0 prova de \u00e1gua, \u00e0 prova de poeira e resistente \u00e0 corros\u00e3o<\/li>\n<li>V\u00e1rios \u00e2ngulos de feixe e regula\u00e7\u00e3o de 0-10V<\/li>\n<\/ul>","protected":false},"featured_media":6856,"template":"","meta":{"_acf_changed":false,"_kadence_starter_templates_imported_post":false,"_kad_post_transparent":"default","_kad_post_title":"","_kad_post_layout":"default","_kad_post_sidebar_id":"","_kad_post_content_style":"default","_kad_post_vertical_padding":"default","_kad_post_feature":"","_kad_post_feature_position":"","_kad_post_header":false,"_kad_post_footer":false},"product_brand":[],"product_cat":[41,145],"product_tag":[],"class_list":{"0":"post-3282","1":"product","2":"type-product","3":"status-publish","4":"has-post-thumbnail","6":"product_cat-high-bay-lighting","7":"product_cat-high-temp-lighting","9":"first","10":"instock","11":"downloadable","12":"virtual","13":"product-type-simple","14":"entry","15":"content-bg","16":"loop-entry"},"acf":[],"_links":{"self":[{"href":"https:\/\/ledrhythm.com\/pt\/wp-json\/wp\/v2\/product\/3282","targetHints":{"allow":["GET"]}}],"collection":[{"href":"https:\/\/ledrhythm.com\/pt\/wp-json\/wp\/v2\/product"}],"about":[{"href":"https:\/\/ledrhythm.com\/pt\/wp-json\/wp\/v2\/types\/product"}],"wp:featuredmedia":[{"embeddable":true,"href":"https:\/\/ledrhythm.com\/pt\/wp-json\/wp\/v2\/media\/6856"}],"wp:attachment":[{"href":"https:\/\/ledrhythm.com\/pt\/wp-json\/wp\/v2\/media?parent=3282"}],"wp:term":[{"taxonomy":"product_brand","embeddable":true,"href":"https:\/\/ledrhythm.com\/pt\/wp-json\/wp\/v2\/product_brand?post=3282"},{"taxonomy":"product_cat","embeddable":true,"href":"https:\/\/ledrhythm.com\/pt\/wp-json\/wp\/v2\/product_cat?post=3282"},{"taxonomy":"product_tag","embeddable":true,"href":"https:\/\/ledrhythm.com\/pt\/wp-json\/wp\/v2\/product_tag?post=3282"}],"curies":[{"name":"wp","href":"https:\/\/api.w.org\/{rel}","templated":true}]}}