{"id":3276,"date":"2025-03-28T07:37:44","date_gmt":"2025-03-28T07:37:44","guid":{"rendered":"https:\/\/ledrhythm.com\/products\/linear-low-bay-lighting"},"modified":"2025-11-21T02:41:36","modified_gmt":"2025-11-21T02:41:36","slug":"4ft-linear-led-high-bay-lights-indoor-industrial","status":"publish","type":"product","link":"https:\/\/ledrhythm.com\/pt\/product\/4ft-linear-led-high-bay-lights-indoor-industrial","title":{"rendered":"L\u00e2mpada LED linear de alto brilho de 4 p\u00e9s com sensor de movimento"},"content":{"rendered":"","protected":false},"excerpt":{"rendered":"<p>A luz alta LED linear de 4 p\u00e9s adopta uma estrutura de chapa met\u00e1lica integrada, e o compartimento de energia tem uma janela de dissipa\u00e7\u00e3o de calor, proporcionando um excelente desempenho de dissipa\u00e7\u00e3o de calor. <a href=\"https:\/\/ledrhythm.com\/pt\/news\/motion-sensor-lights-and-security-light.html\/\" target=\"_blank\" rel=\"noopener\">Sensor de movimento<\/a> opcional, tem uma vasta gama de tens\u00f5es, <a href=\"https:\/\/ledrhythm.com\/pt\/news\/how-long-do-led-lights-last-industrial-and-home-led.html\/\" target=\"_blank\" rel=\"noopener\">vida \u00fatil padr\u00e3o<\/a> 50000-100000 horas. O difusor de PC de 4 p\u00e9s a condizer n\u00e3o s\u00f3 proporciona uma luz uniforme e controla eficazmente o brilho, como tamb\u00e9m resiste \u00e0 deforma\u00e7\u00e3o e n\u00e3o \u00e9 f\u00e1cil de partir. Suporta montagem no teto e na parede, o que a torna adequada para v\u00e1rios ambientes interiores com tectos altos, tais como lojas, desportos e outros locais. <a href=\"https:\/\/ledrhythm.com\/pt\/led-warehouse-lighting\/\" target=\"_blank\" rel=\"noopener\">ilumina\u00e7\u00e3o de armaz\u00e9ns<\/a>.<\/p>\n<h4>Carater\u00edsticas do produto<\/h4>\n<ol>\n<li>60W, 80W, 100W, 120W, 150W<\/li>\n<li>Caixa integrada em chapa met\u00e1lica<\/li>\n<li>F\u00e1cil instala\u00e7\u00e3o e manuten\u00e7\u00e3o<\/li>\n<li>Efici\u00eancia luminosa 150lm\/W+<\/li>\n<li>\u00cdndice de restitui\u00e7\u00e3o de cor superior a 80<\/li>\n<li>Sensor de movimento e regula\u00e7\u00e3o inteligente da intensidade da luz<\/li>\n<\/ol>","protected":false},"featured_media":6865,"template":"","meta":{"_acf_changed":false,"_kadence_starter_templates_imported_post":false,"_kad_post_transparent":"default","_kad_post_title":"","_kad_post_layout":"default","_kad_post_sidebar_id":"","_kad_post_content_style":"default","_kad_post_vertical_padding":"default","_kad_post_feature":"","_kad_post_feature_position":"","_kad_post_header":false,"_kad_post_footer":false},"product_brand":[],"product_cat":[131,41],"product_tag":[],"class_list":{"0":"post-3276","1":"product","2":"type-product","3":"status-publish","4":"has-post-thumbnail","6":"product_cat-linear-lighting","7":"product_cat-high-bay-lighting","9":"first","10":"instock","11":"downloadable","12":"virtual","13":"product-type-simple","14":"entry","15":"content-bg","16":"loop-entry"},"acf":[],"_links":{"self":[{"href":"https:\/\/ledrhythm.com\/pt\/wp-json\/wp\/v2\/product\/3276","targetHints":{"allow":["GET"]}}],"collection":[{"href":"https:\/\/ledrhythm.com\/pt\/wp-json\/wp\/v2\/product"}],"about":[{"href":"https:\/\/ledrhythm.com\/pt\/wp-json\/wp\/v2\/types\/product"}],"wp:featuredmedia":[{"embeddable":true,"href":"https:\/\/ledrhythm.com\/pt\/wp-json\/wp\/v2\/media\/6865"}],"wp:attachment":[{"href":"https:\/\/ledrhythm.com\/pt\/wp-json\/wp\/v2\/media?parent=3276"}],"wp:term":[{"taxonomy":"product_brand","embeddable":true,"href":"https:\/\/ledrhythm.com\/pt\/wp-json\/wp\/v2\/product_brand?post=3276"},{"taxonomy":"product_cat","embeddable":true,"href":"https:\/\/ledrhythm.com\/pt\/wp-json\/wp\/v2\/product_cat?post=3276"},{"taxonomy":"product_tag","embeddable":true,"href":"https:\/\/ledrhythm.com\/pt\/wp-json\/wp\/v2\/product_tag?post=3276"}],"curies":[{"name":"wp","href":"https:\/\/api.w.org\/{rel}","templated":true}]}}