{"id":3271,"date":"2025-03-28T07:37:37","date_gmt":"2025-03-28T07:37:37","guid":{"rendered":"https:\/\/ledrhythm.com\/products\/industrial-linear-lighting-led"},"modified":"2025-11-21T02:26:12","modified_gmt":"2025-11-21T02:26:12","slug":"modular-linear-high-bay-led-lights-for-hallway-and-shop","status":"publish","type":"product","link":"https:\/\/ledrhythm.com\/pt\/product\/modular-linear-high-bay-led-lights-for-hallway-and-shop","title":{"rendered":"Luz LED modular linear de alto brilho - 60W por m\u00f3dulo"},"content":{"rendered":"","protected":false},"excerpt":{"rendered":"<p>Esta luz LED de alto brilho apresenta um design modular linear, com cada m\u00f3dulo de 60W e suportando quatro m\u00f3dulos at\u00e9 240W, proporcionando uma sa\u00edda total de 36.000 l\u00famenes. Classifica\u00e7\u00e3o IP65 \u00e0 prova de \u00e1gua e de poeira e oferece uma variedade de \u00e2ngulos de feixe de estreito a largo. \u00c9 ideal para ilumina\u00e7\u00e3o linear em \u00e1reas industriais interiores ou alpendres semi-exteriores. Tamb\u00e9m pode utilizar o seu telem\u00f3vel\/tablet para controlar sem fios o ligar\/desligar e o escurecimento atrav\u00e9s de Zigbee Wifi, e pode controlar com precis\u00e3o um ou mais dispositivos de ilumina\u00e7\u00e3o numa determinada \u00e1rea. Suporta montagem \u00e0 superf\u00edcie e suspensa.<\/p>\n<h4>Carater\u00edsticas do produto<\/h4>\n<ol>\n<li>60W, 120W, 180W, 240W<\/li>\n<li>Controlo inteligente, regula\u00e7\u00e3o da intensidade luminosa 0-10V<\/li>\n<li>Conce\u00e7\u00e3o linear modular<\/li>\n<li>IP65 e prote\u00e7\u00e3o contra sobretens\u00e3o de 4KV<\/li>\n<li>\u00c2ngulos de feixe 15\u00b0, 40\u00b0, 60\u00b0, 70*30\u00b0, 49*21\u00b0, 90\u00b0<\/li>\n<li>Caixa em liga de alum\u00ednio extrudido de alta resist\u00eancia<\/li>\n<li>Chip LED de alta densidade para maior uniformidade<\/li>\n<\/ol>","protected":false},"featured_media":6864,"template":"","meta":{"_acf_changed":false,"_kadence_starter_templates_imported_post":false,"_kad_post_transparent":"default","_kad_post_title":"","_kad_post_layout":"default","_kad_post_sidebar_id":"","_kad_post_content_style":"default","_kad_post_vertical_padding":"default","_kad_post_feature":"","_kad_post_feature_position":"","_kad_post_header":false,"_kad_post_footer":false},"product_brand":[],"product_cat":[41,131],"product_tag":[],"class_list":{"0":"post-3271","1":"product","2":"type-product","3":"status-publish","4":"has-post-thumbnail","6":"product_cat-high-bay-lighting","7":"product_cat-linear-lighting","9":"first","10":"instock","11":"downloadable","12":"virtual","13":"product-type-simple","14":"entry","15":"content-bg","16":"loop-entry"},"acf":[],"_links":{"self":[{"href":"https:\/\/ledrhythm.com\/pt\/wp-json\/wp\/v2\/product\/3271","targetHints":{"allow":["GET"]}}],"collection":[{"href":"https:\/\/ledrhythm.com\/pt\/wp-json\/wp\/v2\/product"}],"about":[{"href":"https:\/\/ledrhythm.com\/pt\/wp-json\/wp\/v2\/types\/product"}],"wp:featuredmedia":[{"embeddable":true,"href":"https:\/\/ledrhythm.com\/pt\/wp-json\/wp\/v2\/media\/6864"}],"wp:attachment":[{"href":"https:\/\/ledrhythm.com\/pt\/wp-json\/wp\/v2\/media?parent=3271"}],"wp:term":[{"taxonomy":"product_brand","embeddable":true,"href":"https:\/\/ledrhythm.com\/pt\/wp-json\/wp\/v2\/product_brand?post=3271"},{"taxonomy":"product_cat","embeddable":true,"href":"https:\/\/ledrhythm.com\/pt\/wp-json\/wp\/v2\/product_cat?post=3271"},{"taxonomy":"product_tag","embeddable":true,"href":"https:\/\/ledrhythm.com\/pt\/wp-json\/wp\/v2\/product_tag?post=3271"}],"curies":[{"name":"wp","href":"https:\/\/api.w.org\/{rel}","templated":true}]}}