{"id":3266,"date":"2025-03-28T07:37:31","date_gmt":"2025-03-28T07:37:31","guid":{"rendered":"https:\/\/ledrhythm.com\/products\/40w60w80w100w120w-1200mm-anticorrosive-led-tri-proof-light-suppiler-in-china"},"modified":"2025-11-13T07:09:47","modified_gmt":"2025-11-13T07:09:47","slug":"2-4ft-vapor-proof-light-fixture-motion-sensor","status":"publish","type":"product","link":"https:\/\/ledrhythm.com\/pt\/product\/2-4ft-vapor-proof-light-fixture-motion-sensor","title":{"rendered":"Lumin\u00e1ria LED \u00e0 prova de vapor de 2\/4\/5 p\u00e9s com sensor de movimento"},"content":{"rendered":"","protected":false},"excerpt":{"rendered":"<p>A \"Venus I\" \u00e9 uma lumin\u00e1ria LED \u00e0 prova de vapor mais abrangente. Desenhos lineares e dispon\u00edveis com 2, 4 e 5 p\u00e9s de comprimento. Classifica\u00e7\u00e3o IP66\/IP69K \u00e0 prova de \u00e1gua e poeira, pode suportar jactos de \u00e1gua de alta press\u00e3o. A cobertura de PC robusta \u00e9 resistente \u00e0 corros\u00e3o de v\u00e1rios gases e l\u00edquidos, e combinada com a excelente cobertura traseira de liga de alum\u00ednio de dissipa\u00e7\u00e3o de calor, forma uma estrutura totalmente selada e possui resist\u00eancia ao impacto IK10.<\/p>\n<p>A pot\u00eancia m\u00e1xima de 150 W, tamb\u00e9m designada por luz LED estanque ao vapor de alto compartimento, proporciona uma sa\u00edda de l\u00famen elevada e est\u00e1vel, mesmo em ambientes grandes e dif\u00edceis, luz uniforme e pouco brilho. Suporta ilumina\u00e7\u00e3o inteligente <a href=\"https:\/\/ledrhythm.com\/pt\/news\/motion-sensor-lights-and-security-light.html\/\" target=\"_blank\" rel=\"noopener\">sensores de movimento<\/a> e regula\u00e7\u00e3o de 0-10V. O respirador de s\u00e9rie equilibra a press\u00e3o de ar interna e externa, evitando a condensa\u00e7\u00e3o e a falha do vedante. Atualizado \"<a href=\"https:\/\/ledrhythm.com\/pt\/product\/venus-%e2%85%b0-pro-vapor-tight-led-light-fixture-high-temp-tri-proof-lighting\/\" target=\"_blank\" rel=\"noopener\">V\u00e9nus Pro<\/a>\" suportam temperaturas ambiente at\u00e9 75\u2103.<\/p>\n<h4>Carater\u00edsticas do produto<\/h4>\n<ol>\n<li>40W, 60W, 80W, 100W, 120W, 150W<\/li>\n<li>IP66\/IP69K e IK10<\/li>\n<li>Estrutura de alta resist\u00eancia totalmente selada<\/li>\n<li>\u00c2ngulo de feixe de 120\u00b0, uniforme, sem encandeamento<\/li>\n<li>Sensores de movimento e regula\u00e7\u00e3o da intensidade luminosa 0-10V<\/li>\n<\/ol>","protected":false},"featured_media":6925,"template":"","meta":{"_acf_changed":false,"_kadence_starter_templates_imported_post":false,"_kad_post_transparent":"default","_kad_post_title":"","_kad_post_layout":"default","_kad_post_sidebar_id":"","_kad_post_content_style":"default","_kad_post_vertical_padding":"default","_kad_post_feature":"","_kad_post_feature_position":"","_kad_post_header":false,"_kad_post_footer":false},"product_brand":[],"product_cat":[132],"product_tag":[],"class_list":{"0":"post-3266","1":"product","2":"type-product","3":"status-publish","4":"has-post-thumbnail","6":"product_cat-tri-proof-lighting","8":"first","9":"instock","10":"downloadable","11":"virtual","12":"product-type-simple","13":"entry","14":"content-bg","15":"loop-entry"},"acf":[],"_links":{"self":[{"href":"https:\/\/ledrhythm.com\/pt\/wp-json\/wp\/v2\/product\/3266","targetHints":{"allow":["GET"]}}],"collection":[{"href":"https:\/\/ledrhythm.com\/pt\/wp-json\/wp\/v2\/product"}],"about":[{"href":"https:\/\/ledrhythm.com\/pt\/wp-json\/wp\/v2\/types\/product"}],"wp:featuredmedia":[{"embeddable":true,"href":"https:\/\/ledrhythm.com\/pt\/wp-json\/wp\/v2\/media\/6925"}],"wp:attachment":[{"href":"https:\/\/ledrhythm.com\/pt\/wp-json\/wp\/v2\/media?parent=3266"}],"wp:term":[{"taxonomy":"product_brand","embeddable":true,"href":"https:\/\/ledrhythm.com\/pt\/wp-json\/wp\/v2\/product_brand?post=3266"},{"taxonomy":"product_cat","embeddable":true,"href":"https:\/\/ledrhythm.com\/pt\/wp-json\/wp\/v2\/product_cat?post=3266"},{"taxonomy":"product_tag","embeddable":true,"href":"https:\/\/ledrhythm.com\/pt\/wp-json\/wp\/v2\/product_tag?post=3266"}],"curies":[{"name":"wp","href":"https:\/\/api.w.org\/{rel}","templated":true}]}}