{"id":3261,"date":"2025-03-28T07:37:21","date_gmt":"2025-03-28T07:37:21","guid":{"rendered":"https:\/\/ledrhythm.com\/products\/20w30w40w-high-temperature-and-low-bay-lighting-solutions"},"modified":"2026-03-10T08:13:00","modified_gmt":"2026-03-10T08:13:00","slug":"venus-%e2%85%b0-pro-vapor-tight-led-light-fixture-high-temp-tri-proof-lighting","status":"publish","type":"product","link":"https:\/\/ledrhythm.com\/pt\/product\/venus-%e2%85%b0-pro-vapor-tight-led-light-fixture-high-temp-tri-proof-lighting","title":{"rendered":"Lumin\u00e1ria LED de Alta Temp. Linear de Vapor Apertado 75\u2103"},"content":{"rendered":"","protected":false},"excerpt":{"rendered":"<p>Esta \u00e9 uma lumin\u00e1ria LED \u00e0 prova de vapor que pode suportar temperaturas ambientes de 75 \u2103. O corpo da luz \u00e9 extremamente robusto e tem excelente dissipa\u00e7\u00e3o de calor, possui v\u00e1rias classifica\u00e7\u00f5es de prote\u00e7\u00e3o, incluindo IP66 \/ IP69K e IK10 e \u00e9 resistente \u00e0 corros\u00e3o. A utiliza\u00e7\u00e3o de uma pot\u00eancia de acionamento mais resistente ao calor \u00e9 fundamental para garantir a estabilidade a longo prazo em \u00e1reas com temperaturas elevadas. Foi concebido para alcan\u00e7ar uma longa vida \u00fatil, baixa manuten\u00e7\u00e3o e elevada efici\u00eancia em ambientes agressivos. O design linear de 2\/4 p\u00e9s torna-o mais vantajoso do que <a href=\"https:\/\/ledrhythm.com\/pt\/product\/diamond-industrial-led-high-bay-lighting-75-high-temp-lights\/\" target=\"_blank\" rel=\"noopener\">tipos de ba\u00eda alta de alta temperatura<\/a> em espa\u00e7os pequenos e quentes. Op\u00e7\u00e3o de montagem no teto ou de suspens\u00e3o, muito utilizada em \u00e1reas industriais e comerciais.<\/p>\n<h4>Carater\u00edsticas do produto<\/h4>\n<ol>\n<li>40W, 60W, 75W, 100W<\/li>\n<li>Suporta uma temperatura ambiente de 75\u2103<\/li>\n<li>Totalmente selado, resistente ao vapor<\/li>\n<li>Prote\u00e7\u00e3o IP66\/IP69K e IK10<\/li>\n<li>PC de alta intensidade e alum\u00ednio extrudido<\/li>\n<li>0-10V regul\u00e1vel<\/li>\n<\/ol>","protected":false},"featured_media":6928,"template":"","meta":{"_acf_changed":false,"_kadence_starter_templates_imported_post":false,"_kad_post_transparent":"default","_kad_post_title":"","_kad_post_layout":"default","_kad_post_sidebar_id":"","_kad_post_content_style":"default","_kad_post_vertical_padding":"default","_kad_post_feature":"","_kad_post_feature_position":"","_kad_post_header":false,"_kad_post_footer":false},"product_brand":[],"product_cat":[132,145],"product_tag":[],"class_list":{"0":"post-3261","1":"product","2":"type-product","3":"status-publish","4":"has-post-thumbnail","6":"product_cat-tri-proof-lighting","7":"product_cat-high-temp-lighting","9":"first","10":"instock","11":"downloadable","12":"virtual","13":"product-type-simple","14":"entry","15":"content-bg","16":"loop-entry"},"acf":[],"_links":{"self":[{"href":"https:\/\/ledrhythm.com\/pt\/wp-json\/wp\/v2\/product\/3261","targetHints":{"allow":["GET"]}}],"collection":[{"href":"https:\/\/ledrhythm.com\/pt\/wp-json\/wp\/v2\/product"}],"about":[{"href":"https:\/\/ledrhythm.com\/pt\/wp-json\/wp\/v2\/types\/product"}],"wp:featuredmedia":[{"embeddable":true,"href":"https:\/\/ledrhythm.com\/pt\/wp-json\/wp\/v2\/media\/6928"}],"wp:attachment":[{"href":"https:\/\/ledrhythm.com\/pt\/wp-json\/wp\/v2\/media?parent=3261"}],"wp:term":[{"taxonomy":"product_brand","embeddable":true,"href":"https:\/\/ledrhythm.com\/pt\/wp-json\/wp\/v2\/product_brand?post=3261"},{"taxonomy":"product_cat","embeddable":true,"href":"https:\/\/ledrhythm.com\/pt\/wp-json\/wp\/v2\/product_cat?post=3261"},{"taxonomy":"product_tag","embeddable":true,"href":"https:\/\/ledrhythm.com\/pt\/wp-json\/wp\/v2\/product_tag?post=3261"}],"curies":[{"name":"wp","href":"https:\/\/api.w.org\/{rel}","templated":true}]}}