{"id":3256,"date":"2025-03-28T07:37:15","date_gmt":"2025-03-28T07:37:15","guid":{"rendered":"https:\/\/ledrhythm.com\/products\/led-high-bay-lights-brightening-industrial-warehouses"},"modified":"2025-11-08T09:04:50","modified_gmt":"2025-11-08T09:04:50","slug":"round-best-ufo-led-high-bay-lights-high-light-efficiency","status":"publish","type":"product","link":"https:\/\/ledrhythm.com\/pt\/product\/round-best-ufo-led-high-bay-lights-high-light-efficiency","title":{"rendered":"A melhor luz LED para compartimento alto UFO com respirador e sensor de movimento"},"content":{"rendered":"","protected":false},"excerpt":{"rendered":"<p>Esta luz LED de alto brilho UFO adopta um design de apar\u00eancia oca simplificada, caixa de alum\u00ednio fundido de alta resist\u00eancia. A sua estrutura de aletas \u00fanica facilita o fluxo de ar e melhora a dissipa\u00e7\u00e3o de calor, e permite op\u00e7\u00f5es flex\u00edveis para instala\u00e7\u00e3o suspensa ou com suporte em U. Equipado com <a href=\"https:\/\/ledrhythm.com\/pt\/news\/motion-sensor-lights-and-security-light.html\/\" target=\"_blank\" rel=\"noopener\">sensor de movimento<\/a>A l\u00e2mpada de incandesc\u00eancia tem uma capacidade de regula\u00e7\u00e3o inteligente e uma efic\u00e1cia luminosa de 180lm\/W, assegurando simultaneamente uma ilumina\u00e7\u00e3o com baixo teor de carbono e uma poupan\u00e7a de energia; possui um respirador para evitar a condensa\u00e7\u00e3o em ambientes de baixa temperatura e equilibrar a press\u00e3o do ar. A cobertura em acr\u00edlico mate de alta transmit\u00e2ncia reduz eficazmente o encandeamento, sendo amplamente utilizada na ilumina\u00e7\u00e3o industrial de interiores, como armaz\u00e9ns, <a href=\"https:\/\/ledrhythm.com\/pt\/led-factory-lights\/\" target=\"_blank\" rel=\"noopener\">f\u00e1bricas<\/a> e <a href=\"https:\/\/ledrhythm.com\/pt\/led-lights-for-walk-in-coolers-freezers\/\" target=\"_blank\" rel=\"noopener\">c\u00e2maras frigor\u00edficas<\/a>.<\/p>\n<h4>Carater\u00edsticas do produto<\/h4>\n<ol>\n<li>60, 80W, 100W, 120W, 150W, 180W, 240W<\/li>\n<li>Efici\u00eancia luminosa at\u00e9 180lm\/W<\/li>\n<li>\u00c1rea de dissipa\u00e7\u00e3o de calor por 25%<\/li>\n<li>Opera\u00e7\u00e3o est\u00e1vel de -40 \u2103 a -45 \u2103<\/li>\n<li>Antirreflexo, elevada restitui\u00e7\u00e3o de cores, excelente ilumina\u00e7\u00e3o<\/li>\n<li>Regula\u00e7\u00e3o da intensidade luminosa de 0-10V e dete\u00e7\u00e3o autom\u00e1tica<\/li>\n<\/ol>","protected":false},"featured_media":6862,"template":"","meta":{"_acf_changed":false,"_kadence_starter_templates_imported_post":false,"_kad_post_transparent":"default","_kad_post_title":"","_kad_post_layout":"default","_kad_post_sidebar_id":"","_kad_post_content_style":"default","_kad_post_vertical_padding":"default","_kad_post_feature":"","_kad_post_feature_position":"","_kad_post_header":false,"_kad_post_footer":false},"product_brand":[],"product_cat":[41],"product_tag":[],"class_list":{"0":"post-3256","1":"product","2":"type-product","3":"status-publish","4":"has-post-thumbnail","6":"product_cat-high-bay-lighting","8":"first","9":"instock","10":"downloadable","11":"virtual","12":"product-type-simple","13":"entry","14":"content-bg","15":"loop-entry"},"acf":[],"_links":{"self":[{"href":"https:\/\/ledrhythm.com\/pt\/wp-json\/wp\/v2\/product\/3256","targetHints":{"allow":["GET"]}}],"collection":[{"href":"https:\/\/ledrhythm.com\/pt\/wp-json\/wp\/v2\/product"}],"about":[{"href":"https:\/\/ledrhythm.com\/pt\/wp-json\/wp\/v2\/types\/product"}],"wp:featuredmedia":[{"embeddable":true,"href":"https:\/\/ledrhythm.com\/pt\/wp-json\/wp\/v2\/media\/6862"}],"wp:attachment":[{"href":"https:\/\/ledrhythm.com\/pt\/wp-json\/wp\/v2\/media?parent=3256"}],"wp:term":[{"taxonomy":"product_brand","embeddable":true,"href":"https:\/\/ledrhythm.com\/pt\/wp-json\/wp\/v2\/product_brand?post=3256"},{"taxonomy":"product_cat","embeddable":true,"href":"https:\/\/ledrhythm.com\/pt\/wp-json\/wp\/v2\/product_cat?post=3256"},{"taxonomy":"product_tag","embeddable":true,"href":"https:\/\/ledrhythm.com\/pt\/wp-json\/wp\/v2\/product_tag?post=3256"}],"curies":[{"name":"wp","href":"https:\/\/api.w.org\/{rel}","templated":true}]}}