{"id":3251,"date":"2025-03-28T07:37:09","date_gmt":"2025-03-28T07:37:09","guid":{"rendered":"https:\/\/ledrhythm.com\/products\/how-much-does-a-smart-street-light-cost"},"modified":"2025-12-05T08:55:10","modified_gmt":"2025-12-05T08:55:10","slug":"smart-outdoor-led-street-light-for-40-300w","status":"publish","type":"product","link":"https:\/\/ledrhythm.com\/pt\/product\/smart-outdoor-led-street-light-for-40-300w","title":{"rendered":"Luz de rua LED inteligente para exterior para 40W-300W"},"content":{"rendered":"","protected":false},"excerpt":{"rendered":"<p>\"Moon\u2162\" inteligente para exterior <a href=\"https:\/\/ledrhythm.com\/pt\/categories\/led-street-lights\/\" target=\"_blank\" rel=\"noopener\">Luz de rua LED<\/a> \u00e9 o produto mais inovador e duradouro do nosso <a href=\"https:\/\/ledrhythm.com\/pt\/led-public-lighting\/\" target=\"_blank\" rel=\"noopener\">ilumina\u00e7\u00e3o p\u00fablica<\/a>. A lumin\u00e1ria pode ser equipada com fotoc\u00e9lula, tomadas NEMA\/Zhaga na parte superior, o que permite um controlo inteligente, como regula\u00e7\u00e3o de intensidade e sensor autom\u00e1tico. O material de alum\u00ednio fundido com revestimento anti-corros\u00e3o resiste facilmente a v\u00e1rias condi\u00e7\u00f5es climat\u00e9ricas adversas no exterior. A superf\u00edcie lisa evita a acumula\u00e7\u00e3o de p\u00f3, insectos e folhas. O design de encaixe permite a abertura sem ferramentas da tampa traseira para inspe\u00e7\u00e3o. CCT t\u00e3o baixo quanto 1800-2200K est\u00e1 dispon\u00edvel, tornando-o mais amig\u00e1vel para os animais. M\u00faltiplos \u00e2ngulos precisos de distribui\u00e7\u00e3o de luz para atender a diversas \u00e1reas ou <a href=\"https:\/\/ledrhythm.com\/pt\/led-street-roadway-lighting\/\" target=\"_blank\" rel=\"noopener\">ilumina\u00e7\u00e3o das estradas<\/a> necessidades.<\/p>\n<h4>Carater\u00edsticas do produto<\/h4>\n<ol>\n<li>40W, 60W, 80W, 100W, 120W, 150W, 200W, 240W, 300W<\/li>\n<li>Fotoc\u00e9lula, tomada NEMA e tomada Zhaga opcionais<\/li>\n<li>IP66, IK09, prote\u00e7\u00e3o contra picos de tens\u00e3o de 10KV\/20KV<\/li>\n<li>Acabamento com revestimento em p\u00f3 resistente \u00e0 corros\u00e3o com um m\u00ednimo de 3 mm<\/li>\n<li>A base de montagem suporta tanto a horizontal como a vertical<\/li>\n<\/ol>","protected":false},"featured_media":6923,"template":"","meta":{"_acf_changed":false,"_kadence_starter_templates_imported_post":false,"_kad_post_transparent":"default","_kad_post_title":"","_kad_post_layout":"default","_kad_post_sidebar_id":"","_kad_post_content_style":"default","_kad_post_vertical_padding":"default","_kad_post_feature":"","_kad_post_feature_position":"","_kad_post_header":false,"_kad_post_footer":false},"product_brand":[],"product_cat":[44,148],"product_tag":[],"class_list":{"0":"post-3251","1":"product","2":"type-product","3":"status-publish","4":"has-post-thumbnail","6":"product_cat-led-post-top-lights","7":"product_cat-led-street-lights","9":"first","10":"instock","11":"downloadable","12":"virtual","13":"product-type-simple","14":"entry","15":"content-bg","16":"loop-entry"},"acf":[],"_links":{"self":[{"href":"https:\/\/ledrhythm.com\/pt\/wp-json\/wp\/v2\/product\/3251","targetHints":{"allow":["GET"]}}],"collection":[{"href":"https:\/\/ledrhythm.com\/pt\/wp-json\/wp\/v2\/product"}],"about":[{"href":"https:\/\/ledrhythm.com\/pt\/wp-json\/wp\/v2\/types\/product"}],"wp:featuredmedia":[{"embeddable":true,"href":"https:\/\/ledrhythm.com\/pt\/wp-json\/wp\/v2\/media\/6923"}],"wp:attachment":[{"href":"https:\/\/ledrhythm.com\/pt\/wp-json\/wp\/v2\/media?parent=3251"}],"wp:term":[{"taxonomy":"product_brand","embeddable":true,"href":"https:\/\/ledrhythm.com\/pt\/wp-json\/wp\/v2\/product_brand?post=3251"},{"taxonomy":"product_cat","embeddable":true,"href":"https:\/\/ledrhythm.com\/pt\/wp-json\/wp\/v2\/product_cat?post=3251"},{"taxonomy":"product_tag","embeddable":true,"href":"https:\/\/ledrhythm.com\/pt\/wp-json\/wp\/v2\/product_tag?post=3251"}],"curies":[{"name":"wp","href":"https:\/\/api.w.org\/{rel}","templated":true}]}}