{"id":3246,"date":"2025-03-28T07:37:01","date_gmt":"2025-03-28T07:37:01","guid":{"rendered":"https:\/\/ledrhythm.com\/products\/project-specific-led-garden-lights"},"modified":"2025-12-06T08:44:05","modified_gmt":"2025-12-06T08:44:05","slug":"modern-outdoor-led-post-light-pole-hoisting","status":"publish","type":"product","link":"https:\/\/ledrhythm.com\/pt\/product\/modern-outdoor-led-post-light-pole-hoisting","title":{"rendered":"Luz de poste LED moderna para exterior para montagem em poste e i\u00e7amento"},"content":{"rendered":"","protected":false},"excerpt":{"rendered":"<p>O poste de luz LED para exterior apresenta um design moderno e minimalista e suporta quatro m\u00e9todos de instala\u00e7\u00e3o diferentes, podendo trazer apelo visual \u00e0 \u00e1rea de aplica\u00e7\u00e3o. Controlamos rigorosamente a proje\u00e7\u00e3o da luz para baixo e oferecemos tr\u00eas \u00e2ngulos de feixe selecion\u00e1veis para evitar a polui\u00e7\u00e3o luminosa e obter uma cobertura global uniforme e suave. Constru\u00eddos em alum\u00ednio fundido, oferecem excelente dissipa\u00e7\u00e3o de calor e IP66\/IK08, protegendo eficazmente contra poeira, \u00e1gua e corros\u00e3o. Com uma pot\u00eancia que varia entre 20W e 100W, \u00e9 uma boa escolha para ilumina\u00e7\u00e3o paisag\u00edstica e ilumina\u00e7\u00e3o funcional de estradas.<\/p>\n<h4>Carater\u00edsticas do produto<\/h4>\n<ol>\n<li>20W,30W,40W,50W,60W,80W,100W<\/li>\n<li>Caixa totalmente em alum\u00ednio fundido sob press\u00e3o<\/li>\n<li>Instala\u00e7\u00e3o de 3 postes de ilumina\u00e7\u00e3o e 1 i\u00e7amento<\/li>\n<li>Prote\u00e7\u00e3o contra picos de tens\u00e3o de 10 \/20KV, IP66\/IK08<\/li>\n<li>Regula\u00e7\u00e3o de intensidade 0-10V opcional<\/li>\n<li>Anti-corros\u00e3o, controlo preciso da luz, pouco brilho<\/li>\n<\/ol>","protected":false},"featured_media":7098,"template":"","meta":{"_acf_changed":false,"_kadence_starter_templates_imported_post":false,"_kad_post_transparent":"default","_kad_post_title":"","_kad_post_layout":"default","_kad_post_sidebar_id":"","_kad_post_content_style":"default","_kad_post_vertical_padding":"default","_kad_post_feature":"","_kad_post_feature_position":"","_kad_post_header":false,"_kad_post_footer":false},"product_brand":[],"product_cat":[44],"product_tag":[],"class_list":{"0":"post-3246","1":"product","2":"type-product","3":"status-publish","4":"has-post-thumbnail","6":"product_cat-led-post-top-lights","8":"first","9":"instock","10":"downloadable","11":"virtual","12":"product-type-simple","13":"entry","14":"content-bg","15":"loop-entry"},"acf":[],"_links":{"self":[{"href":"https:\/\/ledrhythm.com\/pt\/wp-json\/wp\/v2\/product\/3246","targetHints":{"allow":["GET"]}}],"collection":[{"href":"https:\/\/ledrhythm.com\/pt\/wp-json\/wp\/v2\/product"}],"about":[{"href":"https:\/\/ledrhythm.com\/pt\/wp-json\/wp\/v2\/types\/product"}],"wp:featuredmedia":[{"embeddable":true,"href":"https:\/\/ledrhythm.com\/pt\/wp-json\/wp\/v2\/media\/7098"}],"wp:attachment":[{"href":"https:\/\/ledrhythm.com\/pt\/wp-json\/wp\/v2\/media?parent=3246"}],"wp:term":[{"taxonomy":"product_brand","embeddable":true,"href":"https:\/\/ledrhythm.com\/pt\/wp-json\/wp\/v2\/product_brand?post=3246"},{"taxonomy":"product_cat","embeddable":true,"href":"https:\/\/ledrhythm.com\/pt\/wp-json\/wp\/v2\/product_cat?post=3246"},{"taxonomy":"product_tag","embeddable":true,"href":"https:\/\/ledrhythm.com\/pt\/wp-json\/wp\/v2\/product_tag?post=3246"}],"curies":[{"name":"wp","href":"https:\/\/api.w.org\/{rel}","templated":true}]}}