{"id":3236,"date":"2025-03-28T07:36:47","date_gmt":"2025-03-28T07:36:47","guid":{"rendered":"https:\/\/ledrhythm.com\/products\/wholesale-led-high-bay-lights"},"modified":"2025-11-17T05:41:36","modified_gmt":"2025-11-17T05:41:36","slug":"high-bay-led-light-for-commercial-industrial","status":"publish","type":"product","link":"https:\/\/ledrhythm.com\/pt\/product\/high-bay-led-light-for-commercial-industrial","title":{"rendered":"L\u00e2mpada LED inteligente para compartimento alto para com\u00e9rcio e ind\u00fastria"},"content":{"rendered":"","protected":false},"excerpt":{"rendered":"<p>Esta \u00e9 uma luz LED de alto brilho redonda UFO inteligente e vers\u00e1til. O CCT pode ser ajustado entre 3000K-5000K, e a pot\u00eancia pode ser ajustada entre 0 e m\u00e1ximo. Equipado com <a href=\"https:\/\/ledrhythm.com\/pt\/news\/motion-sensor-lights-and-security-light.html\/\" target=\"_blank\" rel=\"noopener\">sensor de movimento inteligente<\/a> para uma maior poupan\u00e7a de energia. A vers\u00e3o de alta efici\u00eancia pode fornecer at\u00e9 200lm\/W de sa\u00edda. Pode ser ligada \u00e0 alimenta\u00e7\u00e3o de emerg\u00eancia para fornecer ilumina\u00e7\u00e3o de emerg\u00eancia ap\u00f3s uma falha de energia. Tamb\u00e9m pode ser utilizada em <a href=\"https:\/\/ledrhythm.com\/pt\/led-lights-for-walk-in-coolers-freezers\/\" target=\"_blank\" rel=\"noopener\">ilumina\u00e7\u00e3o de arcas congeladoras<\/a> com temperaturas t\u00e3o baixas como -40\u00b0C. Al\u00e9m disso, o candeeiro alto pode ser orientado para cima, obtendo uma ilumina\u00e7\u00e3o indireta atrav\u00e9s do reflexo no teto com um encandeamento extremamente reduzido, o que o torna uma vantagem significativa para interiores <a href=\"https:\/\/ledrhythm.com\/pt\/led-sports-lighting\/\" target=\"_blank\" rel=\"noopener\">ilumina\u00e7\u00e3o desportiva<\/a>.<\/p>\n<p>Todas estas carater\u00edsticas s\u00e3o selecion\u00e1veis, suportando montagem suspensa, em superf\u00edcie e em suporte, prote\u00e7\u00e3o IP66 e \u00edndice de restitui\u00e7\u00e3o de cor de 80+. O objetivo \u00e9 satisfazer as necessidades de ilumina\u00e7\u00e3o de v\u00e1rias aplica\u00e7\u00f5es industriais e comerciais.<\/p>\n<h4>Carater\u00edsticas do produto<\/h4>\n<ol>\n<li>80W,100W,120W,150W,200W,240W<\/li>\n<li>Estrutura de dissipa\u00e7\u00e3o de calor em favo de mel, boa<\/li>\n<li>V\u00e1rios \u00e2ngulos de feixe, reflex\u00e3o difusa, pouco brilho<\/li>\n<li>Sensor de movimento, alimenta\u00e7\u00e3o de emerg\u00eancia, op\u00e7\u00f5es de temperatura ultra baixa<\/li>\n<li>Regula\u00e7\u00e3o da intensidade da luz de 0-10V, pot\u00eancia e temperatura da cor tamb\u00e9m s\u00e3o ajust\u00e1veis<\/li>\n<\/ol>","protected":false},"featured_media":9552,"template":"","meta":{"_acf_changed":false,"_kadence_starter_templates_imported_post":false,"_kad_post_transparent":"default","_kad_post_title":"","_kad_post_layout":"default","_kad_post_sidebar_id":"","_kad_post_content_style":"default","_kad_post_vertical_padding":"default","_kad_post_feature":"","_kad_post_feature_position":"","_kad_post_header":false,"_kad_post_footer":false},"product_brand":[],"product_cat":[41],"product_tag":[],"class_list":{"0":"post-3236","1":"product","2":"type-product","3":"status-publish","4":"has-post-thumbnail","6":"product_cat-high-bay-lighting","8":"first","9":"instock","10":"downloadable","11":"virtual","12":"product-type-simple","13":"entry","14":"content-bg","15":"loop-entry"},"acf":[],"_links":{"self":[{"href":"https:\/\/ledrhythm.com\/pt\/wp-json\/wp\/v2\/product\/3236","targetHints":{"allow":["GET"]}}],"collection":[{"href":"https:\/\/ledrhythm.com\/pt\/wp-json\/wp\/v2\/product"}],"about":[{"href":"https:\/\/ledrhythm.com\/pt\/wp-json\/wp\/v2\/types\/product"}],"wp:featuredmedia":[{"embeddable":true,"href":"https:\/\/ledrhythm.com\/pt\/wp-json\/wp\/v2\/media\/9552"}],"wp:attachment":[{"href":"https:\/\/ledrhythm.com\/pt\/wp-json\/wp\/v2\/media?parent=3236"}],"wp:term":[{"taxonomy":"product_brand","embeddable":true,"href":"https:\/\/ledrhythm.com\/pt\/wp-json\/wp\/v2\/product_brand?post=3236"},{"taxonomy":"product_cat","embeddable":true,"href":"https:\/\/ledrhythm.com\/pt\/wp-json\/wp\/v2\/product_cat?post=3236"},{"taxonomy":"product_tag","embeddable":true,"href":"https:\/\/ledrhythm.com\/pt\/wp-json\/wp\/v2\/product_tag?post=3236"}],"curies":[{"name":"wp","href":"https:\/\/api.w.org\/{rel}","templated":true}]}}