{"id":3231,"date":"2025-03-28T07:36:42","date_gmt":"2025-03-28T07:36:42","guid":{"rendered":"https:\/\/ledrhythm.com\/products\/ugr"},"modified":"2025-11-25T07:06:21","modified_gmt":"2025-11-25T07:06:21","slug":"linear-low-bay-led-light-low-glare","status":"publish","type":"product","link":"https:\/\/ledrhythm.com\/pt\/product\/linear-low-bay-led-light-low-glare","title":{"rendered":"Luz linear LED industrial e comercial de 4 p\u00e9s"},"content":{"rendered":"","protected":false},"excerpt":{"rendered":"<p>A estrutura \u00e9 feita de chapa met\u00e1lica linear e o comprimento \u00e9 de aproximadamente 4 p\u00e9s (3,8 p\u00e9s). Oferece uma elevada efici\u00eancia luminosa, com uma pot\u00eancia que varia entre 80-150W, e pode ser utilizada tanto para ilumina\u00e7\u00e3o de cais alto como baixo. Est\u00e1 equipada com tr\u00eas m\u00e9todos de distribui\u00e7\u00e3o de luz: placa de difus\u00e3o, placa antirreflexo e lente, conseguindo um controlo preciso da luz, filtrando eficazmente o brilho e produzindo uma luz uniforme e suave para satisfazer diversas necessidades de ilumina\u00e7\u00e3o. Os tr\u00eas m\u00e9todos podem ser equipados com grelhas anti-colis\u00e3o para prote\u00e7\u00e3o contra impactos de bolas.<\/p>\n<p>A instala\u00e7\u00e3o \u00e9 simples e suporta a jun\u00e7\u00e3o de v\u00e1rios m\u00f3dulos. \u00c9 adequado para v\u00e1rias aplica\u00e7\u00f5es de ilumina\u00e7\u00e3o linear LED industriais e comerciais, tais como <a href=\"https:\/\/ledrhythm.com\/pt\/led-sports-lighting\/\" target=\"_blank\" rel=\"noopener\">campos desportivos<\/a>armaz\u00e9ns, e <a href=\"https:\/\/ledrhythm.com\/pt\/led-garage-lighting\/\" target=\"_blank\" rel=\"noopener\">garagens<\/a>, etc.<\/p>\n<h4>Carater\u00edsticas do produto<\/h4>\n<ol>\n<li>80W, 100W, 120W, 150W<\/li>\n<li>Efic\u00e1cia luminosa at\u00e9 170lm\/W<\/li>\n<li>Luz suave, pouco brilho, IK08 anti-colis\u00e3o<\/li>\n<li>Placa difusora, placa antirreflexo e lente opcionais<\/li>\n<li>0-10V regul\u00e1vel<\/li>\n<\/ol>","protected":false},"featured_media":6866,"template":"","meta":{"_acf_changed":false,"_kadence_starter_templates_imported_post":false,"_kad_post_transparent":"default","_kad_post_title":"","_kad_post_layout":"default","_kad_post_sidebar_id":"","_kad_post_content_style":"default","_kad_post_vertical_padding":"default","_kad_post_feature":"","_kad_post_feature_position":"","_kad_post_header":false,"_kad_post_footer":false},"product_brand":[],"product_cat":[131],"product_tag":[],"class_list":{"0":"post-3231","1":"product","2":"type-product","3":"status-publish","4":"has-post-thumbnail","6":"product_cat-linear-lighting","8":"first","9":"instock","10":"downloadable","11":"virtual","12":"product-type-simple","13":"entry","14":"content-bg","15":"loop-entry"},"acf":[],"_links":{"self":[{"href":"https:\/\/ledrhythm.com\/pt\/wp-json\/wp\/v2\/product\/3231","targetHints":{"allow":["GET"]}}],"collection":[{"href":"https:\/\/ledrhythm.com\/pt\/wp-json\/wp\/v2\/product"}],"about":[{"href":"https:\/\/ledrhythm.com\/pt\/wp-json\/wp\/v2\/types\/product"}],"wp:featuredmedia":[{"embeddable":true,"href":"https:\/\/ledrhythm.com\/pt\/wp-json\/wp\/v2\/media\/6866"}],"wp:attachment":[{"href":"https:\/\/ledrhythm.com\/pt\/wp-json\/wp\/v2\/media?parent=3231"}],"wp:term":[{"taxonomy":"product_brand","embeddable":true,"href":"https:\/\/ledrhythm.com\/pt\/wp-json\/wp\/v2\/product_brand?post=3231"},{"taxonomy":"product_cat","embeddable":true,"href":"https:\/\/ledrhythm.com\/pt\/wp-json\/wp\/v2\/product_cat?post=3231"},{"taxonomy":"product_tag","embeddable":true,"href":"https:\/\/ledrhythm.com\/pt\/wp-json\/wp\/v2\/product_tag?post=3231"}],"curies":[{"name":"wp","href":"https:\/\/api.w.org\/{rel}","templated":true}]}}