{"id":3212,"date":"2025-03-28T07:36:07","date_gmt":"2025-03-28T07:36:07","guid":{"rendered":"https:\/\/ledrhythm.com\/products\/professional-sports-mid-and-low-pole-lighting"},"modified":"2025-11-27T09:00:47","modified_gmt":"2025-11-27T09:00:47","slug":"slim-outside-led-flood-light","status":"publish","type":"product","link":"https:\/\/ledrhythm.com\/pt\/product\/slim-outside-led-flood-light","title":{"rendered":"Holofote LED Comercial Fino 100W-400W"},"content":{"rendered":"","protected":false},"excerpt":{"rendered":"<p>O holofote LED comercial \u00e9 projetado com alum\u00ednio fundido fino, mas ainda possui uma grande \u00e1rea de aletas de dissipa\u00e7\u00e3o de calor de alum\u00ednio para dissipar rapidamente o calor gerado durante a opera\u00e7\u00e3o. A pot\u00eancia varia entre 100-400W, oferece dois m\u00e9todos de distribui\u00e7\u00e3o de luz: copo refletor e lente, e seleciona v\u00e1rios \u00e2ngulos de feixe, permitindo um controlo muito preciso da luz e garantindo uma elevada uniformidade e luz suave. \u00c9 ideal para cen\u00e1rios com elevados requisitos de qualidade de ilumina\u00e7\u00e3o, tais como <a href=\"https:\/\/ledrhythm.com\/pt\/led-sports-lighting\/\" target=\"_blank\" rel=\"noopener\">ilumina\u00e7\u00e3o desportiva<\/a> ou comercial <a href=\"https:\/\/ledrhythm.com\/pt\/led-area-lights\/\" target=\"_blank\" rel=\"noopener\">ilumina\u00e7\u00e3o da \u00e1rea<\/a>. O suporte de montagem ajust\u00e1vel est\u00e1 equipado com uma escala, permitindo um ajuste preciso do \u00e2ngulo de ilumina\u00e7\u00e3o para evitar o desperd\u00edcio de luz.<\/p>\n<h4>Carater\u00edsticas do produto<\/h4>\n<ol>\n<li>100W, 200W, 300W, 400W<\/li>\n<li>0-10V\/DALI 2 Regula\u00e7\u00e3o de intensidade<\/li>\n<li>IP66, prote\u00e7\u00e3o contra picos de tens\u00e3o de 10KV<\/li>\n<li>Elevada efici\u00eancia e mais de 50.000 horas de vida \u00fatil<\/li>\n<li>Design fino, alum\u00ednio fundido de alta resist\u00eancia<\/li>\n<li>Os designs \u00f3pticos assim\u00e9tricos m\u00faltiplos reduzem o encandeamento e a luz difusa.<\/li>\n<\/ol>","protected":false},"featured_media":6919,"template":"","meta":{"_acf_changed":false,"_kadence_starter_templates_imported_post":false,"_kad_post_transparent":"default","_kad_post_title":"","_kad_post_layout":"default","_kad_post_sidebar_id":"","_kad_post_content_style":"default","_kad_post_vertical_padding":"default","_kad_post_feature":"","_kad_post_feature_position":"","_kad_post_header":false,"_kad_post_footer":false},"product_brand":[],"product_cat":[42],"product_tag":[],"class_list":{"0":"post-3212","1":"product","2":"type-product","3":"status-publish","4":"has-post-thumbnail","6":"product_cat-flood-lighting","8":"first","9":"instock","10":"downloadable","11":"virtual","12":"product-type-simple","13":"entry","14":"content-bg","15":"loop-entry"},"acf":[],"_links":{"self":[{"href":"https:\/\/ledrhythm.com\/pt\/wp-json\/wp\/v2\/product\/3212","targetHints":{"allow":["GET"]}}],"collection":[{"href":"https:\/\/ledrhythm.com\/pt\/wp-json\/wp\/v2\/product"}],"about":[{"href":"https:\/\/ledrhythm.com\/pt\/wp-json\/wp\/v2\/types\/product"}],"wp:featuredmedia":[{"embeddable":true,"href":"https:\/\/ledrhythm.com\/pt\/wp-json\/wp\/v2\/media\/6919"}],"wp:attachment":[{"href":"https:\/\/ledrhythm.com\/pt\/wp-json\/wp\/v2\/media?parent=3212"}],"wp:term":[{"taxonomy":"product_brand","embeddable":true,"href":"https:\/\/ledrhythm.com\/pt\/wp-json\/wp\/v2\/product_brand?post=3212"},{"taxonomy":"product_cat","embeddable":true,"href":"https:\/\/ledrhythm.com\/pt\/wp-json\/wp\/v2\/product_cat?post=3212"},{"taxonomy":"product_tag","embeddable":true,"href":"https:\/\/ledrhythm.com\/pt\/wp-json\/wp\/v2\/product_tag?post=3212"}],"curies":[{"name":"wp","href":"https:\/\/api.w.org\/{rel}","templated":true}]}}