{"id":3199,"date":"2025-03-28T07:35:40","date_gmt":"2025-03-28T07:35:40","guid":{"rendered":"https:\/\/ledrhythm.com\/products\/perfect-beam-angle-led-sports-flood-light"},"modified":"2025-12-01T09:08:42","modified_gmt":"2025-12-01T09:08:42","slug":"big-exterior-dimmable-led-flood-lights","status":"publish","type":"product","link":"https:\/\/ledrhythm.com\/pt\/product\/big-exterior-dimmable-led-flood-lights","title":{"rendered":"Holofote LED grande para exterior - 60W por m\u00f3dulo"},"content":{"rendered":"","protected":false},"excerpt":{"rendered":"<p>Design modular da fonte de luz, um m\u00f3dulo \u00e9 de 60W, com pot\u00eancia variando de 120W a 600W. Estrutura totalmente em alum\u00ednio, \u00e9 um verdadeiro projetor LED de grandes dimens\u00f5es, proporcionando um maior espa\u00e7o de dissipa\u00e7\u00e3o de calor. E equipado com um compartimento de alimenta\u00e7\u00e3o independente do condutor, o que facilita a manuten\u00e7\u00e3o e n\u00e3o \u00e9 afetado pelo calor gerado pelo chip LED. O escudo pode prevenir eficazmente o derrame de luz, reduzir a polui\u00e7\u00e3o luminosa e evitar o encandeamento, a grelha met\u00e1lica protege a superf\u00edcie emissora de luz dos impactos, reduzindo o risco de danos. O suporte de montagem pode ser ajustado a 360\u00b0. Adequado para ilumina\u00e7\u00e3o em <a href=\"https:\/\/ledrhythm.com\/pt\/led-stadium-arena-lights\/\" target=\"_blank\" rel=\"noopener\">est\u00e1dios<\/a>, <a href=\"https:\/\/ledrhythm.com\/pt\/led-parking-lot-lights\/\" target=\"_blank\" rel=\"noopener\">parques de estacionamento<\/a>e outras grandes \u00e1reas exteriores.<\/p>\n<h4>Carater\u00edsticas do produto<\/h4>\n<ol>\n<li>120W, 180W, 240W, 360W, 480W, 600W<\/li>\n<li>Seis \u00e2ngulos de feixe, controlo preciso da luz<\/li>\n<li>IP66 e IK08, prote\u00e7\u00e3o contra picos de tens\u00e3o de 10KV<\/li>\n<li>Prote\u00e7\u00e3o opcional e grelha met\u00e1lica<\/li>\n<li>Regula\u00e7\u00e3o de 0-10V e DALI 2<\/li>\n<\/ol>","protected":false},"featured_media":9618,"template":"","meta":{"_acf_changed":false,"_kadence_starter_templates_imported_post":false,"_kad_post_transparent":"default","_kad_post_title":"","_kad_post_layout":"default","_kad_post_sidebar_id":"","_kad_post_content_style":"default","_kad_post_vertical_padding":"default","_kad_post_feature":"","_kad_post_feature_position":"","_kad_post_header":false,"_kad_post_footer":false},"product_brand":[],"product_cat":[42],"product_tag":[],"class_list":{"0":"post-3199","1":"product","2":"type-product","3":"status-publish","4":"has-post-thumbnail","6":"product_cat-flood-lighting","8":"first","9":"instock","10":"downloadable","11":"virtual","12":"product-type-simple","13":"entry","14":"content-bg","15":"loop-entry"},"acf":[],"_links":{"self":[{"href":"https:\/\/ledrhythm.com\/pt\/wp-json\/wp\/v2\/product\/3199","targetHints":{"allow":["GET"]}}],"collection":[{"href":"https:\/\/ledrhythm.com\/pt\/wp-json\/wp\/v2\/product"}],"about":[{"href":"https:\/\/ledrhythm.com\/pt\/wp-json\/wp\/v2\/types\/product"}],"wp:featuredmedia":[{"embeddable":true,"href":"https:\/\/ledrhythm.com\/pt\/wp-json\/wp\/v2\/media\/9618"}],"wp:attachment":[{"href":"https:\/\/ledrhythm.com\/pt\/wp-json\/wp\/v2\/media?parent=3199"}],"wp:term":[{"taxonomy":"product_brand","embeddable":true,"href":"https:\/\/ledrhythm.com\/pt\/wp-json\/wp\/v2\/product_brand?post=3199"},{"taxonomy":"product_cat","embeddable":true,"href":"https:\/\/ledrhythm.com\/pt\/wp-json\/wp\/v2\/product_cat?post=3199"},{"taxonomy":"product_tag","embeddable":true,"href":"https:\/\/ledrhythm.com\/pt\/wp-json\/wp\/v2\/product_tag?post=3199"}],"curies":[{"name":"wp","href":"https:\/\/api.w.org\/{rel}","templated":true}]}}