{"id":8574,"date":"2025-10-14T08:04:27","date_gmt":"2025-10-14T08:04:27","guid":{"rendered":"https:\/\/ledrhythm.com\/?page_id=8574"},"modified":"2025-10-15T05:12:11","modified_gmt":"2025-10-15T05:12:11","slug":"warranty","status":"publish","type":"page","link":"https:\/\/ledrhythm.com\/pt\/warranty","title":{"rendered":"Garantia"},"content":{"rendered":"<div data-elementor-type=\"wp-page\" data-elementor-id=\"8574\" class=\"elementor elementor-8574\" data-elementor-post-type=\"page\">\n\t\t\t\t<div class=\"elementor-element elementor-element-02f366b e-flex e-con-boxed e-con e-parent\" data-id=\"02f366b\" data-element_type=\"container\" data-e-type=\"container\">\n\t\t\t\t\t<div class=\"e-con-inner\">\n\t\t\t\t<div class=\"elementor-element elementor-element-c1b21c1 elementor-widget elementor-widget-heading\" data-id=\"c1b21c1\" data-element_type=\"widget\" data-e-type=\"widget\" data-widget_type=\"heading.default\">\n\t\t\t\t\t<h1 class=\"elementor-heading-title elementor-size-default\">GARANTIA PARA AS LUMIN\u00c1RIAS LEDRHYTHM\u00ae LED<\/h1>\t\t\t\t<\/div>\n\t\t\t\t<div class=\"elementor-element elementor-element-5e99f6d elementor-widget elementor-widget-heading\" data-id=\"5e99f6d\" data-element_type=\"widget\" data-e-type=\"widget\" data-widget_type=\"heading.default\">\n\t\t\t\t\t<h2 class=\"elementor-heading-title elementor-size-default\">\u00c2mbito da garantia<\/h2>\t\t\t\t<\/div>\n\t\t\t\t<div class=\"elementor-element elementor-element-2dcadbc elementor-widget elementor-widget-text-editor\" data-id=\"2dcadbc\" data-element_type=\"widget\" data-e-type=\"widget\" data-widget_type=\"text-editor.default\">\n\t\t\t\t\t\t\t\t\t<p>Esta garantia limitada aplica-se a todos os produtos de ilumina\u00e7\u00e3o LED fabricados e fornecidos pela nossa empresa. A garantia cobre defeitos de material e de fabrico em condi\u00e7\u00f5es normais e adequadas de instala\u00e7\u00e3o, utiliza\u00e7\u00e3o e manuten\u00e7\u00e3o. A garantia prev\u00ea a repara\u00e7\u00e3o ou substitui\u00e7\u00e3o dos produtos, que podem ser comprovadamente defeituosos ou afectados por qualquer v\u00edcio de produ\u00e7\u00e3o, a crit\u00e9rio do fornecedor.<\/p>\t\t\t\t\t\t\t\t<\/div>\n\t\t\t\t<div class=\"elementor-element elementor-element-9c88afd elementor-widget elementor-widget-heading\" data-id=\"9c88afd\" data-element_type=\"widget\" data-e-type=\"widget\" data-widget_type=\"heading.default\">\n\t\t\t\t\t<h2 class=\"elementor-heading-title elementor-size-default\">Per\u00edodo de garantia<\/h2>\t\t\t\t<\/div>\n\t\t\t\t<div class=\"elementor-element elementor-element-7583589 elementor-widget elementor-widget-text-editor\" data-id=\"7583589\" data-element_type=\"widget\" data-e-type=\"widget\" data-widget_type=\"text-editor.default\">\n\t\t\t\t\t\t\t\t\t<p>Sujeito \u00e0s disposi\u00e7\u00f5es estabelecidas nos Termos e Condi\u00e7\u00f5es de Garantia e conforme estabelecido no presente documento, o Comprador recebe uma garantia padr\u00e3o de 5 anos. Um per\u00edodo de garantia mais longo \u00e9 opcional (alguns produtos especiais s\u00e3o oferecidos com um per\u00edodo de garantia diferente. O comprador deve contactar o vendedor). O per\u00edodo de garantia come\u00e7a a contar a partir da data de entrega. Qualquer per\u00edodo de garantia especial deve ser indicado no contrato de venda.<\/p>\t\t\t\t\t\t\t\t<\/div>\n\t\t\t\t<div class=\"elementor-element elementor-element-92da95a elementor-widget elementor-widget-heading\" data-id=\"92da95a\" data-element_type=\"widget\" data-e-type=\"widget\" data-widget_type=\"heading.default\">\n\t\t\t\t\t<h2 class=\"elementor-heading-title elementor-size-default\">Cobertura da garantia<\/h2>\t\t\t\t<\/div>\n\t\t\t\t<div class=\"elementor-element elementor-element-e4b3ce0 elementor-widget elementor-widget-text-editor\" data-id=\"e4b3ce0\" data-element_type=\"widget\" data-e-type=\"widget\" data-widget_type=\"text-editor.default\">\n\t\t\t\t\t\t\t\t\t<p>Durante o per\u00edodo de garantia, a garantia cobre os seguintes componentes e fun\u00e7\u00f5es:<\/p><ul><li>Controladores de LED e m\u00f3dulos de pot\u00eancia<\/li><li>Pastilhas de LED e m\u00f3dulos de fontes de luz<\/li><li>Lente \u00f3tica, difusor e componentes antirreflexo<\/li><li>Caixa, estrutura de veda\u00e7\u00e3o e integridade \u00e0 prova de \u00e1gua<\/li><li>Desempenho el\u00e9trico, incluindo prote\u00e7\u00e3o contra sobretens\u00f5es, seguran\u00e7a de isolamento e sa\u00edda est\u00e1vel<\/li><\/ul>\t\t\t\t\t\t\t\t<\/div>\n\t\t\t\t<div class=\"elementor-element elementor-element-c5ce9cb elementor-widget elementor-widget-heading\" data-id=\"c5ce9cb\" data-element_type=\"widget\" data-e-type=\"widget\" data-widget_type=\"heading.default\">\n\t\t\t\t\t<h2 class=\"elementor-heading-title elementor-size-default\">Exclus\u00f5es da garantia<\/h2>\t\t\t\t<\/div>\n\t\t\t\t<div class=\"elementor-element elementor-element-11e4bf6 elementor-widget elementor-widget-text-editor\" data-id=\"11e4bf6\" data-element_type=\"widget\" data-e-type=\"widget\" data-widget_type=\"text-editor.default\">\n\t\t\t\t\t\t\t\t\t<p>Esta garantia n\u00e3o se aplica a falhas ou danos causados por. Se os danos forem causados pelos factores abaixo indicados, a LEDRHYTHM reserva-se o direito de cobrar custos de manuten\u00e7\u00e3o:<\/p><ul><li>O produto est\u00e1 fora da data de validade da garantia.\u00a0<\/li><li>Instala\u00e7\u00e3o incorrecta, cablagem ou utiliza\u00e7\u00e3o de sistemas de controlo incompat\u00edveis, ou repara\u00e7\u00e3o inadequada dos produtos.\u00a0<\/li><li>Modifica\u00e7\u00e3o n\u00e3o autorizada, desmontagem ou utiliza\u00e7\u00e3o de pe\u00e7as sobresselentes n\u00e3o originais<\/li><li>Corros\u00e3o ou danos causados por exposi\u00e7\u00e3o a produtos qu\u00edmicos ou ambientes especiais sem declara\u00e7\u00e3o pr\u00e9via<\/li><li>Os danos causados por motivos de for\u00e7a maior, como guerras, motins, sabotagens, ciclones, terramotos, maremotos, inunda\u00e7\u00f5es, quedas de luz, explos\u00f5es, inc\u00eandios, inunda\u00e7\u00f5es, etc.<\/li><\/ul>\t\t\t\t\t\t\t\t<\/div>\n\t\t\t\t<div class=\"elementor-element elementor-element-1d2d4b3 elementor-widget elementor-widget-heading\" data-id=\"1d2d4b3\" data-element_type=\"widget\" data-e-type=\"widget\" data-widget_type=\"heading.default\">\n\t\t\t\t\t<h2 class=\"elementor-heading-title elementor-size-default\">Responsabilidades do cliente<\/h2>\t\t\t\t<\/div>\n\t\t\t\t<div class=\"elementor-element elementor-element-dae8cad elementor-widget elementor-widget-text-editor\" data-id=\"dae8cad\" data-element_type=\"widget\" data-e-type=\"widget\" data-widget_type=\"text-editor.default\">\n\t\t\t\t\t\t\t\t\t<p>Para manter a validade da garantia, o cliente deve:<\/p><ul><li>Assegurar que a instala\u00e7\u00e3o segue as diretrizes oficiais de instala\u00e7\u00e3o e as normas el\u00e9ctricas<\/li><li>Conservar os documentos de compra originais (fatura\/comprovativo de entrega)<\/li><li>Fornecer informa\u00e7\u00f5es exactas sobre a avaria durante uma reclama\u00e7\u00e3o, incluindo modelo, quantidade, n\u00famero de lote e provas visuais<\/li><\/ul>\t\t\t\t\t\t\t\t<\/div>\n\t\t\t\t<div class=\"elementor-element elementor-element-1db4e3c elementor-widget elementor-widget-heading\" data-id=\"1db4e3c\" data-element_type=\"widget\" data-e-type=\"widget\" data-widget_type=\"heading.default\">\n\t\t\t\t\t<h2 class=\"elementor-heading-title elementor-size-default\">Procedimento de reclama\u00e7\u00e3o da garantia<\/h2>\t\t\t\t<\/div>\n\t\t\t\t<div class=\"elementor-element elementor-element-2f4c623 elementor-widget elementor-widget-text-editor\" data-id=\"2f4c623\" data-element_type=\"widget\" data-e-type=\"widget\" data-widget_type=\"text-editor.default\">\n\t\t\t\t\t\t\t\t\t<ol><li>O cliente apresenta o pedido de garantia com a documenta\u00e7\u00e3o necess\u00e1ria<\/li><li>O servi\u00e7o t\u00e9cnico avalia a avaria num prazo de resposta razo\u00e1vel<\/li><li>As pe\u00e7as de substitui\u00e7\u00e3o ou o acess\u00f3rio ser\u00e3o fornecidos com base no resultado da avalia\u00e7\u00e3o<\/li><li>O fabricante pode solicitar a devolu\u00e7\u00e3o dos artigos defeituosos para an\u00e1lise<\/li><\/ol>\t\t\t\t\t\t\t\t<\/div>\n\t\t\t\t<div class=\"elementor-element elementor-element-99beaf5 elementor-widget elementor-widget-heading\" data-id=\"99beaf5\" data-element_type=\"widget\" data-e-type=\"widget\" data-widget_type=\"heading.default\">\n\t\t\t\t\t<h2 class=\"elementor-heading-title elementor-size-default\">Termos de substitui\u00e7\u00e3o e repara\u00e7\u00e3o<\/h2>\t\t\t\t<\/div>\n\t\t\t\t<div class=\"elementor-element elementor-element-d32d5a3 elementor-widget elementor-widget-text-editor\" data-id=\"d32d5a3\" data-element_type=\"widget\" data-e-type=\"widget\" data-widget_type=\"text-editor.default\">\n\t\t\t\t\t\t\t\t\t<ul><li>Os componentes ou lumin\u00e1rias de substitui\u00e7\u00e3o ser\u00e3o fornecidos gratuitamente durante o per\u00edodo de garantia<\/li><li>As pe\u00e7as de substitui\u00e7\u00e3o podem ser funcionalmente equivalentes, mas n\u00e3o necessariamente id\u00eanticas em termos de apar\u00eancia, devido \u00e0 itera\u00e7\u00e3o do produto<\/li><li>A garantia n\u00e3o cobre custos de m\u00e3o de obra, custos de assist\u00eancia no local ou custos de equipamento externo, salvo acordo em contr\u00e1rio<\/li><\/ul><p>O fabricante n\u00e3o pode ser responsabilizado por atrasos ou limita\u00e7\u00f5es de servi\u00e7o causados por factores externos incontrol\u00e1veis. Podem aplicar-se termos de garantia personalizados para projectos de engenharia especiais. Para instala\u00e7\u00f5es de grande escala ou projectos governamentais\/comerciais, podem ser fornecidas, mediante pedido, op\u00e7\u00f5es de garantia alargada e pacotes de pe\u00e7as sobresselentes, sujeitos a condi\u00e7\u00f5es comerciais.<\/p>\t\t\t\t\t\t\t\t<\/div>\n\t\t\t\t\t<\/div>\n\t\t\t\t<\/div>\n\t\t\t\t<\/div>","protected":false},"excerpt":{"rendered":"<p>\u00c2mbito da garantia Esta garantia limitada aplica-se a todos os produtos de ilumina\u00e7\u00e3o LED fabricados e fornecidos pela nossa empresa. A garantia cobre defeitos de material e de fabrico em condi\u00e7\u00f5es normais e adequadas de instala\u00e7\u00e3o, utiliza\u00e7\u00e3o e manuten\u00e7\u00e3o. A garantia cobre a repara\u00e7\u00e3o ou substitui\u00e7\u00e3o de produtos, que possam ser considerados defeituosos...<\/p>","protected":false},"author":1,"featured_media":0,"parent":0,"menu_order":0,"comment_status":"closed","ping_status":"closed","template":"elementor_header_footer","meta":{"_acf_changed":false,"_kadence_starter_templates_imported_post":false,"_kad_post_transparent":"","_kad_post_title":"hide","_kad_post_layout":"fullwidth","_kad_post_sidebar_id":"","_kad_post_content_style":"unboxed","_kad_post_vertical_padding":"hide","_kad_post_feature":"hide","_kad_post_feature_position":"","_kad_post_header":false,"_kad_post_footer":false,"footnotes":""},"class_list":["post-8574","page","type-page","status-publish","hentry"],"acf":[],"_links":{"self":[{"href":"https:\/\/ledrhythm.com\/pt\/wp-json\/wp\/v2\/pages\/8574","targetHints":{"allow":["GET"]}}],"collection":[{"href":"https:\/\/ledrhythm.com\/pt\/wp-json\/wp\/v2\/pages"}],"about":[{"href":"https:\/\/ledrhythm.com\/pt\/wp-json\/wp\/v2\/types\/page"}],"author":[{"embeddable":true,"href":"https:\/\/ledrhythm.com\/pt\/wp-json\/wp\/v2\/users\/1"}],"replies":[{"embeddable":true,"href":"https:\/\/ledrhythm.com\/pt\/wp-json\/wp\/v2\/comments?post=8574"}],"version-history":[{"count":7,"href":"https:\/\/ledrhythm.com\/pt\/wp-json\/wp\/v2\/pages\/8574\/revisions"}],"predecessor-version":[{"id":8626,"href":"https:\/\/ledrhythm.com\/pt\/wp-json\/wp\/v2\/pages\/8574\/revisions\/8626"}],"wp:attachment":[{"href":"https:\/\/ledrhythm.com\/pt\/wp-json\/wp\/v2\/media?parent=8574"}],"curies":[{"name":"wp","href":"https:\/\/api.w.org\/{rel}","templated":true}]}}