{"id":8551,"date":"2025-10-14T02:45:34","date_gmt":"2025-10-14T02:45:34","guid":{"rendered":"https:\/\/ledrhythm.com\/?page_id=8551"},"modified":"2025-10-15T05:06:51","modified_gmt":"2025-10-15T05:06:51","slug":"lighting-design","status":"publish","type":"page","link":"https:\/\/ledrhythm.com\/pt\/lighting-design","title":{"rendered":"Design de ilumina\u00e7\u00e3o"},"content":{"rendered":"<div data-elementor-type=\"wp-page\" data-elementor-id=\"8551\" class=\"elementor elementor-8551\" data-elementor-post-type=\"page\">\n\t\t\t\t<div class=\"elementor-element elementor-element-8af596a e-flex e-con-boxed e-con e-parent\" data-id=\"8af596a\" data-element_type=\"container\" data-e-type=\"container\" data-settings=\"{&quot;background_background&quot;:&quot;gradient&quot;}\">\n\t\t\t\t\t<div class=\"e-con-inner\">\n\t\t<div class=\"elementor-element elementor-element-f55a04b e-con-full e-flex e-con e-child\" data-id=\"f55a04b\" data-element_type=\"container\" data-e-type=\"container\">\n\t\t\t\t<div class=\"elementor-element elementor-element-df68d94 elementor-widget elementor-widget-heading\" data-id=\"df68d94\" data-element_type=\"widget\" data-e-type=\"widget\" data-widget_type=\"heading.default\">\n\t\t\t\t\t<h1 class=\"elementor-heading-title elementor-size-default\">Design de ilumina\u00e7\u00e3o profissional<\/h1>\t\t\t\t<\/div>\n\t\t\t\t<div class=\"elementor-element elementor-element-a5f9d30 elementor-widget elementor-widget-text-editor\" data-id=\"a5f9d30\" data-element_type=\"widget\" data-e-type=\"widget\" data-widget_type=\"text-editor.default\">\n\t\t\t\t\t\t\t\t\t<p>Fornecer servi\u00e7os de design de ilumina\u00e7\u00e3o personalizados para v\u00e1rios projectos, incluindo recomenda\u00e7\u00f5es de lumin\u00e1rias, simula\u00e7\u00f5es \u00f3pticas e simula\u00e7\u00f5es Dialux. Assegurar que as suas necessidades e padr\u00f5es s\u00e3o cumpridos, reduzindo os custos operacionais.<\/p>\t\t\t\t\t\t\t\t<\/div>\n\t\t<div class=\"elementor-element elementor-element-1ce8449 e-con-full e-flex e-con e-child\" data-id=\"1ce8449\" data-element_type=\"container\" data-e-type=\"container\">\n\t\t\t\t<div class=\"elementor-element elementor-element-37c9ab8 elementor-widget elementor-widget-button\" data-id=\"37c9ab8\" data-element_type=\"widget\" data-e-type=\"widget\" data-widget_type=\"button.default\">\n\t\t\t\t\t\t\t\t\t\t<a class=\"elementor-button elementor-button-link elementor-size-sm\" href=\"#elementor-action%3Aaction%3Dpopup%3Aopen%26settings%3DeyJpZCI6IjQ3NzQiLCJ0b2dnbGUiOmZhbHNlfQ%3D%3D\">\n\t\t\t\t\t\t<span class=\"elementor-button-content-wrapper\">\n\t\t\t\t\t\t\t\t\t<span class=\"elementor-button-text\">Obter servi\u00e7o<\/span>\n\t\t\t\t\t<\/span>\n\t\t\t\t\t<\/a>\n\t\t\t\t\t\t\t\t<\/div>\n\t\t\t\t<div class=\"elementor-element elementor-element-803ac0f elementor-widget elementor-widget-button\" data-id=\"803ac0f\" data-element_type=\"widget\" data-e-type=\"widget\" data-widget_type=\"button.default\">\n\t\t\t\t\t\t\t\t\t\t<a class=\"elementor-button elementor-button-link elementor-size-sm\" href=\"https:\/\/ledrhythm.com\/pt\/products\" target=\"_blank\">\n\t\t\t\t\t\t<span class=\"elementor-button-content-wrapper\">\n\t\t\t\t\t\t\t\t\t<span class=\"elementor-button-text\">Todos os produtos<\/span>\n\t\t\t\t\t<\/span>\n\t\t\t\t\t<\/a>\n\t\t\t\t\t\t\t\t<\/div>\n\t\t\t\t<\/div>\n\t\t\t\t<\/div>\n\t\t<div class=\"elementor-element elementor-element-bf7efce e-con-full e-flex e-con e-child\" data-id=\"bf7efce\" data-element_type=\"container\" data-e-type=\"container\">\n\t\t\t\t<div class=\"elementor-element elementor-element-ebfa975 elementor-widget elementor-widget-text-editor\" data-id=\"ebfa975\" data-element_type=\"widget\" data-e-type=\"widget\" data-widget_type=\"text-editor.default\">\n\t\t\t\t\t\t\t\t\t<div style=\"width:100%; text-align:center;\">\n  <!-- \u7b2c\u4e00\u884c\uff0c\u4e24\u5f20\u56fe\u7247 -->\n  <div style=\"display:flex; justify-content:center; gap:20px; margin-bottom:20px;\">\n    <img decoding=\"async\" src=\"https:\/\/ledrhythm.com\/wp-content\/uploads\/2025\/10\/Warehouse-lighting-desgin.webp\" alt=\"Certificado 1\" style=\"max-width:260px; height:auto;\">\n    <img decoding=\"async\" src=\"https:\/\/ledrhythm.com\/wp-content\/uploads\/2025\/10\/Flood-Lighting-desgin.webp\" alt=\"Certificado 2\" style=\"max-width:260px; height:auto;\">\n  <\/div>\n\n  <!-- \u7b2c\u4e8c\u884c\uff0c\u4e00\u5f20\u56fe\u7247\uff08\u81ea\u52a8\u5c45\u4e2d\uff09 -->\n  <div style=\"display:flex; justify-content:center; gap:20px;\">\n    <img decoding=\"async\" src=\"https:\/\/ledrhythm.com\/wp-content\/uploads\/2025\/10\/barn-lighting-desgin.webp\" alt=\"Certificado 3\" style=\"max-width:300px; height:auto;\">\n  <\/div>\n<\/div>\n\t\t\t\t\t\t\t\t<\/div>\n\t\t\t\t<\/div>\n\t\t\t\t\t<\/div>\n\t\t\t\t<\/div>\n\t\t<div class=\"elementor-element elementor-element-542da3f e-flex e-con-boxed e-con e-parent\" data-id=\"542da3f\" data-element_type=\"container\" data-e-type=\"container\">\n\t\t\t\t\t<div class=\"e-con-inner\">\n\t\t\t\t<div class=\"elementor-element elementor-element-b1dee46 elementor-widget elementor-widget-text-editor\" data-id=\"b1dee46\" data-element_type=\"widget\" data-e-type=\"widget\" data-widget_type=\"text-editor.default\">\n\t\t\t\t\t\t\t\t\t<p>Na LEDRHYTHM, n\u00e3o fornecemos apenas produtos LED, mas tamb\u00e9m servi\u00e7os profissionais de design de ilumina\u00e7\u00e3o. Quer necessite de ilumina\u00e7\u00e3o b\u00e1sica, ilumina\u00e7\u00e3o funcional de armaz\u00e9m ou requisitos de ilumina\u00e7\u00e3o de n\u00edvel de competi\u00e7\u00e3o (ilumina\u00e7\u00e3o elevada, uniformidade, controlo de brilho reduzido e m\u00e1xima efici\u00eancia energ\u00e9tica), podemos adaptar uma solu\u00e7\u00e3o para si.<\/p><p>Basta fornecer informa\u00e7\u00f5es b\u00e1sicas sobre o local, como o tamanho, a altura de montagem, os cen\u00e1rios de utiliza\u00e7\u00e3o e os objectivos do design, e a nossa equipa de engenharia desenvolver\u00e1 um relat\u00f3rio completo do design de ilumina\u00e7\u00e3o, incluindo a sele\u00e7\u00e3o de luzes LED, a disposi\u00e7\u00e3o da instala\u00e7\u00e3o, diagramas de simula\u00e7\u00e3o de ilumina\u00e7\u00e3o (Dialux\/Relux) e avalia\u00e7\u00f5es de poupan\u00e7a de energia.<\/p><p>Dispomos de uma linha completa de produtos LED que abrange aplica\u00e7\u00f5es interiores e exteriores. O design de ilumina\u00e7\u00e3o inclui, mas n\u00e3o est\u00e1 limitado a:<\/p><ul><li>Espa\u00e7o desportivo: campos de t\u00e9nis, campos de futebol, basquetebol, badminton e recintos polidesportivos;<\/li><li>Industrial e comercial: armaz\u00e9ns, centros log\u00edsticos, f\u00e1bricas, oficinas e grandes superf\u00edcies comerciais;<\/li><li>Zonas p\u00fablicas: estradas, t\u00faneis, parques de estacionamento, portos e aeroportos;<\/li><li>Conce\u00e7\u00e3o \u00f3tica personalizada: aplica\u00e7\u00f5es especializadas que requerem uma distribui\u00e7\u00e3o especializada da ilumina\u00e7\u00e3o, antirreflexo, prote\u00e7\u00e3o contra impactos e resist\u00eancia \u00e0 corros\u00e3o.<\/li><\/ul>\t\t\t\t\t\t\t\t<\/div>\n\t\t\t\t<div class=\"elementor-element elementor-element-7fa47a6 elementor-widget elementor-widget-image-gallery\" data-id=\"7fa47a6\" data-element_type=\"widget\" data-e-type=\"widget\" data-widget_type=\"image-gallery.default\">\n\t\t\t\t\t\t\t<div class=\"elementor-image-gallery\">\n\t\t\t<div id='gallery-1' class='gallery galleryid-8551 gallery-columns-2 gallery-size-full'><figure class='gallery-item'>\n\t\t\t<div class='gallery-icon landscape'>\n\t\t\t\t<a data-elementor-open-lightbox=\"yes\" data-elementor-lightbox-slideshow=\"7fa47a6\" data-elementor-lightbox-title=\"LEDRHYTHM-lighting-design\" data-e-action-hash=\"#elementor-action%3Aaction%3Dlightbox%26settings%3DeyJpZCI6ODU2NiwidXJsIjoiaHR0cHM6XC9cL2xlZHJoeXRobS5jb21cL3dwLWNvbnRlbnRcL3VwbG9hZHNcLzIwMjVcLzEwXC9sZWRyaHl0aG0tbGlnaHRpbmctZGVzaWduLndlYnAiLCJzbGlkZXNob3ciOiI3ZmE0N2E2In0%3D\" href='https:\/\/ledrhythm.com\/wp-content\/uploads\/2025\/10\/ledrhythm-lighting-design.webp'><img fetchpriority=\"high\" decoding=\"async\" width=\"1200\" height=\"635\" src=\"https:\/\/ledrhythm.com\/wp-content\/uploads\/2025\/10\/ledrhythm-lighting-design.webp\" class=\"attachment-full size-full\" alt=\"Design de ilumina\u00e7\u00e3o LEDRHYTHM\" srcset=\"https:\/\/ledrhythm.com\/wp-content\/uploads\/2025\/10\/ledrhythm-lighting-design.webp 1200w, https:\/\/ledrhythm.com\/wp-content\/uploads\/2025\/10\/ledrhythm-lighting-design-300x159.webp 300w, https:\/\/ledrhythm.com\/wp-content\/uploads\/2025\/10\/ledrhythm-lighting-design-1024x542.webp 1024w, https:\/\/ledrhythm.com\/wp-content\/uploads\/2025\/10\/ledrhythm-lighting-design-768x406.webp 768w, https:\/\/ledrhythm.com\/wp-content\/uploads\/2025\/10\/ledrhythm-lighting-design-18x10.webp 18w, https:\/\/ledrhythm.com\/wp-content\/uploads\/2025\/10\/ledrhythm-lighting-design-700x370.webp 700w\" sizes=\"(max-width: 1200px) 100vw, 1200px\" \/><\/a>\n\t\t\t<\/div><\/figure><figure class='gallery-item'>\n\t\t\t<div class='gallery-icon landscape'>\n\t\t\t\t<a data-elementor-open-lightbox=\"yes\" data-elementor-lightbox-slideshow=\"7fa47a6\" data-elementor-lightbox-title=\"sports-lighting-design\" data-e-action-hash=\"#elementor-action%3Aaction%3Dlightbox%26settings%3DeyJpZCI6ODU2NywidXJsIjoiaHR0cHM6XC9cL2xlZHJoeXRobS5jb21cL3dwLWNvbnRlbnRcL3VwbG9hZHNcLzIwMjVcLzEwXC9zcG9ydHMtbGlnaHRpbmctZGVzaWduLndlYnAiLCJzbGlkZXNob3ciOiI3ZmE0N2E2In0%3D\" href='https:\/\/ledrhythm.com\/wp-content\/uploads\/2025\/10\/sports-lighting-design.webp'><img decoding=\"async\" width=\"1076\" height=\"545\" src=\"https:\/\/ledrhythm.com\/wp-content\/uploads\/2025\/10\/sports-lighting-design.webp\" class=\"attachment-full size-full\" alt=\"design de ilumina\u00e7\u00e3o desportiva\" srcset=\"https:\/\/ledrhythm.com\/wp-content\/uploads\/2025\/10\/sports-lighting-design.webp 1076w, https:\/\/ledrhythm.com\/wp-content\/uploads\/2025\/10\/sports-lighting-design-300x152.webp 300w, https:\/\/ledrhythm.com\/wp-content\/uploads\/2025\/10\/sports-lighting-design-1024x519.webp 1024w, https:\/\/ledrhythm.com\/wp-content\/uploads\/2025\/10\/sports-lighting-design-768x389.webp 768w, https:\/\/ledrhythm.com\/wp-content\/uploads\/2025\/10\/sports-lighting-design-18x9.webp 18w, https:\/\/ledrhythm.com\/wp-content\/uploads\/2025\/10\/sports-lighting-design-700x355.webp 700w\" sizes=\"(max-width: 1076px) 100vw, 1076px\" \/><\/a>\n\t\t\t<\/div><\/figure>\n\t\t<\/div>\n\t\t<\/div>\n\t\t\t\t\t\t<\/div>\n\t\t\t\t<div class=\"elementor-element elementor-element-d1d2acd elementor-widget elementor-widget-heading\" data-id=\"d1d2acd\" data-element_type=\"widget\" data-e-type=\"widget\" data-widget_type=\"heading.default\">\n\t\t\t\t\t<h2 class=\"elementor-heading-title elementor-size-default\">Porque \u00e9 que uma solu\u00e7\u00e3o de ilumina\u00e7\u00e3o tem de ser concebida profissionalmente?<\/h2>\t\t\t\t<\/div>\n\t\t\t\t<div class=\"elementor-element elementor-element-9c47787 elementor-widget elementor-widget-text-editor\" data-id=\"9c47787\" data-element_type=\"widget\" data-e-type=\"widget\" data-widget_type=\"text-editor.default\">\n\t\t\t\t\t\t\t\t\t<p>Muitos gestores de projectos partem inicialmente do princ\u00edpio de que a ilumina\u00e7\u00e3o \u00e9 t\u00e3o simples como \"escolher algumas lumin\u00e1rias e p\u00f4-las suficientemente brilhantes\". No entanto, na pr\u00e1tica, um sistema de ilumina\u00e7\u00e3o sem um projeto profissional sofre frequentemente de brilho irregular, encandeamento, pontos cegos graves, desperd\u00edcio de energia e custos de manuten\u00e7\u00e3o elevados. Estes problemas n\u00e3o s\u00f3 afectam a experi\u00eancia do utilizador, como tamb\u00e9m aumentam os custos de funcionamento a longo prazo.<\/p><p>A import\u00e2ncia do design de ilumina\u00e7\u00e3o profissional consiste em atingir os seguintes objectivos atrav\u00e9s da simula\u00e7\u00e3o \u00f3tica e da disposi\u00e7\u00e3o cient\u00edfica:<\/p><ul><li>Assegurar uma ilumina\u00e7\u00e3o normal e uniforme, evitando zonas de brilho excessivo ou de escurid\u00e3o;<\/li><li>Controlo do encandeamento UGR para aumentar o conforto, nomeadamente em ambientes desportivos, industriais e rodovi\u00e1rios;<\/li><li>Determinar a altura de instala\u00e7\u00e3o e o \u00e2ngulo de proje\u00e7\u00e3o adequados com base na estrutura do local;<\/li><li>Evitar a configura\u00e7\u00e3o excessiva ou insuficiente dos aparelhos de ilumina\u00e7\u00e3o, alcan\u00e7ando um equil\u00edbrio entre desempenho e custo;<\/li><li>Fornecer uma base de planeamento para o futuro controlo inteligente, regula\u00e7\u00e3o da intensidade luminosa com economia de energia, manuten\u00e7\u00e3o e substitui\u00e7\u00e3o.<\/li><\/ul>\t\t\t\t\t\t\t\t<\/div>\n\t\t\t\t\t<\/div>\n\t\t\t\t<\/div>\n\t\t\t\t<\/div>","protected":false},"excerpt":{"rendered":"<p>Design de ilumina\u00e7\u00e3o profissional Fornecer servi\u00e7os de design de ilumina\u00e7\u00e3o personalizados para v\u00e1rios projectos, incluindo recomenda\u00e7\u00f5es de lumin\u00e1rias, simula\u00e7\u00f5es \u00f3pticas e simula\u00e7\u00f5es Dialux. Garanta que as suas necessidades e padr\u00f5es s\u00e3o cumpridos, reduzindo os custos operacionais. Obter servi\u00e7o Todos os produtos Na LEDRHYTHM, n\u00e3o fornecemos apenas produtos LED, mas tamb\u00e9m servi\u00e7os profissionais de design de ilumina\u00e7\u00e3o. Quer necessite de ilumina\u00e7\u00e3o b\u00e1sica, ilumina\u00e7\u00e3o funcional de armaz\u00e9m...<\/p>","protected":false},"author":1,"featured_media":0,"parent":0,"menu_order":0,"comment_status":"closed","ping_status":"closed","template":"elementor_header_footer","meta":{"_acf_changed":false,"_kadence_starter_templates_imported_post":false,"_kad_post_transparent":"","_kad_post_title":"hide","_kad_post_layout":"fullwidth","_kad_post_sidebar_id":"","_kad_post_content_style":"unboxed","_kad_post_vertical_padding":"hide","_kad_post_feature":"hide","_kad_post_feature_position":"","_kad_post_header":false,"_kad_post_footer":false,"footnotes":""},"class_list":["post-8551","page","type-page","status-publish","hentry"],"acf":[],"_links":{"self":[{"href":"https:\/\/ledrhythm.com\/pt\/wp-json\/wp\/v2\/pages\/8551","targetHints":{"allow":["GET"]}}],"collection":[{"href":"https:\/\/ledrhythm.com\/pt\/wp-json\/wp\/v2\/pages"}],"about":[{"href":"https:\/\/ledrhythm.com\/pt\/wp-json\/wp\/v2\/types\/page"}],"author":[{"embeddable":true,"href":"https:\/\/ledrhythm.com\/pt\/wp-json\/wp\/v2\/users\/1"}],"replies":[{"embeddable":true,"href":"https:\/\/ledrhythm.com\/pt\/wp-json\/wp\/v2\/comments?post=8551"}],"version-history":[{"count":13,"href":"https:\/\/ledrhythm.com\/pt\/wp-json\/wp\/v2\/pages\/8551\/revisions"}],"predecessor-version":[{"id":8617,"href":"https:\/\/ledrhythm.com\/pt\/wp-json\/wp\/v2\/pages\/8551\/revisions\/8617"}],"wp:attachment":[{"href":"https:\/\/ledrhythm.com\/pt\/wp-json\/wp\/v2\/media?parent=8551"}],"curies":[{"name":"wp","href":"https:\/\/api.w.org\/{rel}","templated":true}]}}