{"id":4061,"date":"2025-03-31T08:22:45","date_gmt":"2025-03-31T08:22:45","guid":{"rendered":"https:\/\/ledrhythm.com\/?page_id=4061"},"modified":"2025-10-15T02:10:13","modified_gmt":"2025-10-15T02:10:13","slug":"technology-process","status":"publish","type":"page","link":"https:\/\/ledrhythm.com\/pt\/technology-process","title":{"rendered":"Processo tecnol\u00f3gico"},"content":{"rendered":"<div data-elementor-type=\"wp-page\" data-elementor-id=\"4061\" class=\"elementor elementor-4061\" data-elementor-post-type=\"page\">\n\t\t\t\t<div class=\"elementor-element elementor-element-f53d35f e-flex e-con-boxed e-con e-parent\" data-id=\"f53d35f\" data-element_type=\"container\" data-e-type=\"container\" data-settings=\"{&quot;background_background&quot;:&quot;classic&quot;}\">\n\t\t\t\t\t<div class=\"e-con-inner\">\n\t\t<div class=\"elementor-element elementor-element-8688750 e-con-full e-flex e-con e-child\" data-id=\"8688750\" data-element_type=\"container\" data-e-type=\"container\">\n\t\t\t\t<div class=\"elementor-element elementor-element-51bf443 elementor-widget elementor-widget-heading\" data-id=\"51bf443\" data-element_type=\"widget\" data-e-type=\"widget\" data-widget_type=\"heading.default\">\n\t\t\t\t\t<h1 class=\"elementor-heading-title elementor-size-default\">Processo tecnol\u00f3gico<\/h1>\t\t\t\t<\/div>\n\t\t\t\t<div class=\"elementor-element elementor-element-bcf2be0 elementor-widget__width-initial elementor-widget elementor-widget-text-editor\" data-id=\"bcf2be0\" data-element_type=\"widget\" data-e-type=\"widget\" data-widget_type=\"text-editor.default\">\n\t\t\t\t\t\t\t\t\t<p>A ilumina\u00e7\u00e3o LED LEDRHYTHM \u00e9 um produto \u00fanico da marca \"Made in China\" com um processo tecnol\u00f3gico completo. Cada lumin\u00e1ria da nossa gama de produtos \u00e9 uma LEDRHYTHM original. Concebidos e projectados pelos nossos pr\u00f3prios engenheiros, produzidos com ferramentas pr\u00f3prias e com a aprova\u00e7\u00e3o de qualidade 100%.<\/p>\t\t\t\t\t\t\t\t<\/div>\n\t\t\t\t<\/div>\n\t\t\t\t\t<\/div>\n\t\t\t\t<\/div>\n\t\t<div class=\"elementor-element elementor-element-0edf82b e-flex e-con-boxed e-con e-parent\" data-id=\"0edf82b\" data-element_type=\"container\" data-e-type=\"container\">\n\t\t\t\t\t<div class=\"e-con-inner\">\n\t\t\t\t<div class=\"elementor-element elementor-element-44ecb5f elementor-widget elementor-widget-text-editor\" data-id=\"44ecb5f\" data-element_type=\"widget\" data-e-type=\"widget\" data-widget_type=\"text-editor.default\">\n\t\t\t\t\t\t\t\t\t<p>Desde a conce\u00e7\u00e3o at\u00e9 \u00e0 montagem final - realizamos todas as fases de conce\u00e7\u00e3o, teste e produ\u00e7\u00e3o de luzes LED na nossa f\u00e1brica em SuZhou. Esta filosofia abrangente permite-nos controlar todos os processos, o que \u00e9 extremamente importante para a elevada qualidade dos nossos produtos. Al\u00e9m disso, permite-nos reagir de forma r\u00e1pida e flex\u00edvel \u00e0s necessidades dos clientes, bem como \u00e0 evolu\u00e7\u00e3o das exig\u00eancias do mercado.<\/p>\t\t\t\t\t\t\t\t<\/div>\n\t\t\t\t<div class=\"elementor-element elementor-element-ad687ce elementor-widget elementor-widget-heading\" data-id=\"ad687ce\" data-element_type=\"widget\" data-e-type=\"widget\" data-widget_type=\"heading.default\">\n\t\t\t\t\t<h2 class=\"elementor-heading-title elementor-size-default\">INVESTIGA\u00c7\u00c3O E DESENVOLVIMENTO<\/h2>\t\t\t\t<\/div>\n\t\t\t\t<div class=\"elementor-element elementor-element-aaec16b elementor-widget elementor-widget-text-editor\" data-id=\"aaec16b\" data-element_type=\"widget\" data-e-type=\"widget\" data-widget_type=\"text-editor.default\">\n\t\t\t\t\t\t\t\t\t<p>Os nossos engenheiros utilizam sistemas CAD avan\u00e7ados para conceber novas lumin\u00e1rias e para otimizar e modificar os produtos actuais de acordo com as necessidades individuais dos clientes. Neste processo, beneficiamos da nossa experi\u00eancia e know-how de mais de 11 anos no dom\u00ednio da ilumina\u00e7\u00e3o e da colabora\u00e7\u00e3o com especialistas em materiais experientes.\u00a0<\/p><p>Atrav\u00e9s de programas de simula\u00e7\u00e3o t\u00e9rmica, conseguimos obter uma gest\u00e3o t\u00e9rmica perfeita para cada aparelho de ilumina\u00e7\u00e3o.<\/p><p>Gra\u00e7as ao departamento de ferramentas interno, \u00e0 produ\u00e7\u00e3o de amostras atrav\u00e9s de impress\u00e3o 3D e a todos os departamentos de fabrico, os nossos engenheiros podem examinar imediatamente a viabilidade das suas ideias e a adequa\u00e7\u00e3o do acess\u00f3rio ao fim a que se destina.<\/p><p><img fetchpriority=\"high\" decoding=\"async\" class=\"alignnone size-full wp-image-4080\" src=\"https:\/\/ledrhythm.com\/wp-content\/uploads\/2025\/03\/622858c9bdf7b.png\" alt=\"\" width=\"1200\" height=\"600\" srcset=\"https:\/\/ledrhythm.com\/wp-content\/uploads\/2025\/03\/622858c9bdf7b.png 1200w, https:\/\/ledrhythm.com\/wp-content\/uploads\/2025\/03\/622858c9bdf7b-300x150.png 300w, https:\/\/ledrhythm.com\/wp-content\/uploads\/2025\/03\/622858c9bdf7b-1024x512.png 1024w, https:\/\/ledrhythm.com\/wp-content\/uploads\/2025\/03\/622858c9bdf7b-768x384.png 768w, https:\/\/ledrhythm.com\/wp-content\/uploads\/2025\/03\/622858c9bdf7b-700x350.png 700w\" sizes=\"(max-width: 1200px) 100vw, 1200px\" \/><\/p>\t\t\t\t\t\t\t\t<\/div>\n\t\t\t\t<div class=\"elementor-element elementor-element-83291b0 elementor-widget elementor-widget-heading\" data-id=\"83291b0\" data-element_type=\"widget\" data-e-type=\"widget\" data-widget_type=\"heading.default\">\n\t\t\t\t\t<h2 class=\"elementor-heading-title elementor-size-default\">LABORAT\u00d3RIOS DE INVESTIGA\u00c7\u00c3O E DESENVOLVIMENTO<\/h2>\t\t\t\t<\/div>\n\t\t\t\t<div class=\"elementor-element elementor-element-b96bb94 elementor-widget elementor-widget-text-editor\" data-id=\"b96bb94\" data-element_type=\"widget\" data-e-type=\"widget\" data-widget_type=\"text-editor.default\">\n\t\t\t\t\t\t\t\t\t<p>As nossas l\u00e2mpadas LED, bem como os componentes e materiais, s\u00e3o testados no nosso pr\u00f3prio centro de laborat\u00f3rio, aceite pela VDE.<\/p><p>Para al\u00e9m das medi\u00e7\u00f5es fotom\u00e9tricas das lumin\u00e1rias no nosso rob\u00f4 LMT Metrogon, das medi\u00e7\u00f5es do fluxo luminoso e da representa\u00e7\u00e3o gr\u00e1fica em diagramas polares, as lumin\u00e1rias s\u00e3o testadas quanto \u00e0s interfer\u00eancias emitidas e \u00e0 resist\u00eancia \u00e0s interfer\u00eancias de acordo com a Diretiva CEM 2004\/108EG e as regras de compatibilidade electromagn\u00e9tica.<\/p><p>As c\u00e2maras de p\u00f3 e \u00e1gua s\u00e3o utilizadas para verificar a classifica\u00e7\u00e3o IP das lumin\u00e1rias, incluindo testes de veda\u00e7\u00e3o debaixo de \u00e1gua. Medi\u00e7\u00f5es de calor para verificar a temperatura ambiente m\u00e1xima admiss\u00edvel, testes de baixa temperatura e testes de envelhecimento do material realizados em c\u00e2maras clim\u00e1ticas, especialmente para lumin\u00e1rias protegidas contra explos\u00e3o, concluem o programa de testes para LEDRHYTHM.<\/p><p><img decoding=\"async\" class=\"alignnone size-full wp-image-4081\" src=\"https:\/\/ledrhythm.com\/wp-content\/uploads\/2025\/03\/625d2b0a6363e.jpg\" alt=\"\" width=\"1200\" height=\"600\" srcset=\"https:\/\/ledrhythm.com\/wp-content\/uploads\/2025\/03\/625d2b0a6363e.jpg 1200w, https:\/\/ledrhythm.com\/wp-content\/uploads\/2025\/03\/625d2b0a6363e-300x150.jpg 300w, https:\/\/ledrhythm.com\/wp-content\/uploads\/2025\/03\/625d2b0a6363e-1024x512.jpg 1024w, https:\/\/ledrhythm.com\/wp-content\/uploads\/2025\/03\/625d2b0a6363e-768x384.jpg 768w, https:\/\/ledrhythm.com\/wp-content\/uploads\/2025\/03\/625d2b0a6363e-700x350.jpg 700w\" sizes=\"(max-width: 1200px) 100vw, 1200px\" \/><\/p>\t\t\t\t\t\t\t\t<\/div>\n\t\t\t\t<div class=\"elementor-element elementor-element-6cc90b5 elementor-widget elementor-widget-heading\" data-id=\"6cc90b5\" data-element_type=\"widget\" data-e-type=\"widget\" data-widget_type=\"heading.default\">\n\t\t\t\t\t<h2 class=\"elementor-heading-title elementor-size-default\">FERRAMENTAS E FABRICO MEC\u00c2NICO<\/h2>\t\t\t\t<\/div>\n\t\t\t\t<div class=\"elementor-element elementor-element-dd67ab5 elementor-widget elementor-widget-text-editor\" data-id=\"dd67ab5\" data-element_type=\"widget\" data-e-type=\"widget\" data-widget_type=\"text-editor.default\">\n\t\t\t\t\t\t\t\t\t<p>Uma elevada integra\u00e7\u00e3o vertical \u00e9 uma das nossas principais carater\u00edsticas. A perfura\u00e7\u00e3o, o corte, a dobragem e a soldadura de pe\u00e7as met\u00e1licas s\u00e3o efectuados nos mais modernos centros de maquinagem e rob\u00f4s de soldadura. Isto resulta em caixas, reflectores, acess\u00f3rios de montagem feitos de chapa de a\u00e7o, alum\u00ednio e a\u00e7o inoxid\u00e1vel em diferentes formas, tamanhos e especifica\u00e7\u00f5es.<\/p><p>As ferramentas necess\u00e1rias para perfurar, cortar e dobrar s\u00e3o produzidas e mantidas na oficina de ferramentas interna. Isto proporciona-nos flexibilidade e independ\u00eancia e permite-nos reagir de forma r\u00e1pida e flex\u00edvel \u00e0s necessidades dos clientes.<\/p><p><img decoding=\"async\" class=\"alignnone size-full wp-image-4082\" src=\"https:\/\/ledrhythm.com\/wp-content\/uploads\/2025\/03\/622c47dc14e22.png\" alt=\"\" width=\"1200\" height=\"600\" srcset=\"https:\/\/ledrhythm.com\/wp-content\/uploads\/2025\/03\/622c47dc14e22.png 1200w, https:\/\/ledrhythm.com\/wp-content\/uploads\/2025\/03\/622c47dc14e22-300x150.png 300w, https:\/\/ledrhythm.com\/wp-content\/uploads\/2025\/03\/622c47dc14e22-1024x512.png 1024w, https:\/\/ledrhythm.com\/wp-content\/uploads\/2025\/03\/622c47dc14e22-768x384.png 768w, https:\/\/ledrhythm.com\/wp-content\/uploads\/2025\/03\/622c47dc14e22-700x350.png 700w\" sizes=\"(max-width: 1200px) 100vw, 1200px\" \/><\/p>\t\t\t\t\t\t\t\t<\/div>\n\t\t\t\t<div class=\"elementor-element elementor-element-14967f0 elementor-widget elementor-widget-heading\" data-id=\"14967f0\" data-element_type=\"widget\" data-e-type=\"widget\" data-widget_type=\"heading.default\">\n\t\t\t\t\t<h2 class=\"elementor-heading-title elementor-size-default\">PRENSAS DE MOLDAGEM DE POLI\u00c9STER E INSTALA\u00c7\u00d5ES DE ESPUMA\u00c7\u00c3O<\/h2>\t\t\t\t<\/div>\n\t\t\t\t<div class=\"elementor-element elementor-element-a2fcfbb elementor-widget elementor-widget-text-editor\" data-id=\"a2fcfbb\" data-element_type=\"widget\" data-e-type=\"widget\" data-widget_type=\"text-editor.default\">\n\t\t\t\t\t\t\t\t\t<p>Todas as nossas caixas de ilumina\u00e7\u00e3o e reflectores feitos de poli\u00e9ster refor\u00e7ado com fibra de vidro s\u00e3o produzidos em prensas de moldagem pr\u00f3prias. Gra\u00e7as a d\u00e9cadas de experi\u00eancia, conhecemos perfeitamente a intera\u00e7\u00e3o ideal entre a temperatura, a press\u00e3o, o tempo de prensagem e o material, de modo a produzir caixas de ilumina\u00e7\u00e3o altamente resistentes.<\/p><p>Ap\u00f3s um armazenamento adequado, estas caixas, bem como a maioria das caixas de alum\u00ednio fundido, s\u00e3o fornecidas com juntas de poliuretano espumado ou de silicone em sistemas de distribui\u00e7\u00e3o totalmente automatizados. Os ajustes individuais de distribui\u00e7\u00e3o e espuma\u00e7\u00e3o permitem juntas perfeitamente ajustadas para cada caixa e tampa.<\/p><p><img loading=\"lazy\" decoding=\"async\" class=\"alignnone size-full wp-image-4084\" src=\"https:\/\/ledrhythm.com\/wp-content\/uploads\/2025\/03\/622c48e4d2f3e.png\" alt=\"\" width=\"1200\" height=\"410\" srcset=\"https:\/\/ledrhythm.com\/wp-content\/uploads\/2025\/03\/622c48e4d2f3e.png 1200w, https:\/\/ledrhythm.com\/wp-content\/uploads\/2025\/03\/622c48e4d2f3e-300x103.png 300w, https:\/\/ledrhythm.com\/wp-content\/uploads\/2025\/03\/622c48e4d2f3e-1024x350.png 1024w, https:\/\/ledrhythm.com\/wp-content\/uploads\/2025\/03\/622c48e4d2f3e-768x262.png 768w, https:\/\/ledrhythm.com\/wp-content\/uploads\/2025\/03\/622c48e4d2f3e-700x239.png 700w\" sizes=\"(max-width: 1200px) 100vw, 1200px\" \/><\/p>\t\t\t\t\t\t\t\t<\/div>\n\t\t\t\t<div class=\"elementor-element elementor-element-7a63fbe elementor-widget elementor-widget-heading\" data-id=\"7a63fbe\" data-element_type=\"widget\" data-e-type=\"widget\" data-widget_type=\"heading.default\">\n\t\t\t\t\t<h2 class=\"elementor-heading-title elementor-size-default\">REVESTIMENTO EM P\u00d3 E REVESTIMENTO H\u00daMIDO<\/h2>\t\t\t\t<\/div>\n\t\t\t\t<div class=\"elementor-element elementor-element-b61799e elementor-widget elementor-widget-text-editor\" data-id=\"b61799e\" data-element_type=\"widget\" data-e-type=\"widget\" data-widget_type=\"text-editor.default\">\n\t\t\t\t\t\t\t\t\t<p>Todas as nossas caixas met\u00e1licas e fundidas, bem como os reflectores e outras pe\u00e7as met\u00e1licas, s\u00e3o revestidos a p\u00f3 na nossa f\u00e1brica de revestimento a p\u00f3 totalmente automatizada mais moderna, eficiente em termos energ\u00e9ticos e amiga do ambiente. S\u00e3o poss\u00edveis todas as cores RAL ou DB, consoante as prefer\u00eancias do cliente.<\/p><p>Para a pintura a p\u00f3 de pequenos lotes, especialmente em cores especiais, a f\u00e1brica oferece tamb\u00e9m uma cabina manual.<\/p><p>As caixas de poli\u00e9ster em \u00e1reas exteriores est\u00e3o expostas a cargas elevadas devido \u00e0 radia\u00e7\u00e3o UV e aos efeitos climat\u00e9ricos. Com o passar do tempo, isto pode levar \u00e0 eros\u00e3o da superf\u00edcie da caixa com consequ\u00eancias desagrad\u00e1veis para o aspeto visual. Por isso, oferecemos os nossos acess\u00f3rios de ilumina\u00e7\u00e3o exterior em poli\u00e9ster com um revestimento de prote\u00e7\u00e3o UV (a pedido), que \u00e9 aplicado numa cabina de pintura h\u00famida separada.<\/p><p><img loading=\"lazy\" decoding=\"async\" class=\"alignnone size-full wp-image-4083\" src=\"https:\/\/ledrhythm.com\/wp-content\/uploads\/2025\/03\/622c4899a9633.png\" alt=\"\" width=\"1200\" height=\"600\" srcset=\"https:\/\/ledrhythm.com\/wp-content\/uploads\/2025\/03\/622c4899a9633.png 1200w, https:\/\/ledrhythm.com\/wp-content\/uploads\/2025\/03\/622c4899a9633-300x150.png 300w, https:\/\/ledrhythm.com\/wp-content\/uploads\/2025\/03\/622c4899a9633-1024x512.png 1024w, https:\/\/ledrhythm.com\/wp-content\/uploads\/2025\/03\/622c4899a9633-768x384.png 768w, https:\/\/ledrhythm.com\/wp-content\/uploads\/2025\/03\/622c4899a9633-700x350.png 700w\" sizes=\"(max-width: 1200px) 100vw, 1200px\" \/><\/p>\t\t\t\t\t\t\t\t<\/div>\n\t\t\t\t<div class=\"elementor-element elementor-element-55fc57a elementor-widget elementor-widget-heading\" data-id=\"55fc57a\" data-element_type=\"widget\" data-e-type=\"widget\" data-widget_type=\"heading.default\">\n\t\t\t\t\t<h2 class=\"elementor-heading-title elementor-size-default\">MONTAGEM FINAL E ENSAIOS<\/h2>\t\t\t\t<\/div>\n\t\t\t\t<div class=\"elementor-element elementor-element-7eb24ab elementor-widget elementor-widget-text-editor\" data-id=\"7eb24ab\" data-element_type=\"widget\" data-e-type=\"widget\" data-widget_type=\"text-editor.default\">\n\t\t\t\t\t\t\t\t\t<p>A montagem manual cuidadosa das luzes LED, a combina\u00e7\u00e3o de componentes mec\u00e2nicos, electr\u00f3nicos e \u00f3pticos para o produto final, \u00e9 realizada em v\u00e1rios departamentos de montagem. Finalmente, cada lumin\u00e1ria \u00e9 submetida a testes funcionais espec\u00edficos, antes de ser embalada para entrega.\u00a0<\/p><p>O controlo de qualidade cont\u00ednuo, as auditorias internas e a forma\u00e7\u00e3o dos nossos funcion\u00e1rios em todas as fases de produ\u00e7\u00e3o garantem um elevado padr\u00e3o de qualidade para todos os nossos produtos.\u00a0<\/p><p><img loading=\"lazy\" decoding=\"async\" class=\"alignnone size-full wp-image-4085\" src=\"https:\/\/ledrhythm.com\/wp-content\/uploads\/2025\/03\/622858ee6f4bd.png\" alt=\"\" width=\"1200\" height=\"600\" srcset=\"https:\/\/ledrhythm.com\/wp-content\/uploads\/2025\/03\/622858ee6f4bd.png 1200w, https:\/\/ledrhythm.com\/wp-content\/uploads\/2025\/03\/622858ee6f4bd-300x150.png 300w, https:\/\/ledrhythm.com\/wp-content\/uploads\/2025\/03\/622858ee6f4bd-1024x512.png 1024w, https:\/\/ledrhythm.com\/wp-content\/uploads\/2025\/03\/622858ee6f4bd-768x384.png 768w, https:\/\/ledrhythm.com\/wp-content\/uploads\/2025\/03\/622858ee6f4bd-700x350.png 700w\" sizes=\"(max-width: 1200px) 100vw, 1200px\" \/><\/p>\t\t\t\t\t\t\t\t<\/div>\n\t\t\t\t\t<\/div>\n\t\t\t\t<\/div>\n\t\t\t\t<\/div>","protected":false},"excerpt":{"rendered":"<p>Processo tecnol\u00f3gico A ilumina\u00e7\u00e3o LED LEDRHYTHM \u00e9 um produto \u00fanico da marca \"Made in China\" com um processo tecnol\u00f3gico completo. Cada lumin\u00e1ria da nossa gama de produtos \u00e9 uma LEDRHYTHM original. Concebidos e projectados pelos nossos pr\u00f3prios engenheiros, produzidos com ferramentas pr\u00f3prias e com a aprova\u00e7\u00e3o de qualidade 100%. Desde a conce\u00e7\u00e3o at\u00e9 \u00e0 montagem final - realizamos todos os processos de...<\/p>","protected":false},"author":1,"featured_media":0,"parent":0,"menu_order":0,"comment_status":"closed","ping_status":"closed","template":"","meta":{"_acf_changed":false,"_kadence_starter_templates_imported_post":false,"_kad_post_transparent":"","_kad_post_title":"hide","_kad_post_layout":"fullwidth","_kad_post_sidebar_id":"","_kad_post_content_style":"unboxed","_kad_post_vertical_padding":"hide","_kad_post_feature":"hide","_kad_post_feature_position":"","_kad_post_header":false,"_kad_post_footer":false,"footnotes":""},"class_list":["post-4061","page","type-page","status-publish","hentry"],"acf":[],"_links":{"self":[{"href":"https:\/\/ledrhythm.com\/pt\/wp-json\/wp\/v2\/pages\/4061","targetHints":{"allow":["GET"]}}],"collection":[{"href":"https:\/\/ledrhythm.com\/pt\/wp-json\/wp\/v2\/pages"}],"about":[{"href":"https:\/\/ledrhythm.com\/pt\/wp-json\/wp\/v2\/types\/page"}],"author":[{"embeddable":true,"href":"https:\/\/ledrhythm.com\/pt\/wp-json\/wp\/v2\/users\/1"}],"replies":[{"embeddable":true,"href":"https:\/\/ledrhythm.com\/pt\/wp-json\/wp\/v2\/comments?post=4061"}],"version-history":[{"count":43,"href":"https:\/\/ledrhythm.com\/pt\/wp-json\/wp\/v2\/pages\/4061\/revisions"}],"predecessor-version":[{"id":8597,"href":"https:\/\/ledrhythm.com\/pt\/wp-json\/wp\/v2\/pages\/4061\/revisions\/8597"}],"wp:attachment":[{"href":"https:\/\/ledrhythm.com\/pt\/wp-json\/wp\/v2\/media?parent=4061"}],"curies":[{"name":"wp","href":"https:\/\/api.w.org\/{rel}","templated":true}]}}