{"id":4052,"date":"2025-03-31T08:18:42","date_gmt":"2025-03-31T08:18:42","guid":{"rendered":"https:\/\/ledrhythm.com\/?page_id=4052"},"modified":"2025-10-14T07:04:30","modified_gmt":"2025-10-14T07:04:30","slug":"certificate","status":"publish","type":"page","link":"https:\/\/ledrhythm.com\/pt\/certificate","title":{"rendered":"Certifica\u00e7\u00f5es"},"content":{"rendered":"<div data-elementor-type=\"wp-page\" data-elementor-id=\"4052\" class=\"elementor elementor-4052\" data-elementor-post-type=\"page\">\n\t\t\t\t<div class=\"elementor-element elementor-element-7098755 e-flex e-con-boxed e-con e-parent\" data-id=\"7098755\" data-element_type=\"container\" data-e-type=\"container\">\n\t\t\t\t\t<div class=\"e-con-inner\">\n\t\t\t\t<div class=\"elementor-element elementor-element-0df69bb elementor-widget elementor-widget-heading\" data-id=\"0df69bb\" data-element_type=\"widget\" data-e-type=\"widget\" data-widget_type=\"heading.default\">\n\t\t\t\t\t<h1 class=\"elementor-heading-title elementor-size-default\">Certifica\u00e7\u00f5es<\/h1>\t\t\t\t<\/div>\n\t\t\t\t<div class=\"elementor-element elementor-element-d3bf7cd elementor-widget elementor-widget-text-editor\" data-id=\"d3bf7cd\" data-element_type=\"widget\" data-e-type=\"widget\" data-widget_type=\"text-editor.default\">\n\t\t\t\t\t\t\t\t\t<p>A LEDRHYTHM \u00e9 um fabricante de ilumina\u00e7\u00e3o LED com certifica\u00e7\u00e3o ISO 9001:2015. Isto significa que os nossos processos de produ\u00e7\u00e3o, controlo de qualidade, gest\u00e3o da cadeia de abastecimento, acompanhamento da qualidade e melhoria cont\u00ednua cumprem todas as normas internacionais, garantindo a consist\u00eancia e a rastreabilidade de cada lote de produtos.<\/p><p>Em termos de produto, cada uma das nossas s\u00e9ries de ilumina\u00e7\u00e3o LED tem diferentes certifica\u00e7\u00f5es internacionais e normas de teste. Tais como CE\/RoHS, CB\/IEC, UL\/DLC, ENEC\/TUV e SAA.<\/p><p>Estas certifica\u00e7\u00f5es n\u00e3o s\u00e3o apenas um pr\u00e9-requisito para a entrada no mercado, mas tamb\u00e9m uma garantia de qualidade e apoio t\u00e9cnico para os nossos parceiros. Explicaremos os mercados e as normas t\u00e9cnicas aplic\u00e1veis a estas certifica\u00e7\u00f5es. Tamb\u00e9m pode <a href=\"https:\/\/ledrhythm.com\/pt\/guestbook\/\" target=\"_blank\" rel=\"noopener\">contactar-nos<\/a> para ver os pormenores da certifica\u00e7\u00e3o de qualquer produto LED.<\/p>\t\t\t\t\t\t\t\t<\/div>\n\t\t<div class=\"elementor-element elementor-element-c67c6cd e-grid e-con-full e-con e-child\" data-id=\"c67c6cd\" data-element_type=\"container\" data-e-type=\"container\">\n\t\t\t\t<div class=\"elementor-element elementor-element-2c940ff elementor-position-top elementor-widget elementor-widget-image-box\" data-id=\"2c940ff\" data-element_type=\"widget\" data-e-type=\"widget\" data-widget_type=\"image-box.default\">\n\t\t\t\t\t<div class=\"elementor-image-box-wrapper\"><figure class=\"elementor-image-box-img\"><img decoding=\"async\" width=\"200\" height=\"200\" src=\"https:\/\/ledrhythm.com\/wp-content\/uploads\/2025\/10\/ce.png\" class=\"attachment-full size-full wp-image-8523\" alt=\"\" srcset=\"https:\/\/ledrhythm.com\/wp-content\/uploads\/2025\/10\/ce.png 200w, https:\/\/ledrhythm.com\/wp-content\/uploads\/2025\/10\/ce-150x150.png 150w, https:\/\/ledrhythm.com\/wp-content\/uploads\/2025\/10\/ce-12x12.png 12w, https:\/\/ledrhythm.com\/wp-content\/uploads\/2025\/10\/ce-100x100.png 100w\" sizes=\"(max-width: 200px) 100vw, 200px\" \/><\/figure><div class=\"elementor-image-box-content\"><p class=\"elementor-image-box-description\">CE, abreviatura de Conformit\u00e9 Europ\u00e9enne, indica que um produto est\u00e1 em conformidade com os requisitos de seguran\u00e7a, compatibilidade electromagn\u00e9tica (CEM), sa\u00fade e ambiente da UE. Isto permite que o produto seja legalmente vendido e instalado no mercado da UE. Certifica tamb\u00e9m que o produto est\u00e1 em conformidade com as normas de seguran\u00e7a el\u00e9ctrica e de ensaio de compatibilidade electromagn\u00e9tica.<\/p><\/div><\/div>\t\t\t\t<\/div>\n\t\t\t\t<div class=\"elementor-element elementor-element-67cc23c elementor-position-top elementor-widget elementor-widget-image-box\" data-id=\"67cc23c\" data-element_type=\"widget\" data-e-type=\"widget\" data-widget_type=\"image-box.default\">\n\t\t\t\t\t<div class=\"elementor-image-box-wrapper\"><figure class=\"elementor-image-box-img\"><img decoding=\"async\" width=\"200\" height=\"200\" src=\"https:\/\/ledrhythm.com\/wp-content\/uploads\/2025\/10\/cb.png\" class=\"attachment-full size-full wp-image-8522\" alt=\"\" srcset=\"https:\/\/ledrhythm.com\/wp-content\/uploads\/2025\/10\/cb.png 200w, https:\/\/ledrhythm.com\/wp-content\/uploads\/2025\/10\/cb-150x150.png 150w, https:\/\/ledrhythm.com\/wp-content\/uploads\/2025\/10\/cb-12x12.png 12w, https:\/\/ledrhythm.com\/wp-content\/uploads\/2025\/10\/cb-100x100.png 100w\" sizes=\"(max-width: 200px) 100vw, 200px\" \/><\/figure><div class=\"elementor-image-box-content\"><p class=\"elementor-image-box-description\">O Sistema de Organismos de Certifica\u00e7\u00e3o (CB) tem a sua origem na Comiss\u00e3o Europeia de Ensaios de Conformidade de Equipamentos El\u00e9ctricos (CEE), que se fundiu com a CEI em 1985. Trata-se de um acordo multilateral que permite a certifica\u00e7\u00e3o internacional de produtos el\u00e9ctricos e electr\u00f3nicos, de modo a que uma \u00fanica certifica\u00e7\u00e3o permita o acesso ao mercado mundial.<\/p><\/div><\/div>\t\t\t\t<\/div>\n\t\t\t\t<div class=\"elementor-element elementor-element-04f2705 elementor-position-top elementor-widget elementor-widget-image-box\" data-id=\"04f2705\" data-element_type=\"widget\" data-e-type=\"widget\" data-widget_type=\"image-box.default\">\n\t\t\t\t\t<div class=\"elementor-image-box-wrapper\"><figure class=\"elementor-image-box-img\"><img decoding=\"async\" width=\"200\" height=\"200\" src=\"https:\/\/ledrhythm.com\/wp-content\/uploads\/2025\/10\/rohs.png\" class=\"attachment-full size-full wp-image-8527\" alt=\"\" srcset=\"https:\/\/ledrhythm.com\/wp-content\/uploads\/2025\/10\/rohs.png 200w, https:\/\/ledrhythm.com\/wp-content\/uploads\/2025\/10\/rohs-150x150.png 150w, https:\/\/ledrhythm.com\/wp-content\/uploads\/2025\/10\/rohs-12x12.png 12w, https:\/\/ledrhythm.com\/wp-content\/uploads\/2025\/10\/rohs-100x100.png 100w\" sizes=\"(max-width: 200px) 100vw, 200px\" \/><\/figure><div class=\"elementor-image-box-content\"><p class=\"elementor-image-box-description\">RoHS significa Restriction of Hazardous Substances (Restri\u00e7\u00e3o de Subst\u00e2ncias Perigosas) e visa principalmente a dete\u00e7\u00e3o e restri\u00e7\u00e3o de seis subst\u00e2ncias t\u00f3xicas em produtos el\u00e9ctricos e electr\u00f3nicos: chumbo, merc\u00fario, c\u00e1dmio, cr\u00f3mio hexavalente, PBB e PBDE. Isto garante que estes produtos s\u00e3o inofensivos para os seres humanos e n\u00e3o libertam gases qu\u00edmicos nocivos.<\/p><\/div><\/div>\t\t\t\t<\/div>\n\t\t\t\t<div class=\"elementor-element elementor-element-dd53b6f elementor-position-top elementor-widget elementor-widget-image-box\" data-id=\"dd53b6f\" data-element_type=\"widget\" data-e-type=\"widget\" data-widget_type=\"image-box.default\">\n\t\t\t\t\t<div class=\"elementor-image-box-wrapper\"><figure class=\"elementor-image-box-img\"><img loading=\"lazy\" decoding=\"async\" width=\"200\" height=\"200\" src=\"https:\/\/ledrhythm.com\/wp-content\/uploads\/2025\/10\/ul.png\" class=\"attachment-full size-full wp-image-8529\" alt=\"\" srcset=\"https:\/\/ledrhythm.com\/wp-content\/uploads\/2025\/10\/ul.png 200w, https:\/\/ledrhythm.com\/wp-content\/uploads\/2025\/10\/ul-150x150.png 150w, https:\/\/ledrhythm.com\/wp-content\/uploads\/2025\/10\/ul-12x12.png 12w, https:\/\/ledrhythm.com\/wp-content\/uploads\/2025\/10\/ul-100x100.png 100w\" sizes=\"(max-width: 200px) 100vw, 200px\" \/><\/figure><div class=\"elementor-image-box-content\"><p class=\"elementor-image-box-description\">A UL (Underwriters Laboratories) \u00e9 a organiza\u00e7\u00e3o de certifica\u00e7\u00e3o de seguran\u00e7a com maior autoridade na Am\u00e9rica do Norte. Para os produtos de ilumina\u00e7\u00e3o LED, a certifica\u00e7\u00e3o UL significa que cumprem as normas de seguran\u00e7a el\u00e9ctrica dos EUA e do Canad\u00e1 e que s\u00e3o seguros para instala\u00e7\u00e3o em instala\u00e7\u00f5es comerciais, industriais e desportivas. Os produtos sem certifica\u00e7\u00e3o UL n\u00e3o passar\u00e3o nas inspec\u00e7\u00f5es de engenharia.<\/p><\/div><\/div>\t\t\t\t<\/div>\n\t\t\t\t<div class=\"elementor-element elementor-element-479a1b5 elementor-position-top elementor-widget elementor-widget-image-box\" data-id=\"479a1b5\" data-element_type=\"widget\" data-e-type=\"widget\" data-widget_type=\"image-box.default\">\n\t\t\t\t\t<div class=\"elementor-image-box-wrapper\"><figure class=\"elementor-image-box-img\"><img loading=\"lazy\" decoding=\"async\" width=\"200\" height=\"200\" src=\"https:\/\/ledrhythm.com\/wp-content\/uploads\/2025\/10\/dlc-premium.png\" class=\"attachment-full size-full wp-image-8524\" alt=\"\" srcset=\"https:\/\/ledrhythm.com\/wp-content\/uploads\/2025\/10\/dlc-premium.png 200w, https:\/\/ledrhythm.com\/wp-content\/uploads\/2025\/10\/dlc-premium-150x150.png 150w, https:\/\/ledrhythm.com\/wp-content\/uploads\/2025\/10\/dlc-premium-12x12.png 12w, https:\/\/ledrhythm.com\/wp-content\/uploads\/2025\/10\/dlc-premium-100x100.png 100w\" sizes=\"(max-width: 200px) 100vw, 200px\" \/><\/figure><div class=\"elementor-image-box-content\"><p class=\"elementor-image-box-description\">O DLC (DesignLights Consortium) \u00e9 uma organiza\u00e7\u00e3o de terceiros na Am\u00e9rica do Norte especializada em produtos de ilumina\u00e7\u00e3o LED. Oferece dois n\u00edveis de certifica\u00e7\u00e3o: DLC Standard e DLC Premium. O n\u00edvel Premium \u00e9 o mais elevado, com requisitos mais rigorosos, incluindo uma maior efic\u00e1cia luminosa e uma menor deteriora\u00e7\u00e3o do l\u00famen.<\/p><\/div><\/div>\t\t\t\t<\/div>\n\t\t\t\t<div class=\"elementor-element elementor-element-1f32c48 elementor-position-top elementor-widget elementor-widget-image-box\" data-id=\"1f32c48\" data-element_type=\"widget\" data-e-type=\"widget\" data-widget_type=\"image-box.default\">\n\t\t\t\t\t<div class=\"elementor-image-box-wrapper\"><figure class=\"elementor-image-box-img\"><img loading=\"lazy\" decoding=\"async\" width=\"200\" height=\"200\" src=\"https:\/\/ledrhythm.com\/wp-content\/uploads\/2025\/10\/saa.png\" class=\"attachment-full size-full wp-image-8528\" alt=\"\" srcset=\"https:\/\/ledrhythm.com\/wp-content\/uploads\/2025\/10\/saa.png 200w, https:\/\/ledrhythm.com\/wp-content\/uploads\/2025\/10\/saa-150x150.png 150w, https:\/\/ledrhythm.com\/wp-content\/uploads\/2025\/10\/saa-12x12.png 12w, https:\/\/ledrhythm.com\/wp-content\/uploads\/2025\/10\/saa-100x100.png 100w\" sizes=\"(max-width: 200px) 100vw, 200px\" \/><\/figure><div class=\"elementor-image-box-content\"><p class=\"elementor-image-box-description\">SAA \u00e9 a marca de certifica\u00e7\u00e3o da Standards Australia \/ Standards New Zealand e \u00e9 uma aprova\u00e7\u00e3o de seguran\u00e7a obrigat\u00f3ria para entrar nos mercados da Austr\u00e1lia e da Nova Zel\u00e2ndia. Sem a SAA, os produtos n\u00e3o podem ser vendidos legalmente na Austr\u00e1lia\/Nova Zel\u00e2ndia.<\/p><\/div><\/div>\t\t\t\t<\/div>\n\t\t\t\t<div class=\"elementor-element elementor-element-a077b32 elementor-position-top elementor-widget elementor-widget-image-box\" data-id=\"a077b32\" data-element_type=\"widget\" data-e-type=\"widget\" data-widget_type=\"image-box.default\">\n\t\t\t\t\t<div class=\"elementor-image-box-wrapper\"><figure class=\"elementor-image-box-img\"><img loading=\"lazy\" decoding=\"async\" width=\"200\" height=\"200\" src=\"https:\/\/ledrhythm.com\/wp-content\/uploads\/2025\/10\/etl.png\" class=\"attachment-full size-full wp-image-8526\" alt=\"\" srcset=\"https:\/\/ledrhythm.com\/wp-content\/uploads\/2025\/10\/etl.png 200w, https:\/\/ledrhythm.com\/wp-content\/uploads\/2025\/10\/etl-150x150.png 150w, https:\/\/ledrhythm.com\/wp-content\/uploads\/2025\/10\/etl-12x12.png 12w, https:\/\/ledrhythm.com\/wp-content\/uploads\/2025\/10\/etl-100x100.png 100w\" sizes=\"(max-width: 200px) 100vw, 200px\" \/><\/figure><div class=\"elementor-image-box-content\"><p class=\"elementor-image-box-description\">ETL \u00e9 uma marca de certifica\u00e7\u00e3o emitida pela Intertek Laboratories. Tal como a UL, pertence ao sistema de Laborat\u00f3rios Nacionais Reconhecidos pela OSHA (NRTL) e tem o mesmo efeito legal que a UL no mercado norte-americano. Os produtos ETL tamb\u00e9m podem ser legalmente instalados e utilizados nos mercados dos EUA e do Canad\u00e1.<\/p><\/div><\/div>\t\t\t\t<\/div>\n\t\t\t\t<div class=\"elementor-element elementor-element-c26eaa8 elementor-position-top elementor-widget elementor-widget-image-box\" data-id=\"c26eaa8\" data-element_type=\"widget\" data-e-type=\"widget\" data-widget_type=\"image-box.default\">\n\t\t\t\t\t<div class=\"elementor-image-box-wrapper\"><figure class=\"elementor-image-box-img\"><img loading=\"lazy\" decoding=\"async\" width=\"200\" height=\"200\" src=\"https:\/\/ledrhythm.com\/wp-content\/uploads\/2025\/10\/enec.png\" class=\"attachment-full size-full wp-image-8525\" alt=\"\" srcset=\"https:\/\/ledrhythm.com\/wp-content\/uploads\/2025\/10\/enec.png 200w, https:\/\/ledrhythm.com\/wp-content\/uploads\/2025\/10\/enec-150x150.png 150w, https:\/\/ledrhythm.com\/wp-content\/uploads\/2025\/10\/enec-12x12.png 12w, https:\/\/ledrhythm.com\/wp-content\/uploads\/2025\/10\/enec-100x100.png 100w\" sizes=\"(max-width: 200px) 100vw, 200px\" \/><\/figure><div class=\"elementor-image-box-content\"><p class=\"elementor-image-box-description\">A ENEC (European Norms Electrical Certification) \u00e9 uma certifica\u00e7\u00e3o de seguran\u00e7a da UE para ilumina\u00e7\u00e3o de alta especifica\u00e7\u00e3o. \u00c9 mais rigorosa do que a CE e \u00e9 particularmente utilizada em ilumina\u00e7\u00e3o p\u00fablica, est\u00e1dios desportivos e projectos de concursos p\u00fablicos. Tem requisitos mais rigorosos em mat\u00e9ria de seguran\u00e7a el\u00e9ctrica e seguran\u00e7a fotobiol\u00f3gica.<\/p><\/div><\/div>\t\t\t\t<\/div>\n\t\t\t\t<div class=\"elementor-element elementor-element-1d886c7 elementor-position-top elementor-widget elementor-widget-image-box\" data-id=\"1d886c7\" data-element_type=\"widget\" data-e-type=\"widget\" data-widget_type=\"image-box.default\">\n\t\t\t\t\t<div class=\"elementor-image-box-wrapper\"><figure class=\"elementor-image-box-img\"><img loading=\"lazy\" decoding=\"async\" width=\"200\" height=\"200\" src=\"https:\/\/ledrhythm.com\/wp-content\/uploads\/2025\/10\/gs.png\" class=\"attachment-full size-full wp-image-8530\" alt=\"\" srcset=\"https:\/\/ledrhythm.com\/wp-content\/uploads\/2025\/10\/gs.png 200w, https:\/\/ledrhythm.com\/wp-content\/uploads\/2025\/10\/gs-150x150.png 150w, https:\/\/ledrhythm.com\/wp-content\/uploads\/2025\/10\/gs-12x12.png 12w, https:\/\/ledrhythm.com\/wp-content\/uploads\/2025\/10\/gs-100x100.png 100w\" sizes=\"(max-width: 200px) 100vw, 200px\" \/><\/figure><div class=\"elementor-image-box-content\"><p class=\"elementor-image-box-description\">A marca GS (Gepr\u00fcfte Sicherheit), emitida por um organismo autorizado alem\u00e3o, combina as normas de seguran\u00e7a europeias e alem\u00e3s. \u00c9 particularmente importante nos mercados de l\u00edngua alem\u00e3 (Alemanha, \u00c1ustria, Su\u00ed\u00e7a). Embora a GS n\u00e3o seja obrigat\u00f3ria, \u00e9 amplamente aceite em todo o mundo.<\/p><\/div><\/div>\t\t\t\t<\/div>\n\t\t\t\t<\/div>\n\t\t\t\t\t<\/div>\n\t\t\t\t<\/div>\n\t\t\t\t<\/div>","protected":false},"excerpt":{"rendered":"<p>Certifica\u00e7\u00f5es A LEDRHYTHM \u00e9 um fabricante de ilumina\u00e7\u00e3o LED com certifica\u00e7\u00e3o ISO 9001:2015. Isto significa que os nossos processos de produ\u00e7\u00e3o, controlo de qualidade, gest\u00e3o da cadeia de abastecimento, acompanhamento da qualidade e melhoria cont\u00ednua cumprem todas as normas internacionais, garantindo a consist\u00eancia e a rastreabilidade de cada lote de produtos. Em termos de produtos, cada uma das nossas s\u00e9ries de ilumina\u00e7\u00e3o LED possui diferentes certifica\u00e7\u00f5es internacionais e padr\u00f5es de teste. Tais como CE\/RoHS, CB\/IEC,...<\/p>","protected":false},"author":1,"featured_media":0,"parent":0,"menu_order":0,"comment_status":"closed","ping_status":"closed","template":"","meta":{"_acf_changed":false,"_kadence_starter_templates_imported_post":false,"_kad_post_transparent":"","_kad_post_title":"hide","_kad_post_layout":"fullwidth","_kad_post_sidebar_id":"","_kad_post_content_style":"unboxed","_kad_post_vertical_padding":"hide","_kad_post_feature":"hide","_kad_post_feature_position":"","_kad_post_header":false,"_kad_post_footer":false,"footnotes":""},"class_list":["post-4052","page","type-page","status-publish","hentry"],"acf":[],"_links":{"self":[{"href":"https:\/\/ledrhythm.com\/pt\/wp-json\/wp\/v2\/pages\/4052","targetHints":{"allow":["GET"]}}],"collection":[{"href":"https:\/\/ledrhythm.com\/pt\/wp-json\/wp\/v2\/pages"}],"about":[{"href":"https:\/\/ledrhythm.com\/pt\/wp-json\/wp\/v2\/types\/page"}],"author":[{"embeddable":true,"href":"https:\/\/ledrhythm.com\/pt\/wp-json\/wp\/v2\/users\/1"}],"replies":[{"embeddable":true,"href":"https:\/\/ledrhythm.com\/pt\/wp-json\/wp\/v2\/comments?post=4052"}],"version-history":[{"count":101,"href":"https:\/\/ledrhythm.com\/pt\/wp-json\/wp\/v2\/pages\/4052\/revisions"}],"predecessor-version":[{"id":8573,"href":"https:\/\/ledrhythm.com\/pt\/wp-json\/wp\/v2\/pages\/4052\/revisions\/8573"}],"wp:attachment":[{"href":"https:\/\/ledrhythm.com\/pt\/wp-json\/wp\/v2\/media?parent=4052"}],"curies":[{"name":"wp","href":"https:\/\/api.w.org\/{rel}","templated":true}]}}