{"id":8502,"date":"2025-10-13T06:33:39","date_gmt":"2025-10-13T06:33:39","guid":{"rendered":"https:\/\/ledrhythm.com\/?post_type=product&#038;p=8502"},"modified":"2026-03-23T07:12:06","modified_gmt":"2026-03-23T07:12:06","slug":"industrial-tunnel-led-flood-light","status":"publish","type":"product","link":"https:\/\/ledrhythm.com\/it\/product\/industrial-tunnel-led-flood-light","title":{"rendered":"Luce di inondazione industriale professionale del tunnel LED"},"content":{"rendered":"","protected":false},"excerpt":{"rendered":"<p>La luce di inondazione a LED \u00e8 progettata appositamente per vari tunnel. IP66, impedisce l'ingresso di umidit\u00e0 e polvere; il corpo dell'apparecchio \u00e8 costruito in alluminio estruso ad alta conducibilit\u00e0 termica, per garantire un'efficiente dissipazione del calore e prestazioni stabili. Offre tre angoli di emissione e lenti opzionali in PC e vetro. L'ottica stradale asimmetrica \u00e8 utilizzata per controllare con precisione la direzione di proiezione della luce, riducendo efficacemente l'abbagliamento e migliorando il comfort visivo e la sicurezza. \u00c8 adatto per <a href=\"https:\/\/ledrhythm.com\/it\/led-tunnel-lights\/\" target=\"_blank\" rel=\"noopener\">illuminazione del tunnel<\/a> di varie dimensioni, tra cui metropolitane, strade e industrie, soddisfacendo un'ampia gamma di esigenze, dai retrofit a risparmio energetico alle nuove installazioni.<\/p>\n<h4>Caratteristiche del prodotto<\/h4>\n<ul>\n<li>Potenza: 25W, 40W, 50W, 70W, 100W, 150W<\/li>\n<li>Angolo del fascio: TYPE\u2162, TYPE\u2163, Asimmetrico 50\u00b0<\/li>\n<li>Protezione da sovratensioni IP66 e 10KV<\/li>\n<li>Tecnologia di dimmerazione 0-10V<\/li>\n<\/ul>","protected":false},"featured_media":8503,"template":"","meta":{"_acf_changed":false,"_kadence_starter_templates_imported_post":false,"_kad_post_transparent":"default","_kad_post_title":"","_kad_post_layout":"default","_kad_post_sidebar_id":"","_kad_post_content_style":"default","_kad_post_vertical_padding":"default","_kad_post_feature":"","_kad_post_feature_position":"","_kad_post_header":false,"_kad_post_footer":false},"product_brand":[],"product_cat":[42],"product_tag":[],"class_list":{"0":"post-8502","1":"product","2":"type-product","3":"status-publish","4":"has-post-thumbnail","6":"product_cat-flood-lighting","8":"first","9":"instock","10":"shipping-taxable","11":"product-type-simple","12":"entry","13":"content-bg","14":"loop-entry"},"acf":[],"_links":{"self":[{"href":"https:\/\/ledrhythm.com\/it\/wp-json\/wp\/v2\/product\/8502","targetHints":{"allow":["GET"]}}],"collection":[{"href":"https:\/\/ledrhythm.com\/it\/wp-json\/wp\/v2\/product"}],"about":[{"href":"https:\/\/ledrhythm.com\/it\/wp-json\/wp\/v2\/types\/product"}],"wp:featuredmedia":[{"embeddable":true,"href":"https:\/\/ledrhythm.com\/it\/wp-json\/wp\/v2\/media\/8503"}],"wp:attachment":[{"href":"https:\/\/ledrhythm.com\/it\/wp-json\/wp\/v2\/media?parent=8502"}],"wp:term":[{"taxonomy":"product_brand","embeddable":true,"href":"https:\/\/ledrhythm.com\/it\/wp-json\/wp\/v2\/product_brand?post=8502"},{"taxonomy":"product_cat","embeddable":true,"href":"https:\/\/ledrhythm.com\/it\/wp-json\/wp\/v2\/product_cat?post=8502"},{"taxonomy":"product_tag","embeddable":true,"href":"https:\/\/ledrhythm.com\/it\/wp-json\/wp\/v2\/product_tag?post=8502"}],"curies":[{"name":"wp","href":"https:\/\/api.w.org\/{rel}","templated":true}]}}