{"id":8455,"date":"2025-10-11T02:07:29","date_gmt":"2025-10-11T02:07:29","guid":{"rendered":"https:\/\/ledrhythm.com\/?post_type=product&#038;p=8455"},"modified":"2025-11-24T01:15:04","modified_gmt":"2025-11-24T01:15:04","slug":"190lmw-ufo-led-high-bay-light","status":"publish","type":"product","link":"https:\/\/ledrhythm.com\/it\/product\/190lmw-ufo-led-high-bay-light","title":{"rendered":"UFO LED High Bay 190lm\/W per Illuminazione Industriale"},"content":{"rendered":"","protected":false},"excerpt":{"rendered":"<p>La luce LED ad alta efficienza di UFO consente di risparmiare notevoli costi di gestione in <a href=\"https:\/\/ledrhythm.com\/it\/led-industrial-lighting\/\" target=\"_blank\" rel=\"noopener\">illuminazione industriale<\/a> applicazioni come magazzini e fabbriche. L'efficacia luminosa di 190 lm\/W consente di risparmiare 30%-40% energia rispetto ad altre lampade a LED per alte luci a parit\u00e0 di luminosit\u00e0. Ci\u00f2 si traduce in un minor numero di apparecchi necessari, in minori costi operativi e in una minore generazione di calore, con conseguente prolungamento della durata complessiva.<\/p>\n<p>L'involucro in alluminio pressofuso garantisce un'eccellente dissipazione del calore, mentre la selezione di chip LED e driver di varie marche rinomate consente di mantenere un'uscita stabile anche durante il funzionamento continuo. Le lenti PC offrono tre angoli del fascio luminoso, per una copertura flessibile in grado di soddisfare le diverse esigenze. Si tratta di una scelta eccellente per l'illuminazione di grandi altezze che combina alte prestazioni e costi contenuti.<\/p>\n<h4>Caratteristiche del prodotto<\/h4>\n<ul>\n<li>60W, 100W, 150W, 200W<\/li>\n<li>Alta efficienza luminosa 190lm\/W<\/li>\n<li>Livello di protezione IP65 e IK08<\/li>\n<li>Angolo del fascio 60\u00b0, 90\u00b0, 120\u00b0<\/li>\n<li>Tecnologia di dimmerazione 0-10V<\/li>\n<\/ul>","protected":false},"featured_media":8458,"template":"","meta":{"_acf_changed":false,"_kadence_starter_templates_imported_post":false,"_kad_post_transparent":"default","_kad_post_title":"","_kad_post_layout":"default","_kad_post_sidebar_id":"","_kad_post_content_style":"default","_kad_post_vertical_padding":"default","_kad_post_feature":"","_kad_post_feature_position":"","_kad_post_header":false,"_kad_post_footer":false},"product_brand":[],"product_cat":[41],"product_tag":[],"class_list":{"0":"post-8455","1":"product","2":"type-product","3":"status-publish","4":"has-post-thumbnail","6":"product_cat-high-bay-lighting","8":"first","9":"instock","10":"shipping-taxable","11":"product-type-simple","12":"entry","13":"content-bg","14":"loop-entry"},"acf":[],"_links":{"self":[{"href":"https:\/\/ledrhythm.com\/it\/wp-json\/wp\/v2\/product\/8455","targetHints":{"allow":["GET"]}}],"collection":[{"href":"https:\/\/ledrhythm.com\/it\/wp-json\/wp\/v2\/product"}],"about":[{"href":"https:\/\/ledrhythm.com\/it\/wp-json\/wp\/v2\/types\/product"}],"wp:featuredmedia":[{"embeddable":true,"href":"https:\/\/ledrhythm.com\/it\/wp-json\/wp\/v2\/media\/8458"}],"wp:attachment":[{"href":"https:\/\/ledrhythm.com\/it\/wp-json\/wp\/v2\/media?parent=8455"}],"wp:term":[{"taxonomy":"product_brand","embeddable":true,"href":"https:\/\/ledrhythm.com\/it\/wp-json\/wp\/v2\/product_brand?post=8455"},{"taxonomy":"product_cat","embeddable":true,"href":"https:\/\/ledrhythm.com\/it\/wp-json\/wp\/v2\/product_cat?post=8455"},{"taxonomy":"product_tag","embeddable":true,"href":"https:\/\/ledrhythm.com\/it\/wp-json\/wp\/v2\/product_tag?post=8455"}],"curies":[{"name":"wp","href":"https:\/\/api.w.org\/{rel}","templated":true}]}}