{"id":6461,"date":"2025-08-08T07:53:03","date_gmt":"2025-08-08T07:53:03","guid":{"rendered":"https:\/\/ledrhythm.com\/?post_type=product&#038;p=6461"},"modified":"2025-12-03T08:31:35","modified_gmt":"2025-12-03T08:31:35","slug":"led-sports-court-smart-flood-light-lens-modular","status":"publish","type":"product","link":"https:\/\/ledrhythm.com\/it\/product\/led-sports-court-smart-flood-light-lens-modular","title":{"rendered":"Luce di inondazione modulare a LED per lo sport con lente"},"content":{"rendered":"","protected":false},"excerpt":{"rendered":"<p>\"Galileo\" \u00e8 uno dei nostri migliori proiettori a LED. Ogni modulo \u00e8 da 300W, supporta fino a tre moduli da 900W ed \u00e8 dotato di un dissipatore in alluminio ad ampia superficie sul retro per un raffreddamento indipendente. Sono disponibili due metodi di distribuzione della luce: il riflettore a tazza e la lente di precisione. La lente offre diversi angoli del fascio e un eccellente controllo dell'abbagliamento. Il suo design mira a fornire un illuminamento del terreno pi\u00f9 uniforme, un'esperienza visiva pi\u00f9 morbida e un minore abbagliamento. La staffa di montaggio regolabile consente una maggiore flessibilit\u00e0 di installazione. \u00c8 in grado di soddisfare la maggior parte degli ambienti interni ed esterni. <a href=\"https:\/\/ledrhythm.com\/it\/led-sports-lighting\/\" target=\"_blank\" rel=\"noopener\">illuminazione sportiva<\/a> standard.<\/p>\n<h4>Caratteristiche del prodotto<\/h4>\n<ol>\n<li>300W, 600W, 900W<\/li>\n<li>Angolo del fascio: 24\u00b0, 40\u00b0, 60\u00b0, 50\u00b0 asimmetrico<\/li>\n<li>IP66, interamente in alluminio<\/li>\n<li>Distribuzione precisa della luce ed eccellente controllo dell'abbagliamento<\/li>\n<li>Supporta le modalit\u00e0 di allenamento, competizione e pulizia<\/li>\n<li>Sistema di controllo intelligente, dimmerazione a zone<\/li>\n<\/ol>","protected":false},"featured_media":6455,"template":"","meta":{"_acf_changed":false,"_kadence_starter_templates_imported_post":false,"_kad_post_transparent":"default","_kad_post_title":"","_kad_post_layout":"default","_kad_post_sidebar_id":"","_kad_post_content_style":"default","_kad_post_vertical_padding":"default","_kad_post_feature":"","_kad_post_feature_position":"","_kad_post_header":false,"_kad_post_footer":false},"product_brand":[],"product_cat":[42],"product_tag":[],"class_list":{"0":"post-6461","1":"product","2":"type-product","3":"status-publish","4":"has-post-thumbnail","6":"product_cat-flood-lighting","8":"first","9":"instock","10":"shipping-taxable","11":"product-type-simple","12":"entry","13":"content-bg","14":"loop-entry"},"acf":[],"_links":{"self":[{"href":"https:\/\/ledrhythm.com\/it\/wp-json\/wp\/v2\/product\/6461","targetHints":{"allow":["GET"]}}],"collection":[{"href":"https:\/\/ledrhythm.com\/it\/wp-json\/wp\/v2\/product"}],"about":[{"href":"https:\/\/ledrhythm.com\/it\/wp-json\/wp\/v2\/types\/product"}],"wp:featuredmedia":[{"embeddable":true,"href":"https:\/\/ledrhythm.com\/it\/wp-json\/wp\/v2\/media\/6455"}],"wp:attachment":[{"href":"https:\/\/ledrhythm.com\/it\/wp-json\/wp\/v2\/media?parent=6461"}],"wp:term":[{"taxonomy":"product_brand","embeddable":true,"href":"https:\/\/ledrhythm.com\/it\/wp-json\/wp\/v2\/product_brand?post=6461"},{"taxonomy":"product_cat","embeddable":true,"href":"https:\/\/ledrhythm.com\/it\/wp-json\/wp\/v2\/product_cat?post=6461"},{"taxonomy":"product_tag","embeddable":true,"href":"https:\/\/ledrhythm.com\/it\/wp-json\/wp\/v2\/product_tag?post=6461"}],"curies":[{"name":"wp","href":"https:\/\/api.w.org\/{rel}","templated":true}]}}