{"id":5429,"date":"2025-06-17T01:46:23","date_gmt":"2025-06-17T01:46:23","guid":{"rendered":"https:\/\/ledrhythm.com\/?post_type=product&#038;p=5429"},"modified":"2025-11-17T01:02:39","modified_gmt":"2025-11-17T01:02:39","slug":"small-and-harsh-space-led-tri-proof-light","status":"publish","type":"product","link":"https:\/\/ledrhythm.com\/it\/product\/small-and-harsh-space-led-tri-proof-light","title":{"rendered":"Luce lineare a prova di vapore LED con zoccolo"},"content":{"rendered":"","protected":false},"excerpt":{"rendered":"<p>Questa luce LED a tripla protezione \u00e8 destinata all'uso in spazi ristretti. Combina caratteristiche di impermeabilit\u00e0, antipolvere e resistenza alla corrosione, ha una superficie luminosa di 2 piedi ed \u00e8 facile da installare. Il paralume in PC robusto e durevole e la copertura posteriore in lega di alluminio ad alta resistenza offrono resistenza alla corrosione, protezione dai raggi UV e resistenza agli urti. L'angolo del fascio di 120\u00b0 consente una copertura pi\u00f9 ampia. Il corpo illuminante \u00e8 dotato di una presa di corrente da 220 V, che consente il collegamento simultaneo ad altri dispositivi, migliorando la flessibilit\u00e0 e la praticit\u00e0 del lavoro.<\/p>\n<h4>Caratteristiche del prodotto<\/h4>\n<ol>\n<li>Superficie luminosa standard 18W, 2ft<\/li>\n<li>IP65, impermeabile, antipolvere e resistente alla corrosione<\/li>\n<li>Facile installazione, design integrato<\/li>\n<li>Presa di corrente incorporata, fornisce l'uscita di corrente<\/li>\n<li>PC robusto e durevole<\/li>\n<\/ol>","protected":false},"featured_media":6857,"template":"","meta":{"_acf_changed":false,"_kadence_starter_templates_imported_post":false,"_kad_post_transparent":"default","_kad_post_title":"","_kad_post_layout":"default","_kad_post_sidebar_id":"","_kad_post_content_style":"default","_kad_post_vertical_padding":"default","_kad_post_feature":"","_kad_post_feature_position":"","_kad_post_header":false,"_kad_post_footer":false},"product_brand":[],"product_cat":[20,132],"product_tag":[],"class_list":{"0":"post-5429","1":"product","2":"type-product","3":"status-publish","4":"has-post-thumbnail","6":"product_cat-wind-energy-lighting","7":"product_cat-tri-proof-lighting","9":"first","10":"instock","11":"shipping-taxable","12":"product-type-simple","13":"entry","14":"content-bg","15":"loop-entry"},"acf":[],"_links":{"self":[{"href":"https:\/\/ledrhythm.com\/it\/wp-json\/wp\/v2\/product\/5429","targetHints":{"allow":["GET"]}}],"collection":[{"href":"https:\/\/ledrhythm.com\/it\/wp-json\/wp\/v2\/product"}],"about":[{"href":"https:\/\/ledrhythm.com\/it\/wp-json\/wp\/v2\/types\/product"}],"wp:featuredmedia":[{"embeddable":true,"href":"https:\/\/ledrhythm.com\/it\/wp-json\/wp\/v2\/media\/6857"}],"wp:attachment":[{"href":"https:\/\/ledrhythm.com\/it\/wp-json\/wp\/v2\/media?parent=5429"}],"wp:term":[{"taxonomy":"product_brand","embeddable":true,"href":"https:\/\/ledrhythm.com\/it\/wp-json\/wp\/v2\/product_brand?post=5429"},{"taxonomy":"product_cat","embeddable":true,"href":"https:\/\/ledrhythm.com\/it\/wp-json\/wp\/v2\/product_cat?post=5429"},{"taxonomy":"product_tag","embeddable":true,"href":"https:\/\/ledrhythm.com\/it\/wp-json\/wp\/v2\/product_tag?post=5429"}],"curies":[{"name":"wp","href":"https:\/\/api.w.org\/{rel}","templated":true}]}}