{"id":4570,"date":"2025-04-24T08:12:37","date_gmt":"2025-04-24T08:12:37","guid":{"rendered":"https:\/\/ledrhythm.com\/?post_type=product&#038;p=4570"},"modified":"2025-11-12T07:08:50","modified_gmt":"2025-11-12T07:08:50","slug":"high-temp-industrial-led-flood-light","status":"publish","type":"product","link":"https:\/\/ledrhythm.com\/it\/product\/high-temp-industrial-led-flood-light","title":{"rendered":"65\u2103 Luce di inondazione LED ad alta temperatura"},"content":{"rendered":"","protected":false},"excerpt":{"rendered":"<p>Questa luce di inondazione a LED ad alta temperatura viene aggiornata da <a href=\"https:\/\/ledrhythm.com\/it\/product\/large-industrial-outdoor-flood-lighting-work-parking-lot-lighting\/\" target=\"_blank\" rel=\"noopener\">luce flood 'Slim\u2162' standard<\/a>. Il suo alloggiamento \u00e8 realizzato in alluminio pressofuso con un dissipatore di calore pi\u00f9 grande, abbinato a una potenza del driver pi\u00f9 resistente al calore, e separa il driver dal corpo lampada, garantendo un funzionamento stabile a temperature ambientali fino a 65\u00b0C. A differenza di <a href=\"https:\/\/ledrhythm.com\/it\/product\/diamond-industrial-led-high-bay-lighting-75-high-temp-lights\/\" target=\"_blank\" rel=\"noopener\">luci ad alta temperatura per baia<\/a>Questo apparecchio, con grado di protezione IP66\/IK08 e staffa di montaggio flessibile, \u00e8 adatto non solo per l'uso in interni, ma anche per applicazioni all'aperto con temperature elevate. L'angolo di emissione di 120\u00b0 offre una copertura luminosa pi\u00f9 ampia e uniforme. Supporta il dimming 0-10V per migliorare ulteriormente l'efficienza energetica.<\/p>\n<h4>Caratteristiche del prodotto<\/h4>\n<ol>\n<li>80W,100W,120W,150W,200W<\/li>\n<li>Efficienza luminosa 150lm\/W+<\/li>\n<li>Resiste a una temperatura ambiente di 65\u2103<\/li>\n<li>Eccellente resistenza al calore e prestazioni di dissipazione del calore<\/li>\n<li>Impermeabilit\u00e0 IP66 e protezione da sovratensione 10KV<\/li>\n<li>Dimmerazione 0-10V opzionale<\/li>\n<\/ol>","protected":false},"featured_media":6854,"template":"","meta":{"_acf_changed":false,"_kadence_starter_templates_imported_post":false,"_kad_post_transparent":"default","_kad_post_title":"","_kad_post_layout":"default","_kad_post_sidebar_id":"","_kad_post_content_style":"default","_kad_post_vertical_padding":"default","_kad_post_feature":"","_kad_post_feature_position":"","_kad_post_header":false,"_kad_post_footer":false},"product_brand":[],"product_cat":[42,145],"product_tag":[],"class_list":{"0":"post-4570","1":"product","2":"type-product","3":"status-publish","4":"has-post-thumbnail","6":"product_cat-flood-lighting","7":"product_cat-high-temp-lighting","9":"first","10":"instock","11":"downloadable","12":"virtual","13":"product-type-simple","14":"entry","15":"content-bg","16":"loop-entry"},"acf":[],"_links":{"self":[{"href":"https:\/\/ledrhythm.com\/it\/wp-json\/wp\/v2\/product\/4570","targetHints":{"allow":["GET"]}}],"collection":[{"href":"https:\/\/ledrhythm.com\/it\/wp-json\/wp\/v2\/product"}],"about":[{"href":"https:\/\/ledrhythm.com\/it\/wp-json\/wp\/v2\/types\/product"}],"wp:featuredmedia":[{"embeddable":true,"href":"https:\/\/ledrhythm.com\/it\/wp-json\/wp\/v2\/media\/6854"}],"wp:attachment":[{"href":"https:\/\/ledrhythm.com\/it\/wp-json\/wp\/v2\/media?parent=4570"}],"wp:term":[{"taxonomy":"product_brand","embeddable":true,"href":"https:\/\/ledrhythm.com\/it\/wp-json\/wp\/v2\/product_brand?post=4570"},{"taxonomy":"product_cat","embeddable":true,"href":"https:\/\/ledrhythm.com\/it\/wp-json\/wp\/v2\/product_cat?post=4570"},{"taxonomy":"product_tag","embeddable":true,"href":"https:\/\/ledrhythm.com\/it\/wp-json\/wp\/v2\/product_tag?post=4570"}],"curies":[{"name":"wp","href":"https:\/\/api.w.org\/{rel}","templated":true}]}}