{"id":3287,"date":"2025-03-28T07:37:57","date_gmt":"2025-03-28T07:37:57","guid":{"rendered":"https:\/\/ledrhythm.com\/products\/wholesale-led-high-bay-lightsfor-a-large-industrial-area-or-a-smaller-commercial-space"},"modified":"2025-11-17T08:58:26","modified_gmt":"2025-11-17T08:58:26","slug":"round-led-high-bay-light-high-power-lumen","status":"publish","type":"product","link":"https:\/\/ledrhythm.com\/it\/product\/round-led-high-bay-light-high-power-lumen","title":{"rendered":"Alta potenza e lumen Luce rotonda della baia del LED"},"content":{"rendered":"","protected":false},"excerpt":{"rendered":"<p>Questa lampada tonda a LED \u00e8 il nostro design pi\u00f9 classico e offre un'elevata potenza e un'alta uscita di lumen, fino a 400W e 60.000lm, in grado di sostituire varie sorgenti luminose tradizionali. Ha un'eccellente resistenza alla corrosione, dissipazione del calore e grado di impermeabilit\u00e0 IP66 e antipolvere, oltre a una variet\u00e0 di <a href=\"https:\/\/ledrhythm.com\/it\/news\/how-to-look-at-the-beam-angle-of-outdoor-floodlights.html\/\" target=\"_blank\" rel=\"noopener\">angolo del fascio<\/a> e metodi di montaggio. \u00c8 possibile selezionare diversi paralumi per controllare la luce. La luce sar\u00e0 pi\u00f9 uniforme e meno abbagliante, con un indice di resa cromatica superiore a 80 o addirittura a 90. Questo la rende adatta a un'ampia gamma di applicazioni, tra cui vari tipi di interni. Questo la rende adatta a un'ampia gamma di applicazioni, tra cui vari tipi di interni. <a href=\"https:\/\/ledrhythm.com\/it\/led-industrial-lighting\/\" target=\"_blank\" rel=\"noopener\">aree industriali<\/a> e <a href=\"https:\/\/ledrhythm.com\/it\/led-sports-lighting\/\" target=\"_blank\" rel=\"noopener\">illuminazione sportiva<\/a>.<\/p>\n<h4>Caratteristiche del prodotto<\/h4>\n<ol>\n<li>80W,100W,120W,150W,200W,240W,300W,400W<\/li>\n<li>Angolo del fascio: 45\u00b0, 60\u00b0, 80\u00b0, 90\u00b0 e 120\u00b0.<\/li>\n<li>Lega di alluminio A380 pressofusa ad alta intensit\u00e0 ADC12<\/li>\n<li>CRI&gt;80 E IP66<\/li>\n<li>Tecnologia di dimmerazione 0-10V<\/li>\n<\/ol>","protected":false},"featured_media":9233,"template":"","meta":{"_acf_changed":false,"_kadence_starter_templates_imported_post":false,"_kad_post_transparent":"default","_kad_post_title":"","_kad_post_layout":"default","_kad_post_sidebar_id":"","_kad_post_content_style":"default","_kad_post_vertical_padding":"default","_kad_post_feature":"","_kad_post_feature_position":"","_kad_post_header":false,"_kad_post_footer":false},"product_brand":[],"product_cat":[41],"product_tag":[],"class_list":{"0":"post-3287","1":"product","2":"type-product","3":"status-publish","4":"has-post-thumbnail","6":"product_cat-high-bay-lighting","8":"first","9":"instock","10":"downloadable","11":"virtual","12":"product-type-simple","13":"entry","14":"content-bg","15":"loop-entry"},"acf":[],"_links":{"self":[{"href":"https:\/\/ledrhythm.com\/it\/wp-json\/wp\/v2\/product\/3287","targetHints":{"allow":["GET"]}}],"collection":[{"href":"https:\/\/ledrhythm.com\/it\/wp-json\/wp\/v2\/product"}],"about":[{"href":"https:\/\/ledrhythm.com\/it\/wp-json\/wp\/v2\/types\/product"}],"wp:featuredmedia":[{"embeddable":true,"href":"https:\/\/ledrhythm.com\/it\/wp-json\/wp\/v2\/media\/9233"}],"wp:attachment":[{"href":"https:\/\/ledrhythm.com\/it\/wp-json\/wp\/v2\/media?parent=3287"}],"wp:term":[{"taxonomy":"product_brand","embeddable":true,"href":"https:\/\/ledrhythm.com\/it\/wp-json\/wp\/v2\/product_brand?post=3287"},{"taxonomy":"product_cat","embeddable":true,"href":"https:\/\/ledrhythm.com\/it\/wp-json\/wp\/v2\/product_cat?post=3287"},{"taxonomy":"product_tag","embeddable":true,"href":"https:\/\/ledrhythm.com\/it\/wp-json\/wp\/v2\/product_tag?post=3287"}],"curies":[{"name":"wp","href":"https:\/\/api.w.org\/{rel}","templated":true}]}}