{"id":3282,"date":"2025-03-28T07:37:51","date_gmt":"2025-03-28T07:37:51","guid":{"rendered":"https:\/\/ledrhythm.com\/products\/high-temperature-high-bay-light"},"modified":"2025-10-31T01:05:18","modified_gmt":"2025-10-31T01:05:18","slug":"diamond-i-pro-high-temperature-high-bay-light","status":"publish","type":"product","link":"https:\/\/ledrhythm.com\/it\/product\/diamond-i-pro-high-temperature-high-bay-light","title":{"rendered":"65\u2103 Luce LED ad alta temperatura per baia"},"content":{"rendered":"","protected":false},"excerpt":{"rendered":"<p>Combinando le prestazioni dei LED high bay e della resistenza al calore in un unico apparecchio di illuminazione, \u00e8 possibile un funzionamento a lungo termine a temperature ambiente di 65\u00b0C. Il driver e il corpo della lampada sono dotati di una fessura per la dissipazione del calore, mentre i componenti interni utilizzano chip LED resistenti al calore, lenti in vetro e fili in silicone. Rispetto alle nostre <a href=\"https:\/\/ledrhythm.com\/it\/product\/diamond-industrial-led-high-bay-lighting-75-high-temp-lights\/\" target=\"_blank\" rel=\"noopener\">75\u00b0C luce ad alta luminosit\u00e0<\/a>Questo apparecchio \u00e8 dotato di un driver pi\u00f9 piccolo e leggero. Grazie ai dissipatori di calore in alluminio pressofuso ad ampia superficie, migliora la stabilit\u00e0 dell'illuminazione e la durata di vita standard, che rimane di oltre 50.000 ore in aree ad alta temperatura. La temperatura di colore \u00e8 selezionabile da 1800K a 6500K e sono supportati sia il montaggio a sospensione che quello su staffa. \u00c8 adatto a vari tipi di officina o di <a href=\"https:\/\/ledrhythm.com\/it\/led-factory-lights\/\" target=\"_blank\" rel=\"noopener\">illuminazione di fabbrica<\/a>.<\/p>\n<h4>Caratteristiche del prodotto<\/h4>\n<ul>\n<li>80W, 100W, 120W, 150W, 200W<\/li>\n<li>Resiste a una temperatura ambiente di 65\u2103<\/li>\n<li>Temperatura colore 1800K (alta penetrazione) - 6500K<\/li>\n<li>IP65 impermeabile, antipolvere e resistente alla corrosione<\/li>\n<li>Varie angolazioni del fascio e dimmerazione 0-10V<\/li>\n<\/ul>","protected":false},"featured_media":6856,"template":"","meta":{"_acf_changed":false,"_kadence_starter_templates_imported_post":false,"_kad_post_transparent":"default","_kad_post_title":"","_kad_post_layout":"default","_kad_post_sidebar_id":"","_kad_post_content_style":"default","_kad_post_vertical_padding":"default","_kad_post_feature":"","_kad_post_feature_position":"","_kad_post_header":false,"_kad_post_footer":false},"product_brand":[],"product_cat":[41,145],"product_tag":[],"class_list":{"0":"post-3282","1":"product","2":"type-product","3":"status-publish","4":"has-post-thumbnail","6":"product_cat-high-bay-lighting","7":"product_cat-high-temp-lighting","9":"first","10":"instock","11":"downloadable","12":"virtual","13":"product-type-simple","14":"entry","15":"content-bg","16":"loop-entry"},"acf":[],"_links":{"self":[{"href":"https:\/\/ledrhythm.com\/it\/wp-json\/wp\/v2\/product\/3282","targetHints":{"allow":["GET"]}}],"collection":[{"href":"https:\/\/ledrhythm.com\/it\/wp-json\/wp\/v2\/product"}],"about":[{"href":"https:\/\/ledrhythm.com\/it\/wp-json\/wp\/v2\/types\/product"}],"wp:featuredmedia":[{"embeddable":true,"href":"https:\/\/ledrhythm.com\/it\/wp-json\/wp\/v2\/media\/6856"}],"wp:attachment":[{"href":"https:\/\/ledrhythm.com\/it\/wp-json\/wp\/v2\/media?parent=3282"}],"wp:term":[{"taxonomy":"product_brand","embeddable":true,"href":"https:\/\/ledrhythm.com\/it\/wp-json\/wp\/v2\/product_brand?post=3282"},{"taxonomy":"product_cat","embeddable":true,"href":"https:\/\/ledrhythm.com\/it\/wp-json\/wp\/v2\/product_cat?post=3282"},{"taxonomy":"product_tag","embeddable":true,"href":"https:\/\/ledrhythm.com\/it\/wp-json\/wp\/v2\/product_tag?post=3282"}],"curies":[{"name":"wp","href":"https:\/\/api.w.org\/{rel}","templated":true}]}}