{"id":3271,"date":"2025-03-28T07:37:37","date_gmt":"2025-03-28T07:37:37","guid":{"rendered":"https:\/\/ledrhythm.com\/products\/industrial-linear-lighting-led"},"modified":"2025-11-21T02:26:12","modified_gmt":"2025-11-21T02:26:12","slug":"modular-linear-high-bay-led-lights-for-hallway-and-shop","status":"publish","type":"product","link":"https:\/\/ledrhythm.com\/it\/product\/modular-linear-high-bay-led-lights-for-hallway-and-shop","title":{"rendered":"Alta baia lineare modulare a LED - 60W per modulo"},"content":{"rendered":"","protected":false},"excerpt":{"rendered":"<p>Questa plafoniera a LED \u00e8 caratterizzata da un design modulare lineare, con ogni modulo da 60 W e quattro moduli fino a 240 W, per una potenza totale di 36.000 lumen. \u00c8 impermeabile e antipolvere IP65 e offre una variet\u00e0 di angoli del fascio luminoso, da stretto a largo. \u00c8 ideale per l'illuminazione lineare di aree industriali interne o portici semi-esterni. \u00c8 inoltre possibile utilizzare il telefono cellulare\/tablet per controllare in modalit\u00e0 wireless l'accensione, lo spegnimento e la regolazione della luminosit\u00e0 tramite Zigbee Wifi e controllare con precisione uno o pi\u00f9 dispositivi di illuminazione in una determinata area. Supporta sia il montaggio in superficie che a sospensione.<\/p>\n<h4>Caratteristiche del prodotto<\/h4>\n<ol>\n<li>60W, 120W, 180W, 240W<\/li>\n<li>Controllo intelligente, dimmerazione 0-10V<\/li>\n<li>Design lineare modulare<\/li>\n<li>Protezione IP65 e 4KV contro le sovratensioni<\/li>\n<li>Angoli del fascio 15\u00b0, 40\u00b0, 60\u00b0, 70*30\u00b0, 49*21\u00b0, 90\u00b0.<\/li>\n<li>Alloggiamento in lega di alluminio estruso ad alta resistenza<\/li>\n<li>Chip LED ad alta densit\u00e0 per una maggiore uniformit\u00e0<\/li>\n<\/ol>","protected":false},"featured_media":6864,"template":"","meta":{"_acf_changed":false,"_kadence_starter_templates_imported_post":false,"_kad_post_transparent":"default","_kad_post_title":"","_kad_post_layout":"default","_kad_post_sidebar_id":"","_kad_post_content_style":"default","_kad_post_vertical_padding":"default","_kad_post_feature":"","_kad_post_feature_position":"","_kad_post_header":false,"_kad_post_footer":false},"product_brand":[],"product_cat":[41,131],"product_tag":[],"class_list":{"0":"post-3271","1":"product","2":"type-product","3":"status-publish","4":"has-post-thumbnail","6":"product_cat-high-bay-lighting","7":"product_cat-linear-lighting","9":"first","10":"instock","11":"downloadable","12":"virtual","13":"product-type-simple","14":"entry","15":"content-bg","16":"loop-entry"},"acf":[],"_links":{"self":[{"href":"https:\/\/ledrhythm.com\/it\/wp-json\/wp\/v2\/product\/3271","targetHints":{"allow":["GET"]}}],"collection":[{"href":"https:\/\/ledrhythm.com\/it\/wp-json\/wp\/v2\/product"}],"about":[{"href":"https:\/\/ledrhythm.com\/it\/wp-json\/wp\/v2\/types\/product"}],"wp:featuredmedia":[{"embeddable":true,"href":"https:\/\/ledrhythm.com\/it\/wp-json\/wp\/v2\/media\/6864"}],"wp:attachment":[{"href":"https:\/\/ledrhythm.com\/it\/wp-json\/wp\/v2\/media?parent=3271"}],"wp:term":[{"taxonomy":"product_brand","embeddable":true,"href":"https:\/\/ledrhythm.com\/it\/wp-json\/wp\/v2\/product_brand?post=3271"},{"taxonomy":"product_cat","embeddable":true,"href":"https:\/\/ledrhythm.com\/it\/wp-json\/wp\/v2\/product_cat?post=3271"},{"taxonomy":"product_tag","embeddable":true,"href":"https:\/\/ledrhythm.com\/it\/wp-json\/wp\/v2\/product_tag?post=3271"}],"curies":[{"name":"wp","href":"https:\/\/api.w.org\/{rel}","templated":true}]}}