{"id":3266,"date":"2025-03-28T07:37:31","date_gmt":"2025-03-28T07:37:31","guid":{"rendered":"https:\/\/ledrhythm.com\/products\/40w60w80w100w120w-1200mm-anticorrosive-led-tri-proof-light-suppiler-in-china"},"modified":"2025-11-13T07:09:47","modified_gmt":"2025-11-13T07:09:47","slug":"2-4ft-vapor-proof-light-fixture-motion-sensor","status":"publish","type":"product","link":"https:\/\/ledrhythm.com\/it\/product\/2-4ft-vapor-proof-light-fixture-motion-sensor","title":{"rendered":"2\/4\/5ft LED a prova di vapore con sensore di movimento"},"content":{"rendered":"","protected":false},"excerpt":{"rendered":"<p>\"Venus I\" \u00e8 un apparecchio LED a prova di vapore pi\u00f9 completo. Design lineare e lunghezza disponibile di 2, 4 e 5 piedi. Grado di impermeabilit\u00e0 e antipolvere IP66\/IP69K, in grado di resistere a getti d'acqua ad alta pressione. La robusta copertura in PC \u00e8 resistente alla corrosione di vari gas e liquidi e, combinata con l'eccellente dissipazione del calore della copertura posteriore in lega di alluminio, forma una struttura completamente sigillata e vanta una resistenza agli urti IK10.<\/p>\n<p>Potenza massima di 150W, quindi chiamata anche luce LED a tenuta di vapore ad alta baia, che fornisce un'uscita stabile di lumen elevata anche in ambienti grandi e difficili, luce uniforme e basso abbagliamento. Supporta l'intelligenza <a href=\"https:\/\/ledrhythm.com\/it\/news\/motion-sensor-lights-and-security-light.html\/\" target=\"_blank\" rel=\"noopener\">sensori di movimento<\/a> e dimmerazione 0-10V. Lo sfiatatoio standard bilancia la pressione dell'aria interna ed esterna, evitando la formazione di condensa e la rottura delle guarnizioni. Aggiornamento \"<a href=\"https:\/\/ledrhythm.com\/it\/product\/venus-%e2%85%b0-pro-vapor-tight-led-light-fixture-high-temp-tri-proof-lighting\/\" target=\"_blank\" rel=\"noopener\">Venus Pro<\/a>\" resistono a temperature ambiente fino a 75\u2103.<\/p>\n<h4>Caratteristiche del prodotto<\/h4>\n<ol>\n<li>40W, 60W, 80W, 100W, 120W, 150W<\/li>\n<li>IP66\/IP69K e IK10<\/li>\n<li>Struttura ad alta resistenza completamente sigillata<\/li>\n<li>Angolo del fascio di 120\u00b0, uniforme, senza abbagliamento<\/li>\n<li>Sensori di movimento e dimmerazione 0-10V<\/li>\n<\/ol>","protected":false},"featured_media":6925,"template":"","meta":{"_acf_changed":false,"_kadence_starter_templates_imported_post":false,"_kad_post_transparent":"default","_kad_post_title":"","_kad_post_layout":"default","_kad_post_sidebar_id":"","_kad_post_content_style":"default","_kad_post_vertical_padding":"default","_kad_post_feature":"","_kad_post_feature_position":"","_kad_post_header":false,"_kad_post_footer":false},"product_brand":[],"product_cat":[132],"product_tag":[],"class_list":{"0":"post-3266","1":"product","2":"type-product","3":"status-publish","4":"has-post-thumbnail","6":"product_cat-tri-proof-lighting","8":"first","9":"instock","10":"downloadable","11":"virtual","12":"product-type-simple","13":"entry","14":"content-bg","15":"loop-entry"},"acf":[],"_links":{"self":[{"href":"https:\/\/ledrhythm.com\/it\/wp-json\/wp\/v2\/product\/3266","targetHints":{"allow":["GET"]}}],"collection":[{"href":"https:\/\/ledrhythm.com\/it\/wp-json\/wp\/v2\/product"}],"about":[{"href":"https:\/\/ledrhythm.com\/it\/wp-json\/wp\/v2\/types\/product"}],"wp:featuredmedia":[{"embeddable":true,"href":"https:\/\/ledrhythm.com\/it\/wp-json\/wp\/v2\/media\/6925"}],"wp:attachment":[{"href":"https:\/\/ledrhythm.com\/it\/wp-json\/wp\/v2\/media?parent=3266"}],"wp:term":[{"taxonomy":"product_brand","embeddable":true,"href":"https:\/\/ledrhythm.com\/it\/wp-json\/wp\/v2\/product_brand?post=3266"},{"taxonomy":"product_cat","embeddable":true,"href":"https:\/\/ledrhythm.com\/it\/wp-json\/wp\/v2\/product_cat?post=3266"},{"taxonomy":"product_tag","embeddable":true,"href":"https:\/\/ledrhythm.com\/it\/wp-json\/wp\/v2\/product_tag?post=3266"}],"curies":[{"name":"wp","href":"https:\/\/api.w.org\/{rel}","templated":true}]}}