{"id":3261,"date":"2025-03-28T07:37:21","date_gmt":"2025-03-28T07:37:21","guid":{"rendered":"https:\/\/ledrhythm.com\/products\/20w30w40w-high-temperature-and-low-bay-lighting-solutions"},"modified":"2026-03-10T08:13:00","modified_gmt":"2026-03-10T08:13:00","slug":"venus-%e2%85%b0-pro-vapor-tight-led-light-fixture-high-temp-tri-proof-lighting","status":"publish","type":"product","link":"https:\/\/ledrhythm.com\/it\/product\/venus-%e2%85%b0-pro-vapor-tight-led-light-fixture-high-temp-tri-proof-lighting","title":{"rendered":"75\u2103 Apparecchio lineare di luce LED a tenuta di vapore ad alta temperatura"},"content":{"rendered":"","protected":false},"excerpt":{"rendered":"<p>Si tratta di un apparecchio LED a tenuta di vapore che pu\u00f2 resistere a temperature ambiente di 75\u2103. Il corpo illuminante \u00e8 estremamente robusto e dotato di un'eccellente dissipazione del calore, vanta diversi gradi di protezione tra cui IP66\/IP69K e IK10 ed \u00e8 resistente alla corrosione. L'utilizzo di una potenza di azionamento pi\u00f9 resistente al calore \u00e8 fondamentale per garantire la stabilit\u00e0 a lungo termine nelle aree a temperatura elevata. \u00c8 stato progettato per ottenere una lunga durata, una manutenzione ridotta e un'elevata efficienza in ambienti difficili. Il design lineare a 2\/4 piedi lo rende pi\u00f9 vantaggioso rispetto a <a href=\"https:\/\/ledrhythm.com\/it\/product\/diamond-industrial-led-high-bay-lighting-75-high-temp-lights\/\" target=\"_blank\" rel=\"noopener\">tipi di baia ad alta temperatura<\/a> in uno spazio piccolo e caldo. Montaggio a soffitto o sospensione opzionale, ampiamente utilizzato nelle aree industriali e commerciali.<\/p>\n<h4>Caratteristiche del prodotto<\/h4>\n<ol>\n<li>40W, 60W, 75W, 100W<\/li>\n<li>Resiste alla temperatura ambiente di 75\u2103<\/li>\n<li>Completamente sigillato, resistente al vapore<\/li>\n<li>Protezione IP66\/IP69K e IK10<\/li>\n<li>PC ad alta intensit\u00e0 e alluminio estruso<\/li>\n<li>0-10V dimmerabile<\/li>\n<\/ol>","protected":false},"featured_media":6928,"template":"","meta":{"_acf_changed":false,"_kadence_starter_templates_imported_post":false,"_kad_post_transparent":"default","_kad_post_title":"","_kad_post_layout":"default","_kad_post_sidebar_id":"","_kad_post_content_style":"default","_kad_post_vertical_padding":"default","_kad_post_feature":"","_kad_post_feature_position":"","_kad_post_header":false,"_kad_post_footer":false},"product_brand":[],"product_cat":[132,145],"product_tag":[],"class_list":{"0":"post-3261","1":"product","2":"type-product","3":"status-publish","4":"has-post-thumbnail","6":"product_cat-tri-proof-lighting","7":"product_cat-high-temp-lighting","9":"first","10":"instock","11":"downloadable","12":"virtual","13":"product-type-simple","14":"entry","15":"content-bg","16":"loop-entry"},"acf":[],"_links":{"self":[{"href":"https:\/\/ledrhythm.com\/it\/wp-json\/wp\/v2\/product\/3261","targetHints":{"allow":["GET"]}}],"collection":[{"href":"https:\/\/ledrhythm.com\/it\/wp-json\/wp\/v2\/product"}],"about":[{"href":"https:\/\/ledrhythm.com\/it\/wp-json\/wp\/v2\/types\/product"}],"wp:featuredmedia":[{"embeddable":true,"href":"https:\/\/ledrhythm.com\/it\/wp-json\/wp\/v2\/media\/6928"}],"wp:attachment":[{"href":"https:\/\/ledrhythm.com\/it\/wp-json\/wp\/v2\/media?parent=3261"}],"wp:term":[{"taxonomy":"product_brand","embeddable":true,"href":"https:\/\/ledrhythm.com\/it\/wp-json\/wp\/v2\/product_brand?post=3261"},{"taxonomy":"product_cat","embeddable":true,"href":"https:\/\/ledrhythm.com\/it\/wp-json\/wp\/v2\/product_cat?post=3261"},{"taxonomy":"product_tag","embeddable":true,"href":"https:\/\/ledrhythm.com\/it\/wp-json\/wp\/v2\/product_tag?post=3261"}],"curies":[{"name":"wp","href":"https:\/\/api.w.org\/{rel}","templated":true}]}}