{"id":3231,"date":"2025-03-28T07:36:42","date_gmt":"2025-03-28T07:36:42","guid":{"rendered":"https:\/\/ledrhythm.com\/products\/ugr"},"modified":"2025-11-25T07:06:21","modified_gmt":"2025-11-25T07:06:21","slug":"linear-low-bay-led-light-low-glare","status":"publish","type":"product","link":"https:\/\/ledrhythm.com\/it\/product\/linear-low-bay-led-light-low-glare","title":{"rendered":"Luce lineare LED industriale e commerciale da 4 piedi"},"content":{"rendered":"","protected":false},"excerpt":{"rendered":"<p>La struttura \u00e8 realizzata in lamiera lineare e la lunghezza \u00e8 di circa 4 piedi (3,8 piedi). Offre un'elevata efficienza luminosa, con una potenza compresa tra 80 e 150 W, e pu\u00f2 essere utilizzato sia per l'illuminazione di alte che di basse luci. \u00c8 dotato di tre metodi di distribuzione della luce: piastra di diffusione, piastra antiriflesso e lente, che consentono di ottenere un controllo preciso della luce, di filtrare efficacemente l'abbagliamento e di produrre una luce uniforme e morbida per soddisfare le diverse esigenze di illuminazione. Tutti e tre i metodi possono essere dotati di griglie anticollisione per proteggere dagli urti delle palle.<\/p>\n<p>L'installazione \u00e8 semplice e supporta la giunzione di pi\u00f9 moduli. \u00c8 adatto a diverse applicazioni industriali e commerciali di illuminazione lineare a LED, come ad esempio <a href=\"https:\/\/ledrhythm.com\/it\/led-sports-lighting\/\" target=\"_blank\" rel=\"noopener\">campi sportivi<\/a>, magazzini e <a href=\"https:\/\/ledrhythm.com\/it\/led-garage-lighting\/\" target=\"_blank\" rel=\"noopener\">garage<\/a>, ecc.<\/p>\n<h4>Caratteristiche del prodotto<\/h4>\n<ol>\n<li>80W, 100W, 120W, 150W<\/li>\n<li>Efficienza luminosa fino a 170lm\/W<\/li>\n<li>Luce morbida, basso abbagliamento, anti-collisione IK08<\/li>\n<li>Piastra diffusore, piastra antiriflesso e lente opzionali<\/li>\n<li>0-10V dimmerabile<\/li>\n<\/ol>","protected":false},"featured_media":6866,"template":"","meta":{"_acf_changed":false,"_kadence_starter_templates_imported_post":false,"_kad_post_transparent":"default","_kad_post_title":"","_kad_post_layout":"default","_kad_post_sidebar_id":"","_kad_post_content_style":"default","_kad_post_vertical_padding":"default","_kad_post_feature":"","_kad_post_feature_position":"","_kad_post_header":false,"_kad_post_footer":false},"product_brand":[],"product_cat":[131],"product_tag":[],"class_list":{"0":"post-3231","1":"product","2":"type-product","3":"status-publish","4":"has-post-thumbnail","6":"product_cat-linear-lighting","8":"first","9":"instock","10":"downloadable","11":"virtual","12":"product-type-simple","13":"entry","14":"content-bg","15":"loop-entry"},"acf":[],"_links":{"self":[{"href":"https:\/\/ledrhythm.com\/it\/wp-json\/wp\/v2\/product\/3231","targetHints":{"allow":["GET"]}}],"collection":[{"href":"https:\/\/ledrhythm.com\/it\/wp-json\/wp\/v2\/product"}],"about":[{"href":"https:\/\/ledrhythm.com\/it\/wp-json\/wp\/v2\/types\/product"}],"wp:featuredmedia":[{"embeddable":true,"href":"https:\/\/ledrhythm.com\/it\/wp-json\/wp\/v2\/media\/6866"}],"wp:attachment":[{"href":"https:\/\/ledrhythm.com\/it\/wp-json\/wp\/v2\/media?parent=3231"}],"wp:term":[{"taxonomy":"product_brand","embeddable":true,"href":"https:\/\/ledrhythm.com\/it\/wp-json\/wp\/v2\/product_brand?post=3231"},{"taxonomy":"product_cat","embeddable":true,"href":"https:\/\/ledrhythm.com\/it\/wp-json\/wp\/v2\/product_cat?post=3231"},{"taxonomy":"product_tag","embeddable":true,"href":"https:\/\/ledrhythm.com\/it\/wp-json\/wp\/v2\/product_tag?post=3231"}],"curies":[{"name":"wp","href":"https:\/\/api.w.org\/{rel}","templated":true}]}}