{"id":3212,"date":"2025-03-28T07:36:07","date_gmt":"2025-03-28T07:36:07","guid":{"rendered":"https:\/\/ledrhythm.com\/products\/professional-sports-mid-and-low-pole-lighting"},"modified":"2025-11-27T09:00:47","modified_gmt":"2025-11-27T09:00:47","slug":"slim-outside-led-flood-light","status":"publish","type":"product","link":"https:\/\/ledrhythm.com\/it\/product\/slim-outside-led-flood-light","title":{"rendered":"Luce di inondazione commerciale LED sottile 100W-400W"},"content":{"rendered":"","protected":false},"excerpt":{"rendered":"<p>Il proiettore commerciale a LED \u00e8 progettato con una sottile struttura in alluminio pressofuso, ma vanta comunque un'ampia area di alette di dissipazione del calore in alluminio per dissipare rapidamente il calore generato durante il funzionamento. La potenza varia da 100 a 400 W, offre due metodi di distribuzione della luce: riflettore a coppa e lente, e seleziona pi\u00f9 angoli del fascio, consentendo un controllo molto preciso della luce e garantendo un'elevata uniformit\u00e0 e una luce morbida. \u00c8 ideale per scenari con elevati requisiti di qualit\u00e0 della luce, come ad esempio <a href=\"https:\/\/ledrhythm.com\/it\/led-sports-lighting\/\" target=\"_blank\" rel=\"noopener\">illuminazione sportiva<\/a> o commerciale <a href=\"https:\/\/ledrhythm.com\/it\/led-area-lights\/\" target=\"_blank\" rel=\"noopener\">illuminazione dell'area<\/a>. La staffa di montaggio regolabile \u00e8 dotata di scala graduata, che consente di regolare con precisione l'angolo di illuminazione per evitare sprechi di luce.<\/p>\n<h4>Caratteristiche del prodotto<\/h4>\n<ol>\n<li>100W, 200W, 300W, 400W<\/li>\n<li>0-10V\/DALI 2 Dimmerazione<\/li>\n<li>IP66, protezione da sovratensione 10KV<\/li>\n<li>Alta efficienza e durata di vita di oltre 50.000 ore<\/li>\n<li>Design sottile, alluminio pressofuso ad alta resistenza<\/li>\n<li>I molteplici design ottici asimmetrici riducono l'abbagliamento e la luce diffusa.<\/li>\n<\/ol>","protected":false},"featured_media":6919,"template":"","meta":{"_acf_changed":false,"_kadence_starter_templates_imported_post":false,"_kad_post_transparent":"default","_kad_post_title":"","_kad_post_layout":"default","_kad_post_sidebar_id":"","_kad_post_content_style":"default","_kad_post_vertical_padding":"default","_kad_post_feature":"","_kad_post_feature_position":"","_kad_post_header":false,"_kad_post_footer":false},"product_brand":[],"product_cat":[42],"product_tag":[],"class_list":{"0":"post-3212","1":"product","2":"type-product","3":"status-publish","4":"has-post-thumbnail","6":"product_cat-flood-lighting","8":"first","9":"instock","10":"downloadable","11":"virtual","12":"product-type-simple","13":"entry","14":"content-bg","15":"loop-entry"},"acf":[],"_links":{"self":[{"href":"https:\/\/ledrhythm.com\/it\/wp-json\/wp\/v2\/product\/3212","targetHints":{"allow":["GET"]}}],"collection":[{"href":"https:\/\/ledrhythm.com\/it\/wp-json\/wp\/v2\/product"}],"about":[{"href":"https:\/\/ledrhythm.com\/it\/wp-json\/wp\/v2\/types\/product"}],"wp:featuredmedia":[{"embeddable":true,"href":"https:\/\/ledrhythm.com\/it\/wp-json\/wp\/v2\/media\/6919"}],"wp:attachment":[{"href":"https:\/\/ledrhythm.com\/it\/wp-json\/wp\/v2\/media?parent=3212"}],"wp:term":[{"taxonomy":"product_brand","embeddable":true,"href":"https:\/\/ledrhythm.com\/it\/wp-json\/wp\/v2\/product_brand?post=3212"},{"taxonomy":"product_cat","embeddable":true,"href":"https:\/\/ledrhythm.com\/it\/wp-json\/wp\/v2\/product_cat?post=3212"},{"taxonomy":"product_tag","embeddable":true,"href":"https:\/\/ledrhythm.com\/it\/wp-json\/wp\/v2\/product_tag?post=3212"}],"curies":[{"name":"wp","href":"https:\/\/api.w.org\/{rel}","templated":true}]}}