{"id":8574,"date":"2025-10-14T08:04:27","date_gmt":"2025-10-14T08:04:27","guid":{"rendered":"https:\/\/ledrhythm.com\/?page_id=8574"},"modified":"2025-10-15T05:12:11","modified_gmt":"2025-10-15T05:12:11","slug":"warranty","status":"publish","type":"page","link":"https:\/\/ledrhythm.com\/it\/warranty","title":{"rendered":"Garanzia"},"content":{"rendered":"<div data-elementor-type=\"wp-page\" data-elementor-id=\"8574\" class=\"elementor elementor-8574\" data-elementor-post-type=\"page\">\n\t\t\t\t<div class=\"elementor-element elementor-element-02f366b e-flex e-con-boxed e-con e-parent\" data-id=\"02f366b\" data-element_type=\"container\" data-e-type=\"container\">\n\t\t\t\t\t<div class=\"e-con-inner\">\n\t\t\t\t<div class=\"elementor-element elementor-element-c1b21c1 elementor-widget elementor-widget-heading\" data-id=\"c1b21c1\" data-element_type=\"widget\" data-e-type=\"widget\" data-widget_type=\"heading.default\">\n\t\t\t\t\t<h1 class=\"elementor-heading-title elementor-size-default\">GARANZIA PER GLI APPARECCHI DI ILLUMINAZIONE LEDRHYTHM\u00ae LED<\/h1>\t\t\t\t<\/div>\n\t\t\t\t<div class=\"elementor-element elementor-element-5e99f6d elementor-widget elementor-widget-heading\" data-id=\"5e99f6d\" data-element_type=\"widget\" data-e-type=\"widget\" data-widget_type=\"heading.default\">\n\t\t\t\t\t<h2 class=\"elementor-heading-title elementor-size-default\">Ambito di applicazione della garanzia<\/h2>\t\t\t\t<\/div>\n\t\t\t\t<div class=\"elementor-element elementor-element-2dcadbc elementor-widget elementor-widget-text-editor\" data-id=\"2dcadbc\" data-element_type=\"widget\" data-e-type=\"widget\" data-widget_type=\"text-editor.default\">\n\t\t\t\t\t\t\t\t\t<p>La presente garanzia limitata si applica a tutti i prodotti di illuminazione a LED fabbricati e forniti dalla nostra azienda. La garanzia copre i difetti di materiale e di lavorazione in condizioni normali e appropriate di installazione, uso e manutenzione. La garanzia prevede la riparazione o la sostituzione dei prodotti che si rivelino difettosi o affetti da vizi di produzione a insindacabile giudizio del fornitore.<\/p>\t\t\t\t\t\t\t\t<\/div>\n\t\t\t\t<div class=\"elementor-element elementor-element-9c88afd elementor-widget elementor-widget-heading\" data-id=\"9c88afd\" data-element_type=\"widget\" data-e-type=\"widget\" data-widget_type=\"heading.default\">\n\t\t\t\t\t<h2 class=\"elementor-heading-title elementor-size-default\">Periodo di garanzia<\/h2>\t\t\t\t<\/div>\n\t\t\t\t<div class=\"elementor-element elementor-element-7583589 elementor-widget elementor-widget-text-editor\" data-id=\"7583589\" data-element_type=\"widget\" data-e-type=\"widget\" data-widget_type=\"text-editor.default\">\n\t\t\t\t\t\t\t\t\t<p>Fatte salve le disposizioni contenute nei Termini e condizioni di garanzia e come indicato di seguito, l'Acquirente riceve una garanzia standard di 5 anni. Un periodo di garanzia pi\u00f9 lungo \u00e8 opzionale (alcuni prodotti speciali sono offerti con un periodo di garanzia diverso. L'Acquirente dovr\u00e0 contattare il venditore). Il periodo di garanzia decorre dalla data di consegna. Qualsiasi periodo di garanzia speciale deve essere indicato nel contratto di vendita.<\/p>\t\t\t\t\t\t\t\t<\/div>\n\t\t\t\t<div class=\"elementor-element elementor-element-92da95a elementor-widget elementor-widget-heading\" data-id=\"92da95a\" data-element_type=\"widget\" data-e-type=\"widget\" data-widget_type=\"heading.default\">\n\t\t\t\t\t<h2 class=\"elementor-heading-title elementor-size-default\">Copertura della garanzia<\/h2>\t\t\t\t<\/div>\n\t\t\t\t<div class=\"elementor-element elementor-element-e4b3ce0 elementor-widget elementor-widget-text-editor\" data-id=\"e4b3ce0\" data-element_type=\"widget\" data-e-type=\"widget\" data-widget_type=\"text-editor.default\">\n\t\t\t\t\t\t\t\t\t<p>Durante il periodo di garanzia, la garanzia copre i seguenti componenti e funzioni:<\/p><ul><li>Driver LED e moduli di potenza<\/li><li>Chip LED e moduli di sorgenti luminose<\/li><li>Lente ottica, diffusore e componenti antiriflesso<\/li><li>Alloggiamento, struttura di tenuta e integrit\u00e0 impermeabile<\/li><li>Prestazioni elettriche che includono protezione dalle sovratensioni, sicurezza dell'isolamento e uscita stabile<\/li><\/ul>\t\t\t\t\t\t\t\t<\/div>\n\t\t\t\t<div class=\"elementor-element elementor-element-c5ce9cb elementor-widget elementor-widget-heading\" data-id=\"c5ce9cb\" data-element_type=\"widget\" data-e-type=\"widget\" data-widget_type=\"heading.default\">\n\t\t\t\t\t<h2 class=\"elementor-heading-title elementor-size-default\">Esclusioni di garanzia<\/h2>\t\t\t\t<\/div>\n\t\t\t\t<div class=\"elementor-element elementor-element-11e4bf6 elementor-widget elementor-widget-text-editor\" data-id=\"11e4bf6\" data-element_type=\"widget\" data-e-type=\"widget\" data-widget_type=\"text-editor.default\">\n\t\t\t\t\t\t\t\t\t<p>La presente garanzia non si applica a guasti o danni causati da. Se il danno \u00e8 causato dai seguenti fattori, LEDRHYTHM ha il diritto di addebitare i costi di manutenzione:<\/p><ul><li>Il prodotto \u00e8 fuori dalla data di validit\u00e0 della garanzia.\u00a0<\/li><li>Installazione, cablaggio o uso improprio di sistemi di controllo incompatibili, oppure riparazione dei prodotti in modo inadeguato.\u00a0<\/li><li>Modifiche, smontaggio o utilizzo di parti di ricambio non originali non autorizzati.<\/li><li>Corrosione o danni causati dall'esposizione a sostanze chimiche o da ambienti speciali, senza previa dichiarazione.<\/li><li>I danni dovuti a cause di forza maggiore, quali guerre, sommosse, sabotaggi, cicloni, terremoti, maremoti, inondazioni, fulmini, esplosioni, incendi, alluvioni, ecc.<\/li><\/ul>\t\t\t\t\t\t\t\t<\/div>\n\t\t\t\t<div class=\"elementor-element elementor-element-1d2d4b3 elementor-widget elementor-widget-heading\" data-id=\"1d2d4b3\" data-element_type=\"widget\" data-e-type=\"widget\" data-widget_type=\"heading.default\">\n\t\t\t\t\t<h2 class=\"elementor-heading-title elementor-size-default\">Responsabilit\u00e0 del cliente<\/h2>\t\t\t\t<\/div>\n\t\t\t\t<div class=\"elementor-element elementor-element-dae8cad elementor-widget elementor-widget-text-editor\" data-id=\"dae8cad\" data-element_type=\"widget\" data-e-type=\"widget\" data-widget_type=\"text-editor.default\">\n\t\t\t\t\t\t\t\t\t<p>Per mantenere la validit\u00e0 della garanzia, il cliente dovr\u00e0:<\/p><ul><li>Assicurarsi che l'installazione segua le linee guida ufficiali per l'installazione e gli standard elettrici.<\/li><li>Conservare i documenti di acquisto originali (fattura\/prova di consegna).<\/li><li>Fornire informazioni accurate sui guasti durante una richiesta di risarcimento, compresi modello, quantit\u00e0, numero di lotto e prove visive.<\/li><\/ul>\t\t\t\t\t\t\t\t<\/div>\n\t\t\t\t<div class=\"elementor-element elementor-element-1db4e3c elementor-widget elementor-widget-heading\" data-id=\"1db4e3c\" data-element_type=\"widget\" data-e-type=\"widget\" data-widget_type=\"heading.default\">\n\t\t\t\t\t<h2 class=\"elementor-heading-title elementor-size-default\">Procedura di richiesta di garanzia<\/h2>\t\t\t\t<\/div>\n\t\t\t\t<div class=\"elementor-element elementor-element-2f4c623 elementor-widget elementor-widget-text-editor\" data-id=\"2f4c623\" data-element_type=\"widget\" data-e-type=\"widget\" data-widget_type=\"text-editor.default\">\n\t\t\t\t\t\t\t\t\t<ol><li>Il cliente presenta la richiesta di garanzia con la documentazione richiesta<\/li><li>Il reparto tecnico valuta il guasto entro un tempo di risposta ragionevole<\/li><li>Le parti di ricambio o l'attrezzatura saranno fornite in base ai risultati della valutazione.<\/li><li>Il produttore pu\u00f2 richiedere la restituzione degli articoli difettosi per l'analisi.<\/li><\/ol>\t\t\t\t\t\t\t\t<\/div>\n\t\t\t\t<div class=\"elementor-element elementor-element-99beaf5 elementor-widget elementor-widget-heading\" data-id=\"99beaf5\" data-element_type=\"widget\" data-e-type=\"widget\" data-widget_type=\"heading.default\">\n\t\t\t\t\t<h2 class=\"elementor-heading-title elementor-size-default\">Termini di sostituzione e riparazione<\/h2>\t\t\t\t<\/div>\n\t\t\t\t<div class=\"elementor-element elementor-element-d32d5a3 elementor-widget elementor-widget-text-editor\" data-id=\"d32d5a3\" data-element_type=\"widget\" data-e-type=\"widget\" data-widget_type=\"text-editor.default\">\n\t\t\t\t\t\t\t\t\t<ul><li>I componenti o gli apparecchi sostitutivi saranno forniti gratuitamente durante il periodo di garanzia.<\/li><li>Le sostituzioni possono essere equivalenti dal punto di vista funzionale, ma non necessariamente identiche nell'aspetto a causa dell'iterazione del prodotto.<\/li><li>La garanzia non copre il costo della manodopera, dell'assistenza in loco o delle apparecchiature esterne, se non diversamente concordato.<\/li><\/ul><p>Il produttore non sar\u00e0 ritenuto responsabile per ritardi o limitazioni del servizio causati da fattori esterni incontrollabili. Per progetti di ingegneria speciali possono essere applicati termini di garanzia personalizzati. Per installazioni su larga scala o progetti governativi\/commerciali, su richiesta possono essere fornite opzioni di garanzia estesa e pacchetti di pezzi di ricambio, in base alle condizioni commerciali.<\/p>\t\t\t\t\t\t\t\t<\/div>\n\t\t\t\t\t<\/div>\n\t\t\t\t<\/div>\n\t\t\t\t<\/div>","protected":false},"excerpt":{"rendered":"<p>GARANZIA PER LE FASCE DI ILLUMINAZIONE A LED LEDRHYTHM\u00ae Ambito di applicazione della garanzia La presente garanzia limitata si applica a tutti i prodotti di illuminazione a LED fabbricati e forniti dalla nostra azienda. La garanzia copre i difetti di materiale e di lavorazione in condizioni normali e appropriate di installazione, uso e manutenzione. La garanzia prevede la riparazione o la sostituzione dei prodotti che si dimostrano difettosi...<\/p>","protected":false},"author":1,"featured_media":0,"parent":0,"menu_order":0,"comment_status":"closed","ping_status":"closed","template":"elementor_header_footer","meta":{"_acf_changed":false,"_kadence_starter_templates_imported_post":false,"_kad_post_transparent":"","_kad_post_title":"hide","_kad_post_layout":"fullwidth","_kad_post_sidebar_id":"","_kad_post_content_style":"unboxed","_kad_post_vertical_padding":"hide","_kad_post_feature":"hide","_kad_post_feature_position":"","_kad_post_header":false,"_kad_post_footer":false,"footnotes":""},"class_list":["post-8574","page","type-page","status-publish","hentry"],"acf":[],"_links":{"self":[{"href":"https:\/\/ledrhythm.com\/it\/wp-json\/wp\/v2\/pages\/8574","targetHints":{"allow":["GET"]}}],"collection":[{"href":"https:\/\/ledrhythm.com\/it\/wp-json\/wp\/v2\/pages"}],"about":[{"href":"https:\/\/ledrhythm.com\/it\/wp-json\/wp\/v2\/types\/page"}],"author":[{"embeddable":true,"href":"https:\/\/ledrhythm.com\/it\/wp-json\/wp\/v2\/users\/1"}],"replies":[{"embeddable":true,"href":"https:\/\/ledrhythm.com\/it\/wp-json\/wp\/v2\/comments?post=8574"}],"version-history":[{"count":7,"href":"https:\/\/ledrhythm.com\/it\/wp-json\/wp\/v2\/pages\/8574\/revisions"}],"predecessor-version":[{"id":8626,"href":"https:\/\/ledrhythm.com\/it\/wp-json\/wp\/v2\/pages\/8574\/revisions\/8626"}],"wp:attachment":[{"href":"https:\/\/ledrhythm.com\/it\/wp-json\/wp\/v2\/media?parent=8574"}],"curies":[{"name":"wp","href":"https:\/\/api.w.org\/{rel}","templated":true}]}}