{"id":4061,"date":"2025-03-31T08:22:45","date_gmt":"2025-03-31T08:22:45","guid":{"rendered":"https:\/\/ledrhythm.com\/?page_id=4061"},"modified":"2025-10-15T02:10:13","modified_gmt":"2025-10-15T02:10:13","slug":"technology-process","status":"publish","type":"page","link":"https:\/\/ledrhythm.com\/it\/technology-process","title":{"rendered":"Processo tecnologico"},"content":{"rendered":"<div data-elementor-type=\"wp-page\" data-elementor-id=\"4061\" class=\"elementor elementor-4061\" data-elementor-post-type=\"page\">\n\t\t\t\t<div class=\"elementor-element elementor-element-f53d35f e-flex e-con-boxed e-con e-parent\" data-id=\"f53d35f\" data-element_type=\"container\" data-e-type=\"container\" data-settings=\"{&quot;background_background&quot;:&quot;classic&quot;}\">\n\t\t\t\t\t<div class=\"e-con-inner\">\n\t\t<div class=\"elementor-element elementor-element-8688750 e-con-full e-flex e-con e-child\" data-id=\"8688750\" data-element_type=\"container\" data-e-type=\"container\">\n\t\t\t\t<div class=\"elementor-element elementor-element-51bf443 elementor-widget elementor-widget-heading\" data-id=\"51bf443\" data-element_type=\"widget\" data-e-type=\"widget\" data-widget_type=\"heading.default\">\n\t\t\t\t\t<h1 class=\"elementor-heading-title elementor-size-default\">Processo tecnologico<\/h1>\t\t\t\t<\/div>\n\t\t\t\t<div class=\"elementor-element elementor-element-bcf2be0 elementor-widget__width-initial elementor-widget elementor-widget-text-editor\" data-id=\"bcf2be0\" data-element_type=\"widget\" data-e-type=\"widget\" data-widget_type=\"text-editor.default\">\n\t\t\t\t\t\t\t\t\t<p>L'illuminazione LED di LEDRHYTHM \u00e8 un prodotto unico di marca \"Made in China\" con un processo tecnologico completo. Ogni singolo apparecchio della nostra gamma di prodotti \u00e8 originale LEDRHYTHM. Progettato e disegnato dai nostri ingegneri, prodotto con strumenti propri e approvato per la qualit\u00e0 100%.<\/p>\t\t\t\t\t\t\t\t<\/div>\n\t\t\t\t<\/div>\n\t\t\t\t\t<\/div>\n\t\t\t\t<\/div>\n\t\t<div class=\"elementor-element elementor-element-0edf82b e-flex e-con-boxed e-con e-parent\" data-id=\"0edf82b\" data-element_type=\"container\" data-e-type=\"container\">\n\t\t\t\t\t<div class=\"e-con-inner\">\n\t\t\t\t<div class=\"elementor-element elementor-element-44ecb5f elementor-widget elementor-widget-text-editor\" data-id=\"44ecb5f\" data-element_type=\"widget\" data-e-type=\"widget\" data-widget_type=\"text-editor.default\">\n\t\t\t\t\t\t\t\t\t<p>Dalla progettazione all'assemblaggio finale, eseguiamo tutte le fasi di progettazione, collaudo e produzione delle luci LED nel nostro stabilimento di SuZhou. Questa filosofia globale ci permette di controllare tutti i processi, il che \u00e8 estremamente importante per l'alta qualit\u00e0 dei nostri prodotti. Inoltre, ci permette di reagire con prontezza e flessibilit\u00e0 alle esigenze dei clienti e ai cambiamenti del mercato.<\/p>\t\t\t\t\t\t\t\t<\/div>\n\t\t\t\t<div class=\"elementor-element elementor-element-ad687ce elementor-widget elementor-widget-heading\" data-id=\"ad687ce\" data-element_type=\"widget\" data-e-type=\"widget\" data-widget_type=\"heading.default\">\n\t\t\t\t\t<h2 class=\"elementor-heading-title elementor-size-default\">RICERCA E SVILUPPO<\/h2>\t\t\t\t<\/div>\n\t\t\t\t<div class=\"elementor-element elementor-element-aaec16b elementor-widget elementor-widget-text-editor\" data-id=\"aaec16b\" data-element_type=\"widget\" data-e-type=\"widget\" data-widget_type=\"text-editor.default\">\n\t\t\t\t\t\t\t\t\t<p>I nostri ingegneri utilizzano sistemi CAD avanzati per progettare nuovi apparecchi e per ottimizzare e modificare i prodotti attuali in base alle esigenze individuali dei clienti. Nel processo, beneficiamo della nostra esperienza e del nostro know-how di oltre 11 anni nel campo dell'illuminazione e della collaborazione con esperti specialisti dei materiali.\u00a0<\/p><p>Grazie a programmi di simulazione termica, siamo in grado di ottenere una gestione termica perfetta per ogni apparecchio di illuminazione.<\/p><p>Grazie al reparto di attrezzaggio interno, alla produzione di campioni tramite stampa 3D e a tutti i reparti di produzione, i nostri ingegneri sono in grado di esaminare immediatamente la fattibilit\u00e0 delle loro idee e l'idoneit\u00e0 dell'attrezzatura per lo scopo previsto.<\/p><p><img fetchpriority=\"high\" decoding=\"async\" class=\"alignnone size-full wp-image-4080\" src=\"https:\/\/ledrhythm.com\/wp-content\/uploads\/2025\/03\/622858c9bdf7b.png\" alt=\"\" width=\"1200\" height=\"600\" srcset=\"https:\/\/ledrhythm.com\/wp-content\/uploads\/2025\/03\/622858c9bdf7b.png 1200w, https:\/\/ledrhythm.com\/wp-content\/uploads\/2025\/03\/622858c9bdf7b-300x150.png 300w, https:\/\/ledrhythm.com\/wp-content\/uploads\/2025\/03\/622858c9bdf7b-1024x512.png 1024w, https:\/\/ledrhythm.com\/wp-content\/uploads\/2025\/03\/622858c9bdf7b-768x384.png 768w, https:\/\/ledrhythm.com\/wp-content\/uploads\/2025\/03\/622858c9bdf7b-700x350.png 700w\" sizes=\"(max-width: 1200px) 100vw, 1200px\" \/><\/p>\t\t\t\t\t\t\t\t<\/div>\n\t\t\t\t<div class=\"elementor-element elementor-element-83291b0 elementor-widget elementor-widget-heading\" data-id=\"83291b0\" data-element_type=\"widget\" data-e-type=\"widget\" data-widget_type=\"heading.default\">\n\t\t\t\t\t<h2 class=\"elementor-heading-title elementor-size-default\">LABORATORI DI RICERCA E SVILUPPO<\/h2>\t\t\t\t<\/div>\n\t\t\t\t<div class=\"elementor-element elementor-element-b96bb94 elementor-widget elementor-widget-text-editor\" data-id=\"b96bb94\" data-element_type=\"widget\" data-e-type=\"widget\" data-widget_type=\"text-editor.default\">\n\t\t\t\t\t\t\t\t\t<p>Le nostre luci LED, cos\u00ec come i componenti e i materiali, sono testati nel nostro centro di laboratorio, riconosciuto da VDE.<\/p><p>Oltre alle misure fotometriche degli apparecchi sul nostro robot LMT Metrogon, alle misure del flusso luminoso e alla rappresentazione grafica in diagrammi polari, gli apparecchi sono testati per le interferenze emesse e la resistenza alle interferenze secondo la direttiva EMC 2004\/108EG e le regole di compatibilit\u00e0 elettromagnetica.<\/p><p>Le camere a polvere e ad acqua sono utilizzate per verificare il grado di protezione IP degli apparecchi di illuminazione, compresi i test di tenuta sott'acqua. Le misurazioni termiche per verificare la temperatura ambiente massima ammissibile, i test a bassa temperatura e i test di invecchiamento del materiale eseguiti in camere climatiche, in particolare per gli apparecchi di illuminazione con protezione antideflagrante, completano il programma di test per LEDRHYTHM.<\/p><p><img decoding=\"async\" class=\"alignnone size-full wp-image-4081\" src=\"https:\/\/ledrhythm.com\/wp-content\/uploads\/2025\/03\/625d2b0a6363e.jpg\" alt=\"\" width=\"1200\" height=\"600\" srcset=\"https:\/\/ledrhythm.com\/wp-content\/uploads\/2025\/03\/625d2b0a6363e.jpg 1200w, https:\/\/ledrhythm.com\/wp-content\/uploads\/2025\/03\/625d2b0a6363e-300x150.jpg 300w, https:\/\/ledrhythm.com\/wp-content\/uploads\/2025\/03\/625d2b0a6363e-1024x512.jpg 1024w, https:\/\/ledrhythm.com\/wp-content\/uploads\/2025\/03\/625d2b0a6363e-768x384.jpg 768w, https:\/\/ledrhythm.com\/wp-content\/uploads\/2025\/03\/625d2b0a6363e-700x350.jpg 700w\" sizes=\"(max-width: 1200px) 100vw, 1200px\" \/><\/p>\t\t\t\t\t\t\t\t<\/div>\n\t\t\t\t<div class=\"elementor-element elementor-element-6cc90b5 elementor-widget elementor-widget-heading\" data-id=\"6cc90b5\" data-element_type=\"widget\" data-e-type=\"widget\" data-widget_type=\"heading.default\">\n\t\t\t\t\t<h2 class=\"elementor-heading-title elementor-size-default\">UTENSILI E PRODUZIONE MECCANICA<\/h2>\t\t\t\t<\/div>\n\t\t\t\t<div class=\"elementor-element elementor-element-dd67ab5 elementor-widget elementor-widget-text-editor\" data-id=\"dd67ab5\" data-element_type=\"widget\" data-e-type=\"widget\" data-widget_type=\"text-editor.default\">\n\t\t\t\t\t\t\t\t\t<p>Un'elevata integrazione verticale \u00e8 una delle nostre caratteristiche principali. La punzonatura, il taglio, la piegatura e la saldatura di parti metalliche vengono eseguiti sui pi\u00f9 moderni centri di lavoro e robot di saldatura. Si ottengono cos\u00ec alloggiamenti, riflettori, accessori di montaggio in lamiera d'acciaio, alluminio e acciaio inox in diverse forme, dimensioni e specifiche.<\/p><p>Gli utensili necessari per la punzonatura, il taglio e la piegatura sono prodotti e mantenuti nell'officina interna. Questo ci garantisce flessibilit\u00e0 e indipendenza e ci permette di reagire con prontezza e flessibilit\u00e0 alle esigenze dei clienti.<\/p><p><img decoding=\"async\" class=\"alignnone size-full wp-image-4082\" src=\"https:\/\/ledrhythm.com\/wp-content\/uploads\/2025\/03\/622c47dc14e22.png\" alt=\"\" width=\"1200\" height=\"600\" srcset=\"https:\/\/ledrhythm.com\/wp-content\/uploads\/2025\/03\/622c47dc14e22.png 1200w, https:\/\/ledrhythm.com\/wp-content\/uploads\/2025\/03\/622c47dc14e22-300x150.png 300w, https:\/\/ledrhythm.com\/wp-content\/uploads\/2025\/03\/622c47dc14e22-1024x512.png 1024w, https:\/\/ledrhythm.com\/wp-content\/uploads\/2025\/03\/622c47dc14e22-768x384.png 768w, https:\/\/ledrhythm.com\/wp-content\/uploads\/2025\/03\/622c47dc14e22-700x350.png 700w\" sizes=\"(max-width: 1200px) 100vw, 1200px\" \/><\/p>\t\t\t\t\t\t\t\t<\/div>\n\t\t\t\t<div class=\"elementor-element elementor-element-14967f0 elementor-widget elementor-widget-heading\" data-id=\"14967f0\" data-element_type=\"widget\" data-e-type=\"widget\" data-widget_type=\"heading.default\">\n\t\t\t\t\t<h2 class=\"elementor-heading-title elementor-size-default\">PRESSE PER STAMPAGGIO POLIESTERE E IMPIANTI DI SCHIUMATURA<\/h2>\t\t\t\t<\/div>\n\t\t\t\t<div class=\"elementor-element elementor-element-a2fcfbb elementor-widget elementor-widget-text-editor\" data-id=\"a2fcfbb\" data-element_type=\"widget\" data-e-type=\"widget\" data-widget_type=\"text-editor.default\">\n\t\t\t\t\t\t\t\t\t<p>Tutti gli alloggiamenti e i riflettori dei nostri corpi illuminanti in poliestere rinforzato con fibra di vetro sono prodotti su presse di stampaggio interne. Grazie a decenni di esperienza, conosciamo perfettamente l'interazione ottimale tra temperatura, pressione, tempo di pressatura e materiale per produrre alloggiamenti per corpi illuminanti altamente resistenti.<\/p><p>Dopo un adeguato stoccaggio, queste custodie e la maggior parte delle custodie in alluminio pressofuso vengono fornite con guarnizioni in poliuretano espanso o silicone in sistemi di erogazione completamente automatizzati. Le impostazioni individuali di erogazione e schiumatura consentono di montare perfettamente le guarnizioni per ogni custodia e coperchio.<\/p><p><img loading=\"lazy\" decoding=\"async\" class=\"alignnone size-full wp-image-4084\" src=\"https:\/\/ledrhythm.com\/wp-content\/uploads\/2025\/03\/622c48e4d2f3e.png\" alt=\"\" width=\"1200\" height=\"410\" srcset=\"https:\/\/ledrhythm.com\/wp-content\/uploads\/2025\/03\/622c48e4d2f3e.png 1200w, https:\/\/ledrhythm.com\/wp-content\/uploads\/2025\/03\/622c48e4d2f3e-300x103.png 300w, https:\/\/ledrhythm.com\/wp-content\/uploads\/2025\/03\/622c48e4d2f3e-1024x350.png 1024w, https:\/\/ledrhythm.com\/wp-content\/uploads\/2025\/03\/622c48e4d2f3e-768x262.png 768w, https:\/\/ledrhythm.com\/wp-content\/uploads\/2025\/03\/622c48e4d2f3e-700x239.png 700w\" sizes=\"(max-width: 1200px) 100vw, 1200px\" \/><\/p>\t\t\t\t\t\t\t\t<\/div>\n\t\t\t\t<div class=\"elementor-element elementor-element-7a63fbe elementor-widget elementor-widget-heading\" data-id=\"7a63fbe\" data-element_type=\"widget\" data-e-type=\"widget\" data-widget_type=\"heading.default\">\n\t\t\t\t\t<h2 class=\"elementor-heading-title elementor-size-default\">VERNICIATURA A POLVERE E A UMIDO<\/h2>\t\t\t\t<\/div>\n\t\t\t\t<div class=\"elementor-element elementor-element-b61799e elementor-widget elementor-widget-text-editor\" data-id=\"b61799e\" data-element_type=\"widget\" data-e-type=\"widget\" data-widget_type=\"text-editor.default\">\n\t\t\t\t\t\t\t\t\t<p>Tutti i nostri alloggiamenti in metallo e pressofusione, cos\u00ec come i riflettori e le altre parti metalliche, sono verniciati a polvere nel nostro modernissimo impianto di verniciatura a polvere completamente automatizzato, efficiente dal punto di vista energetico ed ecologico. \u00c8 possibile scegliere tra tutti i colori RAL o DB, a seconda delle preferenze del cliente.<\/p><p>Per la verniciatura a polvere di piccoli lotti, soprattutto in colori speciali, l'impianto offre anche una cabina manuale.<\/p><p>Gli alloggiamenti in poliestere nelle aree esterne sono esposti a forti sollecitazioni dovute ai raggi UV e agli agenti atmosferici. Nel corso del tempo, questo pu\u00f2 portare all'erosione della superficie dell'alloggiamento, con conseguenze antiestetiche per l'aspetto visivo. Per questo motivo, offriamo i nostri corpi illuminanti in poliestere per esterni con un rivestimento protettivo contro i raggi UV (su richiesta), che viene applicato in una cabina di verniciatura a umido separata.<\/p><p><img loading=\"lazy\" decoding=\"async\" class=\"alignnone size-full wp-image-4083\" src=\"https:\/\/ledrhythm.com\/wp-content\/uploads\/2025\/03\/622c4899a9633.png\" alt=\"\" width=\"1200\" height=\"600\" srcset=\"https:\/\/ledrhythm.com\/wp-content\/uploads\/2025\/03\/622c4899a9633.png 1200w, https:\/\/ledrhythm.com\/wp-content\/uploads\/2025\/03\/622c4899a9633-300x150.png 300w, https:\/\/ledrhythm.com\/wp-content\/uploads\/2025\/03\/622c4899a9633-1024x512.png 1024w, https:\/\/ledrhythm.com\/wp-content\/uploads\/2025\/03\/622c4899a9633-768x384.png 768w, https:\/\/ledrhythm.com\/wp-content\/uploads\/2025\/03\/622c4899a9633-700x350.png 700w\" sizes=\"(max-width: 1200px) 100vw, 1200px\" \/><\/p>\t\t\t\t\t\t\t\t<\/div>\n\t\t\t\t<div class=\"elementor-element elementor-element-55fc57a elementor-widget elementor-widget-heading\" data-id=\"55fc57a\" data-element_type=\"widget\" data-e-type=\"widget\" data-widget_type=\"heading.default\">\n\t\t\t\t\t<h2 class=\"elementor-heading-title elementor-size-default\">ASSEMBLAGGIO FINALE E TEST<\/h2>\t\t\t\t<\/div>\n\t\t\t\t<div class=\"elementor-element elementor-element-7eb24ab elementor-widget elementor-widget-text-editor\" data-id=\"7eb24ab\" data-element_type=\"widget\" data-e-type=\"widget\" data-widget_type=\"text-editor.default\">\n\t\t\t\t\t\t\t\t\t<p>L'accurato assemblaggio manuale delle luci LED, la combinazione dei componenti meccanici, elettronici e ottici al prodotto finale, viene eseguito in diversi reparti di assemblaggio. Infine, ogni singolo apparecchio viene sottoposto a specifici test funzionali, prima di essere imballato per la consegna.\u00a0<\/p><p>Il controllo continuo della qualit\u00e0, gli audit interni e la formazione dei nostri dipendenti in tutte le fasi della produzione garantiscono un elevato standard qualitativo per tutti i nostri prodotti.\u00a0<\/p><p><img loading=\"lazy\" decoding=\"async\" class=\"alignnone size-full wp-image-4085\" src=\"https:\/\/ledrhythm.com\/wp-content\/uploads\/2025\/03\/622858ee6f4bd.png\" alt=\"\" width=\"1200\" height=\"600\" srcset=\"https:\/\/ledrhythm.com\/wp-content\/uploads\/2025\/03\/622858ee6f4bd.png 1200w, https:\/\/ledrhythm.com\/wp-content\/uploads\/2025\/03\/622858ee6f4bd-300x150.png 300w, https:\/\/ledrhythm.com\/wp-content\/uploads\/2025\/03\/622858ee6f4bd-1024x512.png 1024w, https:\/\/ledrhythm.com\/wp-content\/uploads\/2025\/03\/622858ee6f4bd-768x384.png 768w, https:\/\/ledrhythm.com\/wp-content\/uploads\/2025\/03\/622858ee6f4bd-700x350.png 700w\" sizes=\"(max-width: 1200px) 100vw, 1200px\" \/><\/p>\t\t\t\t\t\t\t\t<\/div>\n\t\t\t\t\t<\/div>\n\t\t\t\t<\/div>\n\t\t\t\t<\/div>","protected":false},"excerpt":{"rendered":"<p>Processo tecnologico L'illuminazione LEDRHYTHM \u00e8 un prodotto unico a marchio \"Made in China\" con un processo tecnologico completo. Ogni singolo apparecchio della nostra gamma di prodotti \u00e8 originale LEDRHYTHM. Disegnato e progettato dai nostri ingegneri, prodotto con strumenti propri e approvato per la qualit\u00e0 100%. Dalla progettazione all'assemblaggio finale, eseguiamo tutti i...<\/p>","protected":false},"author":1,"featured_media":0,"parent":0,"menu_order":0,"comment_status":"closed","ping_status":"closed","template":"","meta":{"_acf_changed":false,"_kadence_starter_templates_imported_post":false,"_kad_post_transparent":"","_kad_post_title":"hide","_kad_post_layout":"fullwidth","_kad_post_sidebar_id":"","_kad_post_content_style":"unboxed","_kad_post_vertical_padding":"hide","_kad_post_feature":"hide","_kad_post_feature_position":"","_kad_post_header":false,"_kad_post_footer":false,"footnotes":""},"class_list":["post-4061","page","type-page","status-publish","hentry"],"acf":[],"_links":{"self":[{"href":"https:\/\/ledrhythm.com\/it\/wp-json\/wp\/v2\/pages\/4061","targetHints":{"allow":["GET"]}}],"collection":[{"href":"https:\/\/ledrhythm.com\/it\/wp-json\/wp\/v2\/pages"}],"about":[{"href":"https:\/\/ledrhythm.com\/it\/wp-json\/wp\/v2\/types\/page"}],"author":[{"embeddable":true,"href":"https:\/\/ledrhythm.com\/it\/wp-json\/wp\/v2\/users\/1"}],"replies":[{"embeddable":true,"href":"https:\/\/ledrhythm.com\/it\/wp-json\/wp\/v2\/comments?post=4061"}],"version-history":[{"count":43,"href":"https:\/\/ledrhythm.com\/it\/wp-json\/wp\/v2\/pages\/4061\/revisions"}],"predecessor-version":[{"id":8597,"href":"https:\/\/ledrhythm.com\/it\/wp-json\/wp\/v2\/pages\/4061\/revisions\/8597"}],"wp:attachment":[{"href":"https:\/\/ledrhythm.com\/it\/wp-json\/wp\/v2\/media?parent=4061"}],"curies":[{"name":"wp","href":"https:\/\/api.w.org\/{rel}","templated":true}]}}