{"id":4052,"date":"2025-03-31T08:18:42","date_gmt":"2025-03-31T08:18:42","guid":{"rendered":"https:\/\/ledrhythm.com\/?page_id=4052"},"modified":"2025-10-14T07:04:30","modified_gmt":"2025-10-14T07:04:30","slug":"certificate","status":"publish","type":"page","link":"https:\/\/ledrhythm.com\/it\/certificate","title":{"rendered":"Certificazioni"},"content":{"rendered":"<div data-elementor-type=\"wp-page\" data-elementor-id=\"4052\" class=\"elementor elementor-4052\" data-elementor-post-type=\"page\">\n\t\t\t\t<div class=\"elementor-element elementor-element-7098755 e-flex e-con-boxed e-con e-parent\" data-id=\"7098755\" data-element_type=\"container\" data-e-type=\"container\">\n\t\t\t\t\t<div class=\"e-con-inner\">\n\t\t\t\t<div class=\"elementor-element elementor-element-0df69bb elementor-widget elementor-widget-heading\" data-id=\"0df69bb\" data-element_type=\"widget\" data-e-type=\"widget\" data-widget_type=\"heading.default\">\n\t\t\t\t\t<h1 class=\"elementor-heading-title elementor-size-default\">Certificazioni<\/h1>\t\t\t\t<\/div>\n\t\t\t\t<div class=\"elementor-element elementor-element-d3bf7cd elementor-widget elementor-widget-text-editor\" data-id=\"d3bf7cd\" data-element_type=\"widget\" data-e-type=\"widget\" data-widget_type=\"text-editor.default\">\n\t\t\t\t\t\t\t\t\t<p>LEDRHYTHM \u00e8 un produttore di illuminazione LED certificato ISO 9001:2015. Ci\u00f2 significa che i nostri processi di produzione, il controllo della qualit\u00e0, la gestione della catena di fornitura, la tracciabilit\u00e0 della qualit\u00e0 e il miglioramento continuo soddisfano tutti gli standard internazionali, garantendo la coerenza e la tracciabilit\u00e0 di ogni lotto di prodotti.<\/p><p>Per quanto riguarda i prodotti, le nostre serie di illuminazione a LED dispongono di diverse certificazioni e standard di prova internazionali. Come CE\/RoHS, CB\/IEC, UL\/DLC, ENEC\/TUV e SAA.<\/p><p>Queste certificazioni non sono solo un prerequisito per l'ingresso nel mercato, ma anche una garanzia di qualit\u00e0 e di supporto tecnico per i nostri partner. Vi illustreremo i mercati e gli standard tecnici applicabili a queste certificazioni. Potete anche <a href=\"https:\/\/ledrhythm.com\/it\/guestbook\/\" target=\"_blank\" rel=\"noopener\">contattateci<\/a> per visualizzare i dettagli della certificazione di qualsiasi prodotto LED.<\/p>\t\t\t\t\t\t\t\t<\/div>\n\t\t<div class=\"elementor-element elementor-element-c67c6cd e-grid e-con-full e-con e-child\" data-id=\"c67c6cd\" data-element_type=\"container\" data-e-type=\"container\">\n\t\t\t\t<div class=\"elementor-element elementor-element-2c940ff elementor-position-top elementor-widget elementor-widget-image-box\" data-id=\"2c940ff\" data-element_type=\"widget\" data-e-type=\"widget\" data-widget_type=\"image-box.default\">\n\t\t\t\t\t<div class=\"elementor-image-box-wrapper\"><figure class=\"elementor-image-box-img\"><img decoding=\"async\" width=\"200\" height=\"200\" src=\"https:\/\/ledrhythm.com\/wp-content\/uploads\/2025\/10\/ce.png\" class=\"attachment-full size-full wp-image-8523\" alt=\"\" srcset=\"https:\/\/ledrhythm.com\/wp-content\/uploads\/2025\/10\/ce.png 200w, https:\/\/ledrhythm.com\/wp-content\/uploads\/2025\/10\/ce-150x150.png 150w, https:\/\/ledrhythm.com\/wp-content\/uploads\/2025\/10\/ce-12x12.png 12w, https:\/\/ledrhythm.com\/wp-content\/uploads\/2025\/10\/ce-100x100.png 100w\" sizes=\"(max-width: 200px) 100vw, 200px\" \/><\/figure><div class=\"elementor-image-box-content\"><p class=\"elementor-image-box-description\">CE, acronimo di Conformit\u00e9 Europ\u00e9enne, indica che un prodotto \u00e8 conforme ai requisiti di sicurezza, compatibilit\u00e0 elettromagnetica (EMC), salute e ambiente dell'UE. Ci\u00f2 consente al prodotto di essere venduto e installato legalmente nel mercato dell'UE. Inoltre, certifica che il prodotto \u00e8 conforme agli standard di sicurezza elettrica e di compatibilit\u00e0 elettromagnetica.<\/p><\/div><\/div>\t\t\t\t<\/div>\n\t\t\t\t<div class=\"elementor-element elementor-element-67cc23c elementor-position-top elementor-widget elementor-widget-image-box\" data-id=\"67cc23c\" data-element_type=\"widget\" data-e-type=\"widget\" data-widget_type=\"image-box.default\">\n\t\t\t\t\t<div class=\"elementor-image-box-wrapper\"><figure class=\"elementor-image-box-img\"><img decoding=\"async\" width=\"200\" height=\"200\" src=\"https:\/\/ledrhythm.com\/wp-content\/uploads\/2025\/10\/cb.png\" class=\"attachment-full size-full wp-image-8522\" alt=\"\" srcset=\"https:\/\/ledrhythm.com\/wp-content\/uploads\/2025\/10\/cb.png 200w, https:\/\/ledrhythm.com\/wp-content\/uploads\/2025\/10\/cb-150x150.png 150w, https:\/\/ledrhythm.com\/wp-content\/uploads\/2025\/10\/cb-12x12.png 12w, https:\/\/ledrhythm.com\/wp-content\/uploads\/2025\/10\/cb-100x100.png 100w\" sizes=\"(max-width: 200px) 100vw, 200px\" \/><\/figure><div class=\"elementor-image-box-content\"><p class=\"elementor-image-box-description\">Lo Schema degli Organismi di Certificazione (CB) ha origine dalla \"Commissione Europea per le Prove di Conformit\u00e0 del Materiale Elettrico\" (CEE), che si \u00e8 fusa con la IEC nel 1985. Si tratta di un accordo multilaterale per consentire la certificazione internazionale dei prodotti elettrici ed elettronici, in modo che un'unica certificazione consenta l'accesso al mercato mondiale.<\/p><\/div><\/div>\t\t\t\t<\/div>\n\t\t\t\t<div class=\"elementor-element elementor-element-04f2705 elementor-position-top elementor-widget elementor-widget-image-box\" data-id=\"04f2705\" data-element_type=\"widget\" data-e-type=\"widget\" data-widget_type=\"image-box.default\">\n\t\t\t\t\t<div class=\"elementor-image-box-wrapper\"><figure class=\"elementor-image-box-img\"><img decoding=\"async\" width=\"200\" height=\"200\" src=\"https:\/\/ledrhythm.com\/wp-content\/uploads\/2025\/10\/rohs.png\" class=\"attachment-full size-full wp-image-8527\" alt=\"\" srcset=\"https:\/\/ledrhythm.com\/wp-content\/uploads\/2025\/10\/rohs.png 200w, https:\/\/ledrhythm.com\/wp-content\/uploads\/2025\/10\/rohs-150x150.png 150w, https:\/\/ledrhythm.com\/wp-content\/uploads\/2025\/10\/rohs-12x12.png 12w, https:\/\/ledrhythm.com\/wp-content\/uploads\/2025\/10\/rohs-100x100.png 100w\" sizes=\"(max-width: 200px) 100vw, 200px\" \/><\/figure><div class=\"elementor-image-box-content\"><p class=\"elementor-image-box-description\">RoHS \u00e8 l'acronimo di Restriction of Hazardous Substances (Restrizione delle sostanze pericolose) e riguarda principalmente il rilevamento e la limitazione di sei sostanze tossiche nei prodotti elettrici ed elettronici: piombo, mercurio, cadmio, cromo esavalente, PBB e PBDE. Ci\u00f2 garantisce che questi prodotti siano innocui per l'uomo e non rilascino gas chimici nocivi.<\/p><\/div><\/div>\t\t\t\t<\/div>\n\t\t\t\t<div class=\"elementor-element elementor-element-dd53b6f elementor-position-top elementor-widget elementor-widget-image-box\" data-id=\"dd53b6f\" data-element_type=\"widget\" data-e-type=\"widget\" data-widget_type=\"image-box.default\">\n\t\t\t\t\t<div class=\"elementor-image-box-wrapper\"><figure class=\"elementor-image-box-img\"><img loading=\"lazy\" decoding=\"async\" width=\"200\" height=\"200\" src=\"https:\/\/ledrhythm.com\/wp-content\/uploads\/2025\/10\/ul.png\" class=\"attachment-full size-full wp-image-8529\" alt=\"\" srcset=\"https:\/\/ledrhythm.com\/wp-content\/uploads\/2025\/10\/ul.png 200w, https:\/\/ledrhythm.com\/wp-content\/uploads\/2025\/10\/ul-150x150.png 150w, https:\/\/ledrhythm.com\/wp-content\/uploads\/2025\/10\/ul-12x12.png 12w, https:\/\/ledrhythm.com\/wp-content\/uploads\/2025\/10\/ul-100x100.png 100w\" sizes=\"(max-width: 200px) 100vw, 200px\" \/><\/figure><div class=\"elementor-image-box-content\"><p class=\"elementor-image-box-description\">UL (Underwriters Laboratories) \u00e8 l'organizzazione di certificazione della sicurezza pi\u00f9 autorevole del Nord America. Per i prodotti di illuminazione a LED, la certificazione UL significa che soddisfano gli standard di sicurezza elettrica statunitensi e canadesi e sono sicuri per l'installazione in strutture commerciali, industriali e sportive. I prodotti privi di certificazione UL non superano le ispezioni ingegneristiche.<\/p><\/div><\/div>\t\t\t\t<\/div>\n\t\t\t\t<div class=\"elementor-element elementor-element-479a1b5 elementor-position-top elementor-widget elementor-widget-image-box\" data-id=\"479a1b5\" data-element_type=\"widget\" data-e-type=\"widget\" data-widget_type=\"image-box.default\">\n\t\t\t\t\t<div class=\"elementor-image-box-wrapper\"><figure class=\"elementor-image-box-img\"><img loading=\"lazy\" decoding=\"async\" width=\"200\" height=\"200\" src=\"https:\/\/ledrhythm.com\/wp-content\/uploads\/2025\/10\/dlc-premium.png\" class=\"attachment-full size-full wp-image-8524\" alt=\"\" srcset=\"https:\/\/ledrhythm.com\/wp-content\/uploads\/2025\/10\/dlc-premium.png 200w, https:\/\/ledrhythm.com\/wp-content\/uploads\/2025\/10\/dlc-premium-150x150.png 150w, https:\/\/ledrhythm.com\/wp-content\/uploads\/2025\/10\/dlc-premium-12x12.png 12w, https:\/\/ledrhythm.com\/wp-content\/uploads\/2025\/10\/dlc-premium-100x100.png 100w\" sizes=\"(max-width: 200px) 100vw, 200px\" \/><\/figure><div class=\"elementor-image-box-content\"><p class=\"elementor-image-box-description\">DLC (DesignLights Consortium) \u00e8 un'organizzazione di terze parti del Nord America specializzata in prodotti di illuminazione a LED. Offre due livelli di certificazione: DLC Standard e DLC Premium. Premium \u00e8 il livello pi\u00f9 alto, con requisiti pi\u00f9 severi, tra cui una maggiore efficienza luminosa e un minore decadimento del flusso luminoso.<\/p><\/div><\/div>\t\t\t\t<\/div>\n\t\t\t\t<div class=\"elementor-element elementor-element-1f32c48 elementor-position-top elementor-widget elementor-widget-image-box\" data-id=\"1f32c48\" data-element_type=\"widget\" data-e-type=\"widget\" data-widget_type=\"image-box.default\">\n\t\t\t\t\t<div class=\"elementor-image-box-wrapper\"><figure class=\"elementor-image-box-img\"><img loading=\"lazy\" decoding=\"async\" width=\"200\" height=\"200\" src=\"https:\/\/ledrhythm.com\/wp-content\/uploads\/2025\/10\/saa.png\" class=\"attachment-full size-full wp-image-8528\" alt=\"\" srcset=\"https:\/\/ledrhythm.com\/wp-content\/uploads\/2025\/10\/saa.png 200w, https:\/\/ledrhythm.com\/wp-content\/uploads\/2025\/10\/saa-150x150.png 150w, https:\/\/ledrhythm.com\/wp-content\/uploads\/2025\/10\/saa-12x12.png 12w, https:\/\/ledrhythm.com\/wp-content\/uploads\/2025\/10\/saa-100x100.png 100w\" sizes=\"(max-width: 200px) 100vw, 200px\" \/><\/figure><div class=\"elementor-image-box-content\"><p class=\"elementor-image-box-description\">SAA \u00e8 il marchio di certificazione di Standards Australia \/ Standards New Zealand ed \u00e8 un'approvazione di sicurezza obbligatoria per entrare nei mercati australiano e neozelandese. Senza SAA, i prodotti non possono essere venduti legalmente in Australia\/Nuova Zelanda.<\/p><\/div><\/div>\t\t\t\t<\/div>\n\t\t\t\t<div class=\"elementor-element elementor-element-a077b32 elementor-position-top elementor-widget elementor-widget-image-box\" data-id=\"a077b32\" data-element_type=\"widget\" data-e-type=\"widget\" data-widget_type=\"image-box.default\">\n\t\t\t\t\t<div class=\"elementor-image-box-wrapper\"><figure class=\"elementor-image-box-img\"><img loading=\"lazy\" decoding=\"async\" width=\"200\" height=\"200\" src=\"https:\/\/ledrhythm.com\/wp-content\/uploads\/2025\/10\/etl.png\" class=\"attachment-full size-full wp-image-8526\" alt=\"\" srcset=\"https:\/\/ledrhythm.com\/wp-content\/uploads\/2025\/10\/etl.png 200w, https:\/\/ledrhythm.com\/wp-content\/uploads\/2025\/10\/etl-150x150.png 150w, https:\/\/ledrhythm.com\/wp-content\/uploads\/2025\/10\/etl-12x12.png 12w, https:\/\/ledrhythm.com\/wp-content\/uploads\/2025\/10\/etl-100x100.png 100w\" sizes=\"(max-width: 200px) 100vw, 200px\" \/><\/figure><div class=\"elementor-image-box-content\"><p class=\"elementor-image-box-description\">ETL \u00e8 un marchio di certificazione rilasciato da Intertek Laboratories. Come UL, appartiene al sistema dei laboratori nazionali riconosciuti dall'OSHA (NRTL) e ha lo stesso effetto legale di UL nel mercato nordamericano. I prodotti ETL possono essere installati e utilizzati legalmente anche nei mercati statunitense e canadese.<\/p><\/div><\/div>\t\t\t\t<\/div>\n\t\t\t\t<div class=\"elementor-element elementor-element-c26eaa8 elementor-position-top elementor-widget elementor-widget-image-box\" data-id=\"c26eaa8\" data-element_type=\"widget\" data-e-type=\"widget\" data-widget_type=\"image-box.default\">\n\t\t\t\t\t<div class=\"elementor-image-box-wrapper\"><figure class=\"elementor-image-box-img\"><img loading=\"lazy\" decoding=\"async\" width=\"200\" height=\"200\" src=\"https:\/\/ledrhythm.com\/wp-content\/uploads\/2025\/10\/enec.png\" class=\"attachment-full size-full wp-image-8525\" alt=\"\" srcset=\"https:\/\/ledrhythm.com\/wp-content\/uploads\/2025\/10\/enec.png 200w, https:\/\/ledrhythm.com\/wp-content\/uploads\/2025\/10\/enec-150x150.png 150w, https:\/\/ledrhythm.com\/wp-content\/uploads\/2025\/10\/enec-12x12.png 12w, https:\/\/ledrhythm.com\/wp-content\/uploads\/2025\/10\/enec-100x100.png 100w\" sizes=\"(max-width: 200px) 100vw, 200px\" \/><\/figure><div class=\"elementor-image-box-content\"><p class=\"elementor-image-box-description\">ENEC (European Norms Electrical Certification) \u00e8 una certificazione di sicurezza dell'UE per l'illuminazione di alto livello. \u00c8 pi\u00f9 severa della CE e viene utilizzata in particolare per l'illuminazione pubblica, gli stadi sportivi e i progetti di appalto pubblico. Ha requisiti pi\u00f9 severi per la sicurezza elettrica e la sicurezza fotobiologica.<\/p><\/div><\/div>\t\t\t\t<\/div>\n\t\t\t\t<div class=\"elementor-element elementor-element-1d886c7 elementor-position-top elementor-widget elementor-widget-image-box\" data-id=\"1d886c7\" data-element_type=\"widget\" data-e-type=\"widget\" data-widget_type=\"image-box.default\">\n\t\t\t\t\t<div class=\"elementor-image-box-wrapper\"><figure class=\"elementor-image-box-img\"><img loading=\"lazy\" decoding=\"async\" width=\"200\" height=\"200\" src=\"https:\/\/ledrhythm.com\/wp-content\/uploads\/2025\/10\/gs.png\" class=\"attachment-full size-full wp-image-8530\" alt=\"\" srcset=\"https:\/\/ledrhythm.com\/wp-content\/uploads\/2025\/10\/gs.png 200w, https:\/\/ledrhythm.com\/wp-content\/uploads\/2025\/10\/gs-150x150.png 150w, https:\/\/ledrhythm.com\/wp-content\/uploads\/2025\/10\/gs-12x12.png 12w, https:\/\/ledrhythm.com\/wp-content\/uploads\/2025\/10\/gs-100x100.png 100w\" sizes=\"(max-width: 200px) 100vw, 200px\" \/><\/figure><div class=\"elementor-image-box-content\"><p class=\"elementor-image-box-description\">Il marchio GS (Gepr\u00fcfte Sicherheit), rilasciato da un'agenzia autorizzata tedesca, combina gli standard di sicurezza europei e tedeschi. \u00c8 particolarmente autorevole nei mercati di lingua tedesca (Germania, Austria, Svizzera). Pur non essendo obbligatorio, il marchio GS \u00e8 ampiamente accettato in tutto il mondo.<\/p><\/div><\/div>\t\t\t\t<\/div>\n\t\t\t\t<\/div>\n\t\t\t\t\t<\/div>\n\t\t\t\t<\/div>\n\t\t\t\t<\/div>","protected":false},"excerpt":{"rendered":"<p>Certificazioni LEDRHYTHM \u00e8 un produttore di illuminazione LED certificato ISO 9001:2015. Ci\u00f2 significa che i nostri processi di produzione, il controllo della qualit\u00e0, la gestione della catena di fornitura, il monitoraggio della qualit\u00e0 e il miglioramento continuo sono tutti conformi agli standard internazionali, garantendo la coerenza e la tracciabilit\u00e0 di ogni lotto di prodotti. Per quanto riguarda i prodotti, le nostre serie di illuminazione a LED sono dotate di diverse certificazioni internazionali e standard di prova. Come CE\/RoHS, CB\/IEC,...<\/p>","protected":false},"author":1,"featured_media":0,"parent":0,"menu_order":0,"comment_status":"closed","ping_status":"closed","template":"","meta":{"_acf_changed":false,"_kadence_starter_templates_imported_post":false,"_kad_post_transparent":"","_kad_post_title":"hide","_kad_post_layout":"fullwidth","_kad_post_sidebar_id":"","_kad_post_content_style":"unboxed","_kad_post_vertical_padding":"hide","_kad_post_feature":"hide","_kad_post_feature_position":"","_kad_post_header":false,"_kad_post_footer":false,"footnotes":""},"class_list":["post-4052","page","type-page","status-publish","hentry"],"acf":[],"_links":{"self":[{"href":"https:\/\/ledrhythm.com\/it\/wp-json\/wp\/v2\/pages\/4052","targetHints":{"allow":["GET"]}}],"collection":[{"href":"https:\/\/ledrhythm.com\/it\/wp-json\/wp\/v2\/pages"}],"about":[{"href":"https:\/\/ledrhythm.com\/it\/wp-json\/wp\/v2\/types\/page"}],"author":[{"embeddable":true,"href":"https:\/\/ledrhythm.com\/it\/wp-json\/wp\/v2\/users\/1"}],"replies":[{"embeddable":true,"href":"https:\/\/ledrhythm.com\/it\/wp-json\/wp\/v2\/comments?post=4052"}],"version-history":[{"count":101,"href":"https:\/\/ledrhythm.com\/it\/wp-json\/wp\/v2\/pages\/4052\/revisions"}],"predecessor-version":[{"id":8573,"href":"https:\/\/ledrhythm.com\/it\/wp-json\/wp\/v2\/pages\/4052\/revisions\/8573"}],"wp:attachment":[{"href":"https:\/\/ledrhythm.com\/it\/wp-json\/wp\/v2\/media?parent=4052"}],"curies":[{"name":"wp","href":"https:\/\/api.w.org\/{rel}","templated":true}]}}