{"id":8502,"date":"2025-10-13T06:33:39","date_gmt":"2025-10-13T06:33:39","guid":{"rendered":"https:\/\/ledrhythm.com\/?post_type=product&#038;p=8502"},"modified":"2026-03-23T07:12:06","modified_gmt":"2026-03-23T07:12:06","slug":"industrial-tunnel-led-flood-light","status":"publish","type":"product","link":"https:\/\/ledrhythm.com\/fr\/product\/industrial-tunnel-led-flood-light","title":{"rendered":"Tunnel professionnel d'\u00e9clairage industriel \u00e0 LED"},"content":{"rendered":"","protected":false},"excerpt":{"rendered":"<p>Le projecteur \u00e0 LED est sp\u00e9cialement con\u00e7u pour diff\u00e9rents tunnels. IP66, emp\u00eachant l'humidit\u00e9 et la poussi\u00e8re, le corps du projecteur est construit en aluminium extrud\u00e9 hautement thermoconducteur, assurant une dissipation efficace de la chaleur et des performances stables. Il offre trois angles de rayonnement et des lentilles en PC et en verre en option. L'optique asym\u00e9trique est utilis\u00e9e pour contr\u00f4ler pr\u00e9cis\u00e9ment la direction de la projection lumineuse, r\u00e9duisant efficacement l'\u00e9blouissement et am\u00e9liorant le confort visuel et la s\u00e9curit\u00e9. Il convient pour <a href=\"https:\/\/ledrhythm.com\/fr\/led-tunnel-lights\/\" target=\"_blank\" rel=\"noopener\">\u00e9clairage des tunnels<\/a> de diff\u00e9rentes tailles, y compris les m\u00e9tros, les routes et l'industrie, r\u00e9pondant \u00e0 un large \u00e9ventail de besoins, des r\u00e9novations visant \u00e0 \u00e9conomiser l'\u00e9nergie aux nouvelles installations.<\/p>\n<h4>Caract\u00e9ristiques du produit<\/h4>\n<ul>\n<li>Puissance : 25W, 40W, 50W, 70W, 100W, 150W<\/li>\n<li>Angle du faisceau : TYPE\u2162, TYPE\u2163, Asym\u00e9trique 50\u00b0.<\/li>\n<li>IP66 et protection contre les surtensions de 10KV<\/li>\n<li>Technologie de gradation 0-10V<\/li>\n<\/ul>","protected":false},"featured_media":8503,"template":"","meta":{"_acf_changed":false,"_kadence_starter_templates_imported_post":false,"_kad_post_transparent":"default","_kad_post_title":"","_kad_post_layout":"default","_kad_post_sidebar_id":"","_kad_post_content_style":"default","_kad_post_vertical_padding":"default","_kad_post_feature":"","_kad_post_feature_position":"","_kad_post_header":false,"_kad_post_footer":false},"product_brand":[],"product_cat":[42],"product_tag":[],"class_list":{"0":"post-8502","1":"product","2":"type-product","3":"status-publish","4":"has-post-thumbnail","6":"product_cat-flood-lighting","8":"first","9":"instock","10":"shipping-taxable","11":"product-type-simple","12":"entry","13":"content-bg","14":"loop-entry"},"acf":[],"_links":{"self":[{"href":"https:\/\/ledrhythm.com\/fr\/wp-json\/wp\/v2\/product\/8502","targetHints":{"allow":["GET"]}}],"collection":[{"href":"https:\/\/ledrhythm.com\/fr\/wp-json\/wp\/v2\/product"}],"about":[{"href":"https:\/\/ledrhythm.com\/fr\/wp-json\/wp\/v2\/types\/product"}],"wp:featuredmedia":[{"embeddable":true,"href":"https:\/\/ledrhythm.com\/fr\/wp-json\/wp\/v2\/media\/8503"}],"wp:attachment":[{"href":"https:\/\/ledrhythm.com\/fr\/wp-json\/wp\/v2\/media?parent=8502"}],"wp:term":[{"taxonomy":"product_brand","embeddable":true,"href":"https:\/\/ledrhythm.com\/fr\/wp-json\/wp\/v2\/product_brand?post=8502"},{"taxonomy":"product_cat","embeddable":true,"href":"https:\/\/ledrhythm.com\/fr\/wp-json\/wp\/v2\/product_cat?post=8502"},{"taxonomy":"product_tag","embeddable":true,"href":"https:\/\/ledrhythm.com\/fr\/wp-json\/wp\/v2\/product_tag?post=8502"}],"curies":[{"name":"wp","href":"https:\/\/api.w.org\/{rel}","templated":true}]}}