{"id":8486,"date":"2025-10-13T02:26:15","date_gmt":"2025-10-13T02:26:15","guid":{"rendered":"https:\/\/ledrhythm.com\/?post_type=product&#038;p=8486"},"modified":"2026-03-23T07:13:30","modified_gmt":"2026-03-23T07:13:30","slug":"led-module-flood-light-for-high-mast-lighting","status":"publish","type":"product","link":"https:\/\/ledrhythm.com\/fr\/product\/led-module-flood-light-for-high-mast-lighting","title":{"rendered":"Projecteur industriel \u00e0 LED pour l'\u00e9clairage des m\u00e2ts de grande hauteur"},"content":{"rendered":"","protected":false},"excerpt":{"rendered":"<p>Il s'agit de l'un de nos excellents projecteurs industriels modulaires \u00e0 LED. Il est g\u00e9n\u00e9ralement mont\u00e9 sur un poteau ou un b\u00e2timent de grande hauteur. Nous proposons deux conceptions diff\u00e9rentes et deux options de pilote, toutes deux dot\u00e9es d'une structure robuste et d'une excellente dissipation de la chaleur. Il prend en charge huit angles de faisceau et un r\u00e9glage flexible du support, garantissant une distribution pr\u00e9cise de la lumi\u00e8re et une couverture uniforme. Con\u00e7ue pour fonctionner de mani\u00e8re fiable dans des conditions ext\u00e9rieures difficiles, elle est \u00e9tanche, r\u00e9sistante \u00e0 la corrosion et aux chocs. Elle est largement utilis\u00e9e dans les domaines suivants <a href=\"https:\/\/ledrhythm.com\/fr\/port-lighting\/\" target=\"_blank\" rel=\"noopener\">\u00e9clairage des ports<\/a>terrains de sport et <a href=\"https:\/\/ledrhythm.com\/fr\/led-public-lighting\/\" target=\"_blank\" rel=\"noopener\">l'\u00e9clairage public<\/a>.<\/p>\n<h4>Caract\u00e9ristiques du produit<\/h4>\n<ul>\n<li>120W, 240W, 360W, 480W<\/li>\n<li>Huit angles de faisceau sym\u00e9triques et asym\u00e9triques en option<\/li>\n<li>Indice de protection IP66 et IK10<\/li>\n<li>Large gamme de tensions d'entr\u00e9e<\/li>\n<li>Variable de 0 \u00e0 10 V<\/li>\n<\/ul>","protected":false},"featured_media":8487,"template":"","meta":{"_acf_changed":false,"_kadence_starter_templates_imported_post":false,"_kad_post_transparent":"default","_kad_post_title":"","_kad_post_layout":"default","_kad_post_sidebar_id":"","_kad_post_content_style":"default","_kad_post_vertical_padding":"default","_kad_post_feature":"","_kad_post_feature_position":"","_kad_post_header":false,"_kad_post_footer":false},"product_brand":[],"product_cat":[42],"product_tag":[],"class_list":{"0":"post-8486","1":"product","2":"type-product","3":"status-publish","4":"has-post-thumbnail","6":"product_cat-flood-lighting","8":"first","9":"instock","10":"shipping-taxable","11":"product-type-simple","12":"entry","13":"content-bg","14":"loop-entry"},"acf":[],"_links":{"self":[{"href":"https:\/\/ledrhythm.com\/fr\/wp-json\/wp\/v2\/product\/8486","targetHints":{"allow":["GET"]}}],"collection":[{"href":"https:\/\/ledrhythm.com\/fr\/wp-json\/wp\/v2\/product"}],"about":[{"href":"https:\/\/ledrhythm.com\/fr\/wp-json\/wp\/v2\/types\/product"}],"wp:featuredmedia":[{"embeddable":true,"href":"https:\/\/ledrhythm.com\/fr\/wp-json\/wp\/v2\/media\/8487"}],"wp:attachment":[{"href":"https:\/\/ledrhythm.com\/fr\/wp-json\/wp\/v2\/media?parent=8486"}],"wp:term":[{"taxonomy":"product_brand","embeddable":true,"href":"https:\/\/ledrhythm.com\/fr\/wp-json\/wp\/v2\/product_brand?post=8486"},{"taxonomy":"product_cat","embeddable":true,"href":"https:\/\/ledrhythm.com\/fr\/wp-json\/wp\/v2\/product_cat?post=8486"},{"taxonomy":"product_tag","embeddable":true,"href":"https:\/\/ledrhythm.com\/fr\/wp-json\/wp\/v2\/product_tag?post=8486"}],"curies":[{"name":"wp","href":"https:\/\/api.w.org\/{rel}","templated":true}]}}