{"id":8455,"date":"2025-10-11T02:07:29","date_gmt":"2025-10-11T02:07:29","guid":{"rendered":"https:\/\/ledrhythm.com\/?post_type=product&#038;p=8455"},"modified":"2025-11-24T01:15:04","modified_gmt":"2025-11-24T01:15:04","slug":"190lmw-ufo-led-high-bay-light","status":"publish","type":"product","link":"https:\/\/ledrhythm.com\/fr\/product\/190lmw-ufo-led-high-bay-light","title":{"rendered":"UFO LED High Bay 190lm\/W pour \u00c9clairage Industriel"},"content":{"rendered":"","protected":false},"excerpt":{"rendered":"<p>L'\u00e9clairage LED UFO high-efficiency high bay permet d'\u00e9conomiser des co\u00fbts d'exploitation significatifs dans les b\u00e2timents de l'entreprise. <a href=\"https:\/\/ledrhythm.com\/fr\/led-industrial-lighting\/\" target=\"_blank\" rel=\"noopener\">\u00e9clairage industriel<\/a> Les LED peuvent \u00eatre utilis\u00e9es dans des applications telles que les entrep\u00f4ts et les usines. Avec une efficacit\u00e9 lumineuse de 190 lm\/W, ils \u00e9conomisent 30%-40% d'\u00e9nergie par rapport \u00e0 d'autres \u00e9clairages LED pour la m\u00eame luminosit\u00e9. Cela signifie qu'il faut moins de luminaires, que les co\u00fbts d'exploitation sont moindres et que la production de chaleur est r\u00e9duite, ce qui prolonge la dur\u00e9e de vie globale.<\/p>\n<p>Le bo\u00eetier en aluminium moul\u00e9 sous pression assure une excellente dissipation de la chaleur, et la s\u00e9lection de puces LED et de pilotes de diff\u00e9rentes marques renomm\u00e9es permet de maintenir une sortie stable m\u00eame en fonctionnement continu. Les lentilles PC offrent trois angles de rayonnement, ce qui permet une couverture flexible pour r\u00e9pondre \u00e0 diff\u00e9rents besoins. Il s'agit d'un excellent choix pour l'\u00e9clairage en hauteur, qui allie haute performance et faible co\u00fbt.<\/p>\n<h4>Caract\u00e9ristiques du produit<\/h4>\n<ul>\n<li>60W, 100W, 150W, 200W<\/li>\n<li>Efficacit\u00e9 lumineuse \u00e9lev\u00e9e 190lm\/W<\/li>\n<li>Niveau de protection IP65 &amp; IK08<\/li>\n<li>Angle de rayonnement 60\u00b0, 90\u00b0, 120\u00b0.<\/li>\n<li>Technologie de gradation 0-10V<\/li>\n<\/ul>","protected":false},"featured_media":8458,"template":"","meta":{"_acf_changed":false,"_kadence_starter_templates_imported_post":false,"_kad_post_transparent":"default","_kad_post_title":"","_kad_post_layout":"default","_kad_post_sidebar_id":"","_kad_post_content_style":"default","_kad_post_vertical_padding":"default","_kad_post_feature":"","_kad_post_feature_position":"","_kad_post_header":false,"_kad_post_footer":false},"product_brand":[],"product_cat":[41],"product_tag":[],"class_list":{"0":"post-8455","1":"product","2":"type-product","3":"status-publish","4":"has-post-thumbnail","6":"product_cat-high-bay-lighting","8":"first","9":"instock","10":"shipping-taxable","11":"product-type-simple","12":"entry","13":"content-bg","14":"loop-entry"},"acf":[],"_links":{"self":[{"href":"https:\/\/ledrhythm.com\/fr\/wp-json\/wp\/v2\/product\/8455","targetHints":{"allow":["GET"]}}],"collection":[{"href":"https:\/\/ledrhythm.com\/fr\/wp-json\/wp\/v2\/product"}],"about":[{"href":"https:\/\/ledrhythm.com\/fr\/wp-json\/wp\/v2\/types\/product"}],"wp:featuredmedia":[{"embeddable":true,"href":"https:\/\/ledrhythm.com\/fr\/wp-json\/wp\/v2\/media\/8458"}],"wp:attachment":[{"href":"https:\/\/ledrhythm.com\/fr\/wp-json\/wp\/v2\/media?parent=8455"}],"wp:term":[{"taxonomy":"product_brand","embeddable":true,"href":"https:\/\/ledrhythm.com\/fr\/wp-json\/wp\/v2\/product_brand?post=8455"},{"taxonomy":"product_cat","embeddable":true,"href":"https:\/\/ledrhythm.com\/fr\/wp-json\/wp\/v2\/product_cat?post=8455"},{"taxonomy":"product_tag","embeddable":true,"href":"https:\/\/ledrhythm.com\/fr\/wp-json\/wp\/v2\/product_tag?post=8455"}],"curies":[{"name":"wp","href":"https:\/\/api.w.org\/{rel}","templated":true}]}}