{"id":7225,"date":"2025-09-08T08:59:51","date_gmt":"2025-09-08T08:59:51","guid":{"rendered":"https:\/\/ledrhythm.com\/?post_type=product&#038;p=7225"},"modified":"2025-11-24T01:08:12","modified_gmt":"2025-11-24T01:08:12","slug":"2-4ft-linear-high-bay-led-light-for-stadium","status":"publish","type":"product","link":"https:\/\/ledrhythm.com\/fr\/product\/2-4ft-linear-high-bay-led-light-for-stadium","title":{"rendered":"2\/4ft Linear High Bay LED Light pour l'\u00e9clairage des sports d'int\u00e9rieur"},"content":{"rendered":"","protected":false},"excerpt":{"rendered":"<p>Ce luminaire lin\u00e9aire \u00e0 LED est disponible en longueurs de 2 pieds et 4 pieds, avec un bo\u00eetier en t\u00f4le tr\u00e8s r\u00e9sistante. Il comporte deux surfaces d'\u00e9mission lumineuse lin\u00e9aires, les angles de faisceau sont s\u00e9lectionnables \u00e0 90\u00b0 et 120\u00b0, offrant une zone de couverture plus large, 20% augmente \"<a href=\"https:\/\/ledrhythm.com\/fr\/product\/4ft-linear-led-high-bay-lights-indoor-industrial\/\" target=\"_blank\" rel=\"noopener\">Oc\u00e9an II<\/a>\". L'abat-jour est un diffuseur en mat\u00e9riau PC, qui r\u00e9siste au vieillissement et \u00e0 la d\u00e9formation tout en offrant une lumi\u00e8re plus douce. Toutes les conceptions sont destin\u00e9es \u00e0 r\u00e9soudre les probl\u00e8mes d'\u00e9clairage irr\u00e9gulier et d'\u00e9blouissement. Avec un indice de rendu des couleurs de 90 ou plus, il est sp\u00e9cialement con\u00e7u pour l'\u00e9clairage des ar\u00e8nes sportives int\u00e9rieures telles que le badminton, le tennis et le basket-ball.<\/p>\n<h4>Caract\u00e9ristiques du produit<\/h4>\n<ul>\n<li>80W,100W,120W,150W,200W,240W<\/li>\n<li>Deux surfaces lumineuses lin\u00e9aires<\/li>\n<li>Uniformit\u00e9 du r\u00e9tro\u00e9clairage &gt;80%<\/li>\n<li>Diffuseur en mat\u00e9riau PC de haute qualit\u00e9<\/li>\n<li><a href=\"https:\/\/ledrhythm.com\/fr\/news\/how-does-0-10v-dimming-work.html\/\" target=\"_blank\" rel=\"noopener\">Variable de 0 \u00e0 10 V<\/a><\/li>\n<\/ul>","protected":false},"featured_media":7227,"template":"","meta":{"_acf_changed":false,"_kadence_starter_templates_imported_post":false,"_kad_post_transparent":"default","_kad_post_title":"","_kad_post_layout":"default","_kad_post_sidebar_id":"","_kad_post_content_style":"default","_kad_post_vertical_padding":"default","_kad_post_feature":"","_kad_post_feature_position":"","_kad_post_header":false,"_kad_post_footer":false},"product_brand":[],"product_cat":[131,41],"product_tag":[],"class_list":{"0":"post-7225","1":"product","2":"type-product","3":"status-publish","4":"has-post-thumbnail","6":"product_cat-linear-lighting","7":"product_cat-high-bay-lighting","9":"first","10":"instock","11":"shipping-taxable","12":"product-type-simple","13":"entry","14":"content-bg","15":"loop-entry"},"acf":[],"_links":{"self":[{"href":"https:\/\/ledrhythm.com\/fr\/wp-json\/wp\/v2\/product\/7225","targetHints":{"allow":["GET"]}}],"collection":[{"href":"https:\/\/ledrhythm.com\/fr\/wp-json\/wp\/v2\/product"}],"about":[{"href":"https:\/\/ledrhythm.com\/fr\/wp-json\/wp\/v2\/types\/product"}],"wp:featuredmedia":[{"embeddable":true,"href":"https:\/\/ledrhythm.com\/fr\/wp-json\/wp\/v2\/media\/7227"}],"wp:attachment":[{"href":"https:\/\/ledrhythm.com\/fr\/wp-json\/wp\/v2\/media?parent=7225"}],"wp:term":[{"taxonomy":"product_brand","embeddable":true,"href":"https:\/\/ledrhythm.com\/fr\/wp-json\/wp\/v2\/product_brand?post=7225"},{"taxonomy":"product_cat","embeddable":true,"href":"https:\/\/ledrhythm.com\/fr\/wp-json\/wp\/v2\/product_cat?post=7225"},{"taxonomy":"product_tag","embeddable":true,"href":"https:\/\/ledrhythm.com\/fr\/wp-json\/wp\/v2\/product_tag?post=7225"}],"curies":[{"name":"wp","href":"https:\/\/api.w.org\/{rel}","templated":true}]}}